{"id":32305,"date":"2023-05-11T13:33:58","date_gmt":"2023-05-11T11:34:00","guid":{"rendered":"https:\/\/shop.heliocos.de\/?post_type=product&#038;p=32305"},"modified":"2023-05-11T13:54:49","modified_gmt":"2023-05-11T11:54:49","slug":"analogo-di-impianto-per-straumann-bone-level-kopie","status":"publish","type":"product","link":"https:\/\/shop.heliocos.de\/it\/prodotto\/blx-it\/analogo-di-impianto-per-straumann-bone-level-kopie\/","title":{"rendered":"Analogo di impianto per Straumann\u00ae \u2013 BLX"},"content":{"rendered":"<p>Analogo di impianto adatto per Straumann\u00ae &#8211; BLX. La codifica a colori di alta qualit\u00e0 consente una facile differenziazione e assegnazione. Ogni analogo da laboratorio \u00e8 lungo 12 mm. Questo ti rende pi\u00f9 facile da usare e non devi accorciare gli analoghi in seguito.<\/p>\n<p>Con un diametro di 3,5 mm (RB) o 4,1 mm (WB), sono facili da usare. Sono realizzati in una lega di titanio.<\/p>\n<p>Approfitta degli interessanti prezzi graduati degli analoghi Heliocos e acquista gli analoghi da laboratorio in confezioni da 10 o 30. In una confezione da 10 l&#8217;analogo da laboratorio costa 9 EUR ciascuno, in una confezione da 30 l&#8217;analogo da laboratorio costa 8 EUR ciascuno.<\/p>\n<p>Riceverai gli analoghi da laboratorio non sterili. \u00c8 inoltre possibile utilizzare gli analoghi di laboratorio per abbinare Straumann\u00ae &#8211; Bone Level per i modelli stampati. Usa le librerie Heliocos per il tuo flusso di lavoro digitale (Download Heliocos).<\/p>\n","protected":false},"excerpt":{"rendered":"<p>Analogo di impianto adatto per Straumann\u00ae &#8211; BLX. La codifica a colori di alta qualit\u00e0 consente una facile differenziazione e assegnazione. Ogni analogo da laboratorio \u00e8 lungo 12 mm. Questo ti rende pi\u00f9 facile da usare e non devi accorciare gli analoghi in seguito. Con un diametro di 3,5 mm (RB) o 4,1 mm (WB), [&hellip;]<\/p>\n","protected":false},"featured_media":32324,"template":"","meta":[],"product_brand":[],"product_cat":[1014],"product_tag":[935,1016,1015],"class_list":{"0":"post-32305","1":"product","2":"type-product","3":"status-publish","4":"has-post-thumbnail","6":"product_cat-blx-it","7":"product_tag-analogo-di-impianto","8":"product_tag-blx-it","9":"product_tag-straumann-it","11":"first","12":"instock","13":"taxable","14":"shipping-taxable","15":"purchasable","16":"product-type-variable","17":"rtwpvg-product"},"_links":{"self":[{"href":"https:\/\/shop.heliocos.de\/it\/wp-json\/wp\/v2\/product\/32305","targetHints":{"allow":["GET"]}}],"collection":[{"href":"https:\/\/shop.heliocos.de\/it\/wp-json\/wp\/v2\/product"}],"about":[{"href":"https:\/\/shop.heliocos.de\/it\/wp-json\/wp\/v2\/types\/product"}],"wp:featuredmedia":[{"embeddable":true,"href":"https:\/\/shop.heliocos.de\/it\/wp-json\/wp\/v2\/media\/32324"}],"wp:attachment":[{"href":"https:\/\/shop.heliocos.de\/it\/wp-json\/wp\/v2\/media?parent=32305"}],"wp:term":[{"taxonomy":"product_brand","embeddable":true,"href":"https:\/\/shop.heliocos.de\/it\/wp-json\/wp\/v2\/product_brand?post=32305"},{"taxonomy":"product_cat","embeddable":true,"href":"https:\/\/shop.heliocos.de\/it\/wp-json\/wp\/v2\/product_cat?post=32305"},{"taxonomy":"product_tag","embeddable":true,"href":"https:\/\/shop.heliocos.de\/it\/wp-json\/wp\/v2\/product_tag?post=32305"}],"curies":[{"name":"wp","href":"https:\/\/api.w.org\/{rel}","templated":true}]}}