{"id":30854,"date":"2021-03-04T09:10:19","date_gmt":"2021-03-04T08:10:19","guid":{"rendered":"https:\/\/shop.heliocos.de\/produkt\/senza-categoria\/moncone-pre-mill-per-mis\/"},"modified":"2021-09-08T12:59:32","modified_gmt":"2021-09-08T10:59:32","slug":"moncone-pre-mill-per-mis","status":"publish","type":"product","link":"https:\/\/shop.heliocos.de\/it\/prodotto\/seven-it\/moncone-pre-mill-per-mis\/","title":{"rendered":"Moncone Pre-Mill per MIS\u00ae"},"content":{"rendered":"<p>Moncone prefresato per impianti MIS\u00ae per la produzione di monconi individuali. Puoi scegliere tra diversi diametri.<\/p>\n<p>Utilizza <a href=\"https:\/\/shop.heliocos.de\/it\/produkt\/seven-it\/corpo-di-scansione-per-mis\/\">il corpo di scansione<\/a> di Heliocos per sfruttare appieno la catena di processo CAD\/CAM.<\/p>\n<p>La parte secondaria \u00e8 in lega di titanio. Ci\u00f2 garantisce un&#8217;eccellente biocompatibilit\u00e0 e un&#8217;elevata resistenza.<\/p>\n<p>Riceverai il moncone Pre-Mill con una vite per moncone definitiva. Anche la vite del moncone \u00e8 realizzata in una lega di titanio. Puoi continuare a utilizzare i tuoi strumenti originali o gli strumenti di Heliocos (<a href=\"https:\/\/shop.heliocos.de\/it\/produkt\/strumenti\/cacciavite-hex\/\">cacciavite Hex<\/a>). Il moncone Pre-Mill e la vite del moncone vengono forniti come set. Preparare le parti prima dell&#8217;uso. Si prega di notare le istruzioni di Heliocos nelle istruzioni per l&#8217;uso (<a href=\"https:\/\/www.heliocos.com\/downloads\">Download Heliocos<\/a>).<\/p>\n<p>I grezzi di fresatura Pre-Mill richiedono librerie CAM specifiche del prodotto. Si prega di verificare se il proprio fornitore CAM fornisce le nostre librerie.<\/p>\n","protected":false},"excerpt":{"rendered":"<p>Moncone prefresato per impianti MIS\u00ae per la produzione di monconi individuali. Puoi scegliere tra diversi diametri. Utilizza il corpo di scansione di Heliocos per sfruttare appieno la catena di processo CAD\/CAM. La parte secondaria \u00e8 in lega di titanio. Ci\u00f2 garantisce un&#8217;eccellente biocompatibilit\u00e0 e un&#8217;elevata resistenza. Riceverai il moncone Pre-Mill con una vite per moncone [&hellip;]<\/p>\n","protected":false},"featured_media":30851,"template":"","meta":[],"product_brand":[],"product_cat":[959],"product_tag":[992],"class_list":{"0":"post-30854","1":"product","2":"type-product","3":"status-publish","4":"has-post-thumbnail","6":"product_cat-seven-it","7":"product_tag-moncone-pre-mill","9":"first","10":"instock","11":"taxable","12":"shipping-taxable","13":"purchasable","14":"product-type-variable","15":"rtwpvg-product"},"_links":{"self":[{"href":"https:\/\/shop.heliocos.de\/it\/wp-json\/wp\/v2\/product\/30854","targetHints":{"allow":["GET"]}}],"collection":[{"href":"https:\/\/shop.heliocos.de\/it\/wp-json\/wp\/v2\/product"}],"about":[{"href":"https:\/\/shop.heliocos.de\/it\/wp-json\/wp\/v2\/types\/product"}],"wp:featuredmedia":[{"embeddable":true,"href":"https:\/\/shop.heliocos.de\/it\/wp-json\/wp\/v2\/media\/30851"}],"wp:attachment":[{"href":"https:\/\/shop.heliocos.de\/it\/wp-json\/wp\/v2\/media?parent=30854"}],"wp:term":[{"taxonomy":"product_brand","embeddable":true,"href":"https:\/\/shop.heliocos.de\/it\/wp-json\/wp\/v2\/product_brand?post=30854"},{"taxonomy":"product_cat","embeddable":true,"href":"https:\/\/shop.heliocos.de\/it\/wp-json\/wp\/v2\/product_cat?post=30854"},{"taxonomy":"product_tag","embeddable":true,"href":"https:\/\/shop.heliocos.de\/it\/wp-json\/wp\/v2\/product_tag?post=30854"}],"curies":[{"name":"wp","href":"https:\/\/api.w.org\/{rel}","templated":true}]}}