{"id":30843,"date":"2021-03-03T16:48:24","date_gmt":"2021-03-03T15:48:24","guid":{"rendered":"https:\/\/shop.heliocos.de\/produkt\/senza-categoria\/moncone-pre-mill-per-conelog\/"},"modified":"2021-03-03T16:48:24","modified_gmt":"2021-03-03T15:48:24","slug":"moncone-pre-mill-per-conelog","status":"publish","type":"product","link":"https:\/\/shop.heliocos.de\/it\/prodotto\/camlog-it\/conelog-it\/moncone-pre-mill-per-conelog\/","title":{"rendered":"Moncone Pre-Mill per Conelog\u00ae"},"content":{"rendered":"<p>Moncone prefresato per impianti Camlog\u00ae -Conelog\u00ae per la produzione di monconi individuali. Puoi scegliere tra diversi diametri.<\/p>\n<p>Utilizza <a href=\"https:\/\/shop.heliocos.de\/it\/produkt\/camlog-it\/conelog-it\/corpo-di-scansione-per-conelog\/\">il corpo di scansione<\/a> di Heliocos per sfruttare appieno la catena di processo CAD\/CAM.<\/p>\n<p>La parte secondaria \u00e8 in lega di titanio. Ci\u00f2 garantisce un&#8217;eccellente biocompatibilit\u00e0 e un&#8217;elevata resistenza.<\/p>\n<p>Riceverai il moncone Pre-Mill con una vite per moncone definitiva. Anche la vite del moncone \u00e8 realizzata in una lega di titanio. Puoi continuare a utilizzare i tuoi strumenti originali o gli strumenti di Heliocos (<a href=\"https:\/\/shop.heliocos.de\/it\/produkt\/strumenti\/cacciavite-hex\/\">cacciavite Hex<\/a>). Il moncone Pre-Mill e la vite del moncone vengono forniti come set. Preparare le parti prima dell&#8217;uso. Si prega di notare le istruzioni di Heliocos nelle istruzioni per l&#8217;uso (<a href=\"https:\/\/www.heliocos.com\/downloads\">Download Heliocos<\/a>).<\/p>\n<p>I grezzi di fresatura Pre-Mill richiedono librerie CAM specifiche del prodotto. Si prega di verificare se il proprio fornitore CAM fornisce le nostre librerie.<\/p>\n","protected":false},"excerpt":{"rendered":"<p>Moncone prefresato per impianti Camlog\u00ae -Conelog\u00ae per la produzione di monconi individuali. Puoi scegliere tra diversi diametri. Utilizza il corpo di scansione di Heliocos per sfruttare appieno la catena di processo CAD\/CAM. La parte secondaria \u00e8 in lega di titanio. Ci\u00f2 garantisce un&#8217;eccellente biocompatibilit\u00e0 e un&#8217;elevata resistenza. Riceverai il moncone Pre-Mill con una vite per [&hellip;]<\/p>\n","protected":false},"featured_media":30845,"template":"","meta":[],"product_brand":[],"product_cat":[710],"product_tag":[992],"class_list":{"0":"post-30843","1":"product","2":"type-product","3":"status-publish","4":"has-post-thumbnail","6":"product_cat-conelog-it","7":"product_tag-moncone-pre-mill","9":"first","10":"instock","11":"taxable","12":"shipping-taxable","13":"purchasable","14":"product-type-variable","15":"rtwpvg-product"},"_links":{"self":[{"href":"https:\/\/shop.heliocos.de\/it\/wp-json\/wp\/v2\/product\/30843","targetHints":{"allow":["GET"]}}],"collection":[{"href":"https:\/\/shop.heliocos.de\/it\/wp-json\/wp\/v2\/product"}],"about":[{"href":"https:\/\/shop.heliocos.de\/it\/wp-json\/wp\/v2\/types\/product"}],"wp:featuredmedia":[{"embeddable":true,"href":"https:\/\/shop.heliocos.de\/it\/wp-json\/wp\/v2\/media\/30845"}],"wp:attachment":[{"href":"https:\/\/shop.heliocos.de\/it\/wp-json\/wp\/v2\/media?parent=30843"}],"wp:term":[{"taxonomy":"product_brand","embeddable":true,"href":"https:\/\/shop.heliocos.de\/it\/wp-json\/wp\/v2\/product_brand?post=30843"},{"taxonomy":"product_cat","embeddable":true,"href":"https:\/\/shop.heliocos.de\/it\/wp-json\/wp\/v2\/product_cat?post=30843"},{"taxonomy":"product_tag","embeddable":true,"href":"https:\/\/shop.heliocos.de\/it\/wp-json\/wp\/v2\/product_tag?post=30843"}],"curies":[{"name":"wp","href":"https:\/\/api.w.org\/{rel}","templated":true}]}}