{"id":30837,"date":"2021-03-03T15:38:47","date_gmt":"2021-03-03T14:38:47","guid":{"rendered":"https:\/\/shop.heliocos.de\/produkt\/senza-categoria\/moncone-pre-mill-per-astra-tech-ev\/"},"modified":"2021-03-03T15:38:47","modified_gmt":"2021-03-03T14:38:47","slug":"moncone-pre-mill-per-astra-tech-ev","status":"publish","type":"product","link":"https:\/\/shop.heliocos.de\/it\/prodotto\/dentsply-it\/astra-tech-ev-it\/moncone-pre-mill-per-astra-tech-ev\/","title":{"rendered":"Moncone Pre-Mill per Astra Tech\u00ae EV\u2122"},"content":{"rendered":"<p>Moncone prefresato per impianti Dentsply\u00ae &#8211; Astra Tech\u00ae EV\u2122 per la produzione di monconi individuali. Puoi scegliere tra diversi diametri.<\/p>\n<p>Utilizza <a href=\"https:\/\/shop.heliocos.de\/it\/produkt\/dentsply-it\/astra-tech-ev-it\/corpo-di-scansione-per-astra-tech-ev\/\">il corpo di scansione<\/a> di Heliocos per sfruttare appieno la catena di processo CAD\/CAM.<\/p>\n<p>La parte secondaria \u00e8 in lega di titanio. Ci\u00f2 garantisce un&#8217;eccellente biocompatibilit\u00e0 e un&#8217;elevata resistenza.<\/p>\n<p>Riceverai il moncone Pre-Mill con una vite per moncone definitiva. Anche la vite del moncone \u00e8 realizzata in una lega di titanio. Puoi continuare a utilizzare i tuoi strumenti originali o gli strumenti di Heliocos (<a href=\"https:\/\/shop.heliocos.de\/it\/produkt\/strumenti\/cacciavite-hex\/\">cacciavite Hex<\/a>). Il moncone Pre-Mill e la vite del moncone vengono forniti come set. Preparare le parti prima dell&#8217;uso. Si prega di notare le istruzioni di Heliocos nelle istruzioni per l&#8217;uso (<a href=\"https:\/\/www.heliocos.com\/downloads\">Download Heliocos<\/a>).<\/p>\n<p>I grezzi di fresatura Pre-Mill richiedono librerie CAM specifiche del prodotto. Si prega di verificare se il proprio fornitore CAM fornisce le nostre librerie.<\/p>\n","protected":false},"excerpt":{"rendered":"<p>Moncone prefresato per impianti Dentsply\u00ae &#8211; Astra Tech\u00ae EV\u2122 per la produzione di monconi individuali. Puoi scegliere tra diversi diametri. Utilizza il corpo di scansione di Heliocos per sfruttare appieno la catena di processo CAD\/CAM. La parte secondaria \u00e8 in lega di titanio. Ci\u00f2 garantisce un&#8217;eccellente biocompatibilit\u00e0 e un&#8217;elevata resistenza. Riceverai il moncone Pre-Mill con [&hellip;]<\/p>\n","protected":false},"featured_media":30839,"template":"","meta":[],"product_brand":[],"product_cat":[719],"product_tag":[992],"class_list":{"0":"post-30837","1":"product","2":"type-product","3":"status-publish","4":"has-post-thumbnail","6":"product_cat-astra-tech-ev-it","7":"product_tag-moncone-pre-mill","9":"first","10":"instock","11":"taxable","12":"shipping-taxable","13":"purchasable","14":"product-type-variable","15":"rtwpvg-product"},"_links":{"self":[{"href":"https:\/\/shop.heliocos.de\/it\/wp-json\/wp\/v2\/product\/30837","targetHints":{"allow":["GET"]}}],"collection":[{"href":"https:\/\/shop.heliocos.de\/it\/wp-json\/wp\/v2\/product"}],"about":[{"href":"https:\/\/shop.heliocos.de\/it\/wp-json\/wp\/v2\/types\/product"}],"wp:featuredmedia":[{"embeddable":true,"href":"https:\/\/shop.heliocos.de\/it\/wp-json\/wp\/v2\/media\/30839"}],"wp:attachment":[{"href":"https:\/\/shop.heliocos.de\/it\/wp-json\/wp\/v2\/media?parent=30837"}],"wp:term":[{"taxonomy":"product_brand","embeddable":true,"href":"https:\/\/shop.heliocos.de\/it\/wp-json\/wp\/v2\/product_brand?post=30837"},{"taxonomy":"product_cat","embeddable":true,"href":"https:\/\/shop.heliocos.de\/it\/wp-json\/wp\/v2\/product_cat?post=30837"},{"taxonomy":"product_tag","embeddable":true,"href":"https:\/\/shop.heliocos.de\/it\/wp-json\/wp\/v2\/product_tag?post=30837"}],"curies":[{"name":"wp","href":"https:\/\/api.w.org\/{rel}","templated":true}]}}