{"id":29734,"date":"2020-08-14T08:58:31","date_gmt":"2020-08-14T06:58:31","guid":{"rendered":"https:\/\/shop.heliocos.de\/produkt\/senza-categoria\/monconi-di-guarigione-multi-unit\/"},"modified":"2022-10-25T14:12:00","modified_gmt":"2022-10-25T12:12:00","slug":"capetta-di-guarigione-moncone-multi-unit","status":"publish","type":"product","link":"https:\/\/shop.heliocos.de\/it\/prodotto\/multi-unit-it\/capetta-di-guarigione-moncone-multi-unit\/","title":{"rendered":"Capetta di guarigione Moncone multi-unit"},"content":{"rendered":"<p>Capetta di guarigione Moncone multi-unit. La capetta di guarigione Moncone multi-unit ha di forma ecilindrica. La capetta di guarigione Moncone multi-unit \u00e8 disponibili con diverse connessioni allo strumento:<\/p>\n<p>Hex 1,01 = cacciavite Ankylos\u00ae<\/p>\n<p>Hex 1,22 = cacciavite Xive\u00ae S<\/p>\n<p>Hex 1,26 = cacciaviti Zimmer\u00ae, Camlog\u00ae, Astra Tech\u00ae<\/p>\n<p>Torx\u00ae T6 = cacciavite Straumann\u00ae<\/p>\n<p>Unigrip = cacciavite Nobel Biocare\u00ae.<\/p>\n<p>La capetta di guarigione Moncone multi-unit \u00e8 realizzate in una lega di titanio. Ci\u00f2 conferisce loro un&#8217;eccellente biocompatibilit\u00e0.<\/p>\n<p>Serrare le parti solo a mano. Se vuoi ancora usare uno strumento, puoi usare gli strumenti originali. Altrimenti, utilizzare semplicemente gli strumenti Heliocos (<a href=\"https:\/\/shop.heliocos.de\/it\/marche%20di%20impianti\/strumenti\/\">strumento di avvitamento<\/a>).<br \/>\nLa capetta di guarigione Moncone multi-unit \u00e8 forniti non sterili. Si prega di notare le istruzioni di Heliocos nelle istruzioni per l&#8217;uso (<a href=\"https:\/\/www.heliocos.com\/downloads\">Download Heliocos<\/a>).<\/p>\n","protected":false},"excerpt":{"rendered":"<p>Capetta di guarigione Moncone multi-unit. La capetta di guarigione Moncone multi-unit ha di forma ecilindrica. La capetta di guarigione Moncone multi-unit \u00e8 disponibili con diverse connessioni allo strumento: Hex 1,01 = cacciavite Ankylos\u00ae Hex 1,22 = cacciavite Xive\u00ae S Hex 1,26 = cacciaviti Zimmer\u00ae, Camlog\u00ae, Astra Tech\u00ae Torx\u00ae T6 = cacciavite Straumann\u00ae Unigrip = cacciavite [&hellip;]<\/p>\n","protected":false},"featured_media":29736,"template":"","meta":[],"product_brand":[],"product_cat":[965],"product_tag":[996,930],"class_list":{"0":"post-29734","1":"product","2":"type-product","3":"status-publish","4":"has-post-thumbnail","6":"product_cat-multi-unit-it","7":"product_tag-capetta-di-guarigione-moncone-multi-unit","8":"product_tag-multi-unit-it","10":"first","11":"instock","12":"taxable","13":"shipping-taxable","14":"purchasable","15":"product-type-variable","16":"rtwpvg-product"},"_links":{"self":[{"href":"https:\/\/shop.heliocos.de\/it\/wp-json\/wp\/v2\/product\/29734","targetHints":{"allow":["GET"]}}],"collection":[{"href":"https:\/\/shop.heliocos.de\/it\/wp-json\/wp\/v2\/product"}],"about":[{"href":"https:\/\/shop.heliocos.de\/it\/wp-json\/wp\/v2\/types\/product"}],"wp:featuredmedia":[{"embeddable":true,"href":"https:\/\/shop.heliocos.de\/it\/wp-json\/wp\/v2\/media\/29736"}],"wp:attachment":[{"href":"https:\/\/shop.heliocos.de\/it\/wp-json\/wp\/v2\/media?parent=29734"}],"wp:term":[{"taxonomy":"product_brand","embeddable":true,"href":"https:\/\/shop.heliocos.de\/it\/wp-json\/wp\/v2\/product_brand?post=29734"},{"taxonomy":"product_cat","embeddable":true,"href":"https:\/\/shop.heliocos.de\/it\/wp-json\/wp\/v2\/product_cat?post=29734"},{"taxonomy":"product_tag","embeddable":true,"href":"https:\/\/shop.heliocos.de\/it\/wp-json\/wp\/v2\/product_tag?post=29734"}],"curies":[{"name":"wp","href":"https:\/\/api.w.org\/{rel}","templated":true}]}}