{"id":29080,"date":"2021-09-25T11:39:59","date_gmt":"2021-05-25T09:39:59","guid":{"rendered":"http:\/\/shop.heliocos.de\/produkt\/senza-categoria\/moncone-heli-loc-per-dentsply-ankylos\/"},"modified":"2021-05-25T11:39:59","modified_gmt":"2021-05-25T09:39:59","slug":"moncone-heli-loc-per-dentsply-ankylos","status":"publish","type":"product","link":"https:\/\/shop.heliocos.de\/it\/prodotto\/dentsply-it\/ankylos-it\/moncone-heli-loc-per-dentsply-ankylos\/","title":{"rendered":"Moncone Heli-Loc per Dentsply\u00ae &#8211; Ankylos\u00ae"},"content":{"rendered":"<p>Moncone Heli-Loc per overdenture rimovibili per Dentsply\u00ae &#8211; Ankylos\u00ae. \u00c8 possibile ripristinare protesi parziali e totali con gli abutment Heli-Loc. Il design dell&#8217;abutment Heli-Loc corrisponde al design del Classic Locator\u00ae e del Kerator\u00ae. Gli abutment Heliocos sono caratterizzati da connessioni implantari ad alta precisione. Ecco perch\u00e9 diamo una garanzia del produttore di 30 anni sugli abutment Heli-Loc.<\/p>\n<p>Gli abutment Heli-Loc hanno un rivestimento in TiN molto duro e biocompatibile, che si \u00e8 gi\u00e0 affermato da molti anni. Il moncone per overdenture \u00e8 realizzato in una lega di titanio, che ha anche un&#8217;eccellente biocompatibilit\u00e0. Il design collaudato consente di utilizzare gli impianti anche con forte angolazione dell&#8217;impianto &#8211; fino a 40\u00b0 &#8211; e con spazio occlusale limitato<\/p>\n<p>Puoi continuare a utilizzare gli elementi di ritenzione Classic Locator\u00ae o Kerator\u00ae. Puoi continuare a utilizzare i tuoi strumenti di inserimento esistenti con connessione triangolare o utilizzare <a href=\"https:\/\/shop.heliocos.de\/it\/produkt\/heli-loc-it\/driver-per-heli-loc\/\">lo strumento di inserimento Heliocos Heli-Loc<\/a>, che \u00e8 molto comodo da usare con i suoi 18 mm di lunghezza. Gli abutment Heli-Loc sono offerti in diverse altezze.<\/p>\n<p>Heliocos offre diversi elementi di ritenzione con forze di estrazione da 0,6 kg a 1,8 kg. \u00c8 possibile scegliere tra elementi ritentivi con o senza perno, in modo da poter compensare angolazioni dell&#8217;impianto fino a 40\u00b0.<\/p>\n<p>Si prega di notare le istruzioni di Heliocos nelle istruzioni per l&#8217;uso (<a href=\"https:\/\/www.heliocos.com\/downloads\">Heliocos Download<\/a>).<\/p>\n","protected":false},"excerpt":{"rendered":"<p>Moncone Heli-Loc per overdenture rimovibili per Dentsply\u00ae &#8211; Ankylos\u00ae. \u00c8 possibile ripristinare protesi parziali e totali con gli abutment Heli-Loc. Il design dell&#8217;abutment Heli-Loc corrisponde al design del Classic Locator\u00ae e del Kerator\u00ae. Gli abutment Heliocos sono caratterizzati da connessioni implantari ad alta precisione. Ecco perch\u00e9 diamo una garanzia del produttore di 30 anni sugli [&hellip;]<\/p>\n","protected":false},"featured_media":30583,"template":"","meta":[],"product_brand":[],"product_cat":[716,836],"product_tag":[938],"class_list":{"0":"post-29080","1":"product","2":"type-product","3":"status-publish","4":"has-post-thumbnail","6":"product_cat-ankylos-it","7":"product_cat-heli-loc-it","8":"product_tag-heli-loc-it","10":"first","11":"instock","12":"taxable","13":"shipping-taxable","14":"purchasable","15":"product-type-variable","16":"rtwpvg-product"},"_links":{"self":[{"href":"https:\/\/shop.heliocos.de\/it\/wp-json\/wp\/v2\/product\/29080","targetHints":{"allow":["GET"]}}],"collection":[{"href":"https:\/\/shop.heliocos.de\/it\/wp-json\/wp\/v2\/product"}],"about":[{"href":"https:\/\/shop.heliocos.de\/it\/wp-json\/wp\/v2\/types\/product"}],"wp:featuredmedia":[{"embeddable":true,"href":"https:\/\/shop.heliocos.de\/it\/wp-json\/wp\/v2\/media\/30583"}],"wp:attachment":[{"href":"https:\/\/shop.heliocos.de\/it\/wp-json\/wp\/v2\/media?parent=29080"}],"wp:term":[{"taxonomy":"product_brand","embeddable":true,"href":"https:\/\/shop.heliocos.de\/it\/wp-json\/wp\/v2\/product_brand?post=29080"},{"taxonomy":"product_cat","embeddable":true,"href":"https:\/\/shop.heliocos.de\/it\/wp-json\/wp\/v2\/product_cat?post=29080"},{"taxonomy":"product_tag","embeddable":true,"href":"https:\/\/shop.heliocos.de\/it\/wp-json\/wp\/v2\/product_tag?post=29080"}],"curies":[{"name":"wp","href":"https:\/\/api.w.org\/{rel}","templated":true}]}}