{"id":28185,"date":"2020-06-30T22:09:51","date_gmt":"2020-06-30T20:09:51","guid":{"rendered":"http:\/\/shop.heliocos.de\/produkt\/senza-categoria\/analogo-di-impianto-per-ankylos\/"},"modified":"2020-06-30T22:09:51","modified_gmt":"2020-06-30T20:09:51","slug":"analogo-di-impianto-per-ankylos","status":"publish","type":"product","link":"https:\/\/shop.heliocos.de\/it\/prodotto\/dentsply-it\/ankylos-it\/analogo-di-impianto-per-ankylos\/","title":{"rendered":"Analogo di impianto per Ankylos\u00ae"},"content":{"rendered":"<p>Analogo di impianto adatto per Dentsply\u00ae &#8211;\u00a0 Ankylos\u00ae. \u00c8 possibile scegliere tra analoghi di impianti con e senza indice. Gli analoghi indicizzati hanno una codifica a colori di alta qualit\u00e0, quindi puoi facilmente distinguerli. Ogni analogo da laboratorio \u00e8 lungo 12 mm, quindi non \u00e8 necessario accorciare l&#8217;analogo da laboratorio in seguito, il che lo rende pi\u00f9 facile da usare.<\/p>\n<p>Tutti gli analoghi da laboratorio sono realizzati in una lega di titanio, anche la variante X \u00e8 codificata a colori.<\/p>\n<p>Approfitta degli interessanti prezzi graduati di Heliocos e acquista gli analoghi da laboratorio in confezioni da 10 o 30, in modo da avere un ottimo rapporto qualit\u00e0-prezzo. In una confezione da 10 l&#8217;analogo da laboratorio costa 9 EUR ciascuno, in una confezione da 30 l&#8217;analogo da laboratorio costa 8 EUR ciascuno.<\/p>\n<p>Riceverai gli analoghi da laboratorio non sterili. \u00c8 inoltre possibile utilizzare gli analoghi da laboratorio per Dentsply\u00ae &#8211; Ankylos\u00ae per i modelli stampati. Usa le librerie Heliocos per il tuo flusso di lavoro digitale (<a href=\"https:\/\/www.heliocos.com\/downloads\">Download Heliocos<\/a>).<\/p>\n","protected":false},"excerpt":{"rendered":"<p>Analogo di impianto adatto per Dentsply\u00ae &#8211;\u00a0 Ankylos\u00ae. \u00c8 possibile scegliere tra analoghi di impianti con e senza indice. Gli analoghi indicizzati hanno una codifica a colori di alta qualit\u00e0, quindi puoi facilmente distinguerli. Ogni analogo da laboratorio \u00e8 lungo 12 mm, quindi non \u00e8 necessario accorciare l&#8217;analogo da laboratorio in seguito, il che lo [&hellip;]<\/p>\n","protected":false},"featured_media":28186,"template":"","meta":[],"product_brand":[],"product_cat":[716],"product_tag":[935],"class_list":{"0":"post-28185","1":"product","2":"type-product","3":"status-publish","4":"has-post-thumbnail","6":"product_cat-ankylos-it","7":"product_tag-analogo-di-impianto","9":"first","10":"instock","11":"taxable","12":"shipping-taxable","13":"purchasable","14":"product-type-variable","15":"rtwpvg-product"},"_links":{"self":[{"href":"https:\/\/shop.heliocos.de\/it\/wp-json\/wp\/v2\/product\/28185","targetHints":{"allow":["GET"]}}],"collection":[{"href":"https:\/\/shop.heliocos.de\/it\/wp-json\/wp\/v2\/product"}],"about":[{"href":"https:\/\/shop.heliocos.de\/it\/wp-json\/wp\/v2\/types\/product"}],"wp:featuredmedia":[{"embeddable":true,"href":"https:\/\/shop.heliocos.de\/it\/wp-json\/wp\/v2\/media\/28186"}],"wp:attachment":[{"href":"https:\/\/shop.heliocos.de\/it\/wp-json\/wp\/v2\/media?parent=28185"}],"wp:term":[{"taxonomy":"product_brand","embeddable":true,"href":"https:\/\/shop.heliocos.de\/it\/wp-json\/wp\/v2\/product_brand?post=28185"},{"taxonomy":"product_cat","embeddable":true,"href":"https:\/\/shop.heliocos.de\/it\/wp-json\/wp\/v2\/product_cat?post=28185"},{"taxonomy":"product_tag","embeddable":true,"href":"https:\/\/shop.heliocos.de\/it\/wp-json\/wp\/v2\/product_tag?post=28185"}],"curies":[{"name":"wp","href":"https:\/\/api.w.org\/{rel}","templated":true}]}}