{"id":28180,"date":"2020-06-30T22:09:19","date_gmt":"2020-06-30T20:09:19","guid":{"rendered":"http:\/\/shop.heliocos.de\/produkt\/senza-categoria\/analogo-di-impianto-per-straumann-bone-level\/"},"modified":"2020-06-30T22:09:19","modified_gmt":"2020-06-30T20:09:19","slug":"analogo-di-impianto-per-straumann-bone-level","status":"publish","type":"product","link":"https:\/\/shop.heliocos.de\/it\/prodotto\/bone-level-it\/analogo-di-impianto-per-straumann-bone-level\/","title":{"rendered":"Analogo di impianto per Straumann\u00ae \u2013 Bone Level"},"content":{"rendered":"<p>Analogo di impianto adatto per Straumann\u00ae &#8211; Bone Level. La codifica a colori di alta qualit\u00e0 consente una facile differenziazione e assegnazione. Ogni analogo da laboratorio \u00e8 lungo 12 mm. Questo ti rende pi\u00f9 facile da usare e non devi accorciare gli analoghi in seguito.<\/p>\n<p>Con un diametro di 3,3 mm o 4,1 mm, sono facili da usare. Sono realizzati in una lega di titanio.<\/p>\n<p>Approfitta degli interessanti prezzi graduati degli analoghi Heliocos e acquista gli analoghi da laboratorio in confezioni da 10 o 30. In una confezione da 10 l&#8217;analogo da laboratorio costa 9 EUR ciascuno, in una confezione da 30 l&#8217;analogo da laboratorio costa 8 EUR ciascuno.<\/p>\n<p>Riceverai gli analoghi da laboratorio non sterili. \u00c8 inoltre possibile utilizzare gli analoghi di laboratorio per abbinare Straumann\u00ae &#8211; Bone Level per i modelli stampati. Usa le librerie Heliocos per il tuo flusso di lavoro digitale (Download Heliocos).<\/p>\n","protected":false},"excerpt":{"rendered":"<p>Analogo di impianto adatto per Straumann\u00ae &#8211; Bone Level. La codifica a colori di alta qualit\u00e0 consente una facile differenziazione e assegnazione. Ogni analogo da laboratorio \u00e8 lungo 12 mm. Questo ti rende pi\u00f9 facile da usare e non devi accorciare gli analoghi in seguito. Con un diametro di 3,3 mm o 4,1 mm, sono [&hellip;]<\/p>\n","protected":false},"featured_media":28181,"template":"","meta":[],"product_brand":[],"product_cat":[946],"product_tag":[935],"class_list":{"0":"post-28180","1":"product","2":"type-product","3":"status-publish","4":"has-post-thumbnail","6":"product_cat-bone-level-it","7":"product_tag-analogo-di-impianto","9":"first","10":"instock","11":"taxable","12":"shipping-taxable","13":"purchasable","14":"product-type-variable","15":"rtwpvg-product"},"_links":{"self":[{"href":"https:\/\/shop.heliocos.de\/it\/wp-json\/wp\/v2\/product\/28180","targetHints":{"allow":["GET"]}}],"collection":[{"href":"https:\/\/shop.heliocos.de\/it\/wp-json\/wp\/v2\/product"}],"about":[{"href":"https:\/\/shop.heliocos.de\/it\/wp-json\/wp\/v2\/types\/product"}],"wp:featuredmedia":[{"embeddable":true,"href":"https:\/\/shop.heliocos.de\/it\/wp-json\/wp\/v2\/media\/28181"}],"wp:attachment":[{"href":"https:\/\/shop.heliocos.de\/it\/wp-json\/wp\/v2\/media?parent=28180"}],"wp:term":[{"taxonomy":"product_brand","embeddable":true,"href":"https:\/\/shop.heliocos.de\/it\/wp-json\/wp\/v2\/product_brand?post=28180"},{"taxonomy":"product_cat","embeddable":true,"href":"https:\/\/shop.heliocos.de\/it\/wp-json\/wp\/v2\/product_cat?post=28180"},{"taxonomy":"product_tag","embeddable":true,"href":"https:\/\/shop.heliocos.de\/it\/wp-json\/wp\/v2\/product_tag?post=28180"}],"curies":[{"name":"wp","href":"https:\/\/api.w.org\/{rel}","templated":true}]}}