{"id":27909,"date":"2021-09-21T10:29:08","date_gmt":"2021-05-21T08:29:08","guid":{"rendered":"http:\/\/shop.heliocos.de\/produkt\/senza-categoria\/moncone-heli-loc-per-straumann-bone-level\/"},"modified":"2021-05-28T11:38:42","modified_gmt":"2021-05-28T09:38:42","slug":"moncone-heli-loc-per-straumann-bone-level","status":"publish","type":"product","link":"https:\/\/shop.heliocos.de\/it\/prodotto\/heli-loc-it\/moncone-heli-loc-per-straumann-bone-level\/","title":{"rendered":"Moncone Heli-Loc per Straumann\u00ae &#8211; Bone Level"},"content":{"rendered":"<p>Moncone Heli-Loc per overdenture rimovibili per Straumann\u00ae &#8211; Bone Level. \u00c8 possibile ripristinare protesi parziali e totali con gli abutment Heli-Loc. Il design dell&#8217;abutment Heli-Loc corrisponde al design del Classic Locator\u00ae e del Kerator\u00ae. Gli abutment Heliocos sono caratterizzati da connessioni implantari ad alta precisione. Questo \u00e8 il motivo per cui diamo una garanzia del produttore di 30 anni sugli abutment Heli-Loc.<\/p>\n<p>Gli abutment Heli-Loc hanno un rivestimento TiN molto duro e biocompatibile, che si \u00e8 gi\u00e0 dimostrato valido per molti anni. L&#8217;abutment per overdenture \u00e8 realizzato in una lega di titanio, anch&#8217;essa dotata di un&#8217;eccellente biocompatibilit\u00e0. Il design collaudato consente di utilizzare gli impianti anche con una forte angolazione dell&#8217;impianto &#8211; fino a 40 \u00b0 &#8211; e con spazio occlusale limitato<\/p>\n<p>\u00c8 possibile continuare a utilizzare gli elementi di ritenzione Classic Locator\u00ae o Kerator\u00ae. \u00c8 possibile continuare a utilizzare gli strumenti di inserzione esistenti con connessione triangolare o utilizzare lo strumento di inserzione Heliocos Heli-Loc, che \u00e8 molto facile da usare con una lunghezza di 18 mm. Gli abutment Heli-Loc sono offerti in diverse altezze.<\/p>\n<p>Heliocos offre diversi elementi di ritenzione con forze di ritiro da 0,6 kg a 1,8 kg. \u00c8 possibile scegliere tra elementi di ritenzione con o senza perno, in modo da poter compensare angolazioni dell&#8217;impianto fino a 40 \u00b0.<\/p>\n<p>Si prega di notare le istruzioni di Heliocos nelle istruzioni per l&#8217;uso (<a href=\"https:\/\/www.heliocos.com\/downloads\">download di Heliocos<\/a>).<\/p>\n","protected":false},"excerpt":{"rendered":"<p>Moncone Heli-Loc per overdenture rimovibili per Straumann\u00ae &#8211; Bone Level. \u00c8 possibile ripristinare protesi parziali e totali con gli abutment Heli-Loc. Il design dell&#8217;abutment Heli-Loc corrisponde al design del Classic Locator\u00ae e del Kerator\u00ae. Gli abutment Heliocos sono caratterizzati da connessioni implantari ad alta precisione. Questo \u00e8 il motivo per cui diamo una garanzia del [&hellip;]<\/p>\n","protected":false},"featured_media":27599,"template":"","meta":[],"product_brand":[],"product_cat":[946,836],"product_tag":[938],"class_list":{"0":"post-27909","1":"product","2":"type-product","3":"status-publish","4":"has-post-thumbnail","6":"product_cat-bone-level-it","7":"product_cat-heli-loc-it","8":"product_tag-heli-loc-it","10":"first","11":"instock","12":"taxable","13":"shipping-taxable","14":"purchasable","15":"product-type-variable","16":"rtwpvg-product"},"_links":{"self":[{"href":"https:\/\/shop.heliocos.de\/it\/wp-json\/wp\/v2\/product\/27909","targetHints":{"allow":["GET"]}}],"collection":[{"href":"https:\/\/shop.heliocos.de\/it\/wp-json\/wp\/v2\/product"}],"about":[{"href":"https:\/\/shop.heliocos.de\/it\/wp-json\/wp\/v2\/types\/product"}],"wp:featuredmedia":[{"embeddable":true,"href":"https:\/\/shop.heliocos.de\/it\/wp-json\/wp\/v2\/media\/27599"}],"wp:attachment":[{"href":"https:\/\/shop.heliocos.de\/it\/wp-json\/wp\/v2\/media?parent=27909"}],"wp:term":[{"taxonomy":"product_brand","embeddable":true,"href":"https:\/\/shop.heliocos.de\/it\/wp-json\/wp\/v2\/product_brand?post=27909"},{"taxonomy":"product_cat","embeddable":true,"href":"https:\/\/shop.heliocos.de\/it\/wp-json\/wp\/v2\/product_cat?post=27909"},{"taxonomy":"product_tag","embeddable":true,"href":"https:\/\/shop.heliocos.de\/it\/wp-json\/wp\/v2\/product_tag?post=27909"}],"curies":[{"name":"wp","href":"https:\/\/api.w.org\/{rel}","templated":true}]}}