{"id":27432,"date":"2021-03-12T15:38:52","date_gmt":"2021-03-12T14:38:52","guid":{"rendered":"http:\/\/shop.heliocos.de\/?post_type=product&#038;p=27432"},"modified":"2022-04-12T08:41:31","modified_gmt":"2022-04-12T06:41:31","slug":"pruefkoerper-fuer-pre-mill","status":"publish","type":"product","link":"https:\/\/shop.heliocos.de\/it\/prodotto\/zubehoer-fraesen\/pruefkoerper-fuer-pre-mill\/","title":{"rendered":"Pr\u00fcfk\u00f6rper f\u00fcr Pre-Mill"},"content":{"rendered":"<p>Pr\u00fcfk\u00f6rper zur Ermittlung von Versatzdaten in der Fr\u00e4smaschine.<\/p>\n<p>Material: Titan Grade 5<\/p>\n<p>Durchmesser: 11,5 mm<\/p>\n","protected":false},"excerpt":{"rendered":"<p>Pr\u00fcfk\u00f6rper zur Ermittlung von Versatzdaten in der Fr\u00e4smaschine. Material: Titan Grade 5 Durchmesser: 11,5 mm<\/p>\n","protected":false},"featured_media":27433,"template":"","meta":[],"product_brand":[],"product_cat":[686],"product_tag":[664],"class_list":{"0":"post-27432","1":"product","2":"type-product","3":"status-publish","4":"has-post-thumbnail","6":"product_cat-zubehoer-fraesen","7":"product_tag-pre-mill-abutment","9":"first","10":"instock","11":"taxable","12":"shipping-taxable","13":"purchasable","14":"product-type-simple"},"_links":{"self":[{"href":"https:\/\/shop.heliocos.de\/it\/wp-json\/wp\/v2\/product\/27432","targetHints":{"allow":["GET"]}}],"collection":[{"href":"https:\/\/shop.heliocos.de\/it\/wp-json\/wp\/v2\/product"}],"about":[{"href":"https:\/\/shop.heliocos.de\/it\/wp-json\/wp\/v2\/types\/product"}],"wp:featuredmedia":[{"embeddable":true,"href":"https:\/\/shop.heliocos.de\/it\/wp-json\/wp\/v2\/media\/27433"}],"wp:attachment":[{"href":"https:\/\/shop.heliocos.de\/it\/wp-json\/wp\/v2\/media?parent=27432"}],"wp:term":[{"taxonomy":"product_brand","embeddable":true,"href":"https:\/\/shop.heliocos.de\/it\/wp-json\/wp\/v2\/product_brand?post=27432"},{"taxonomy":"product_cat","embeddable":true,"href":"https:\/\/shop.heliocos.de\/it\/wp-json\/wp\/v2\/product_cat?post=27432"},{"taxonomy":"product_tag","embeddable":true,"href":"https:\/\/shop.heliocos.de\/it\/wp-json\/wp\/v2\/product_tag?post=27432"}],"curies":[{"name":"wp","href":"https:\/\/api.w.org\/{rel}","templated":true}]}}