{"id":26782,"date":"2020-12-16T08:39:27","date_gmt":"2020-12-16T07:39:27","guid":{"rendered":"http:\/\/shop.heliocos.de\/?post_type=product&#038;p=26782"},"modified":"2021-01-27T14:31:50","modified_gmt":"2021-01-27T13:31:50","slug":"gewinkeltes-abutment-astra-ev","status":"publish","type":"product","link":"https:\/\/shop.heliocos.de\/it\/prodotto\/dentsply-it\/astra-tech-ev-it\/gewinkeltes-abutment-astra-ev\/","title":{"rendered":"Gewinkeltes Abutment f\u00fcr Astra Tech\u00ae EV\u2122"},"content":{"rendered":"<p>Gewinkeltes Abutment passend zu Dentsply\u00ae &#8211; Astra Tech\u00ae EV\u2122. Das gewinkelte Abutment ist aus einer Titanlegierung hergestellt. Dadurch ist eine hervorragende Biokompatibilit\u00e4t und eine hohe Festigkeit gew\u00e4hrleistet. Die gewinkelten Abutments sind rotationsgesichert und f\u00fcr eine zementierte Versorgung vorgesehen. Eine hochpr\u00e4zise Verbindung zeichnet das gewinkelte Abutment aus. Deshalb geben wir 30 Jahre Garantie auf die gewinkelten Abutments.<\/p>\n<p>Die gewinkelten Abutments werden mit einer definitiven Abutmentschraube ausgeliefert. Die Abutmentschraube ist ebenfalls aus einer Titanlegierung hergestellt. Sie k\u00f6nnen Ihre originalen Instrumente weiterhin benutzen, oder Instrumente von Heliocos verwenden. Gewinkeltes Abutment und Abutmentschraube werden als Set ausgeliefert. Die Teile sind unsteril und Sie m\u00fcssen Produkte vor dem Einsatz aufbereiten. Bitte beachten Sie hierzu die Anleitung von Heliocos in der Gebrauchsanweisung (<a href=\"https:\/\/www.heliocos.de\/medien\">Heliocos Downloads<\/a>).<\/p>\n<p>Zu den geraden Abutments passend zu Astra Tech\u00ae EV\u2122 k\u00f6nnen Sie ebenfalls die passenden Instrumente bestellen <a href=\"http:\/\/shop.heliocos.de\/produkt\/instrumente\/eindrehinstrument-hex\/\">(Eindrehinstrument Hex<\/a>).<\/p>\n","protected":false},"excerpt":{"rendered":"<p>Gewinkeltes Abutment passend zu Dentsply\u00ae &#8211; Astra Tech\u00ae EV\u2122. Das gewinkelte Abutment ist aus einer Titanlegierung hergestellt. Dadurch ist eine hervorragende Biokompatibilit\u00e4t und eine hohe Festigkeit gew\u00e4hrleistet. Die gewinkelten Abutments sind rotationsgesichert und f\u00fcr eine zementierte Versorgung vorgesehen. Eine hochpr\u00e4zise Verbindung zeichnet das gewinkelte Abutment aus. Deshalb geben wir 30 Jahre Garantie auf die gewinkelten [&hellip;]<\/p>\n","protected":false},"featured_media":26783,"template":"","meta":[],"product_brand":[],"product_cat":[41],"product_tag":[92],"class_list":{"0":"post-26782","1":"product","2":"type-product","3":"status-publish","4":"has-post-thumbnail","6":"product_cat-astra-tech-ev","7":"product_tag-gewinkeltes-abutment","9":"first","10":"instock","11":"taxable","12":"shipping-taxable","13":"purchasable","14":"product-type-variable","15":"rtwpvg-product"},"_links":{"self":[{"href":"https:\/\/shop.heliocos.de\/it\/wp-json\/wp\/v2\/product\/26782","targetHints":{"allow":["GET"]}}],"collection":[{"href":"https:\/\/shop.heliocos.de\/it\/wp-json\/wp\/v2\/product"}],"about":[{"href":"https:\/\/shop.heliocos.de\/it\/wp-json\/wp\/v2\/types\/product"}],"wp:featuredmedia":[{"embeddable":true,"href":"https:\/\/shop.heliocos.de\/it\/wp-json\/wp\/v2\/media\/26783"}],"wp:attachment":[{"href":"https:\/\/shop.heliocos.de\/it\/wp-json\/wp\/v2\/media?parent=26782"}],"wp:term":[{"taxonomy":"product_brand","embeddable":true,"href":"https:\/\/shop.heliocos.de\/it\/wp-json\/wp\/v2\/product_brand?post=26782"},{"taxonomy":"product_cat","embeddable":true,"href":"https:\/\/shop.heliocos.de\/it\/wp-json\/wp\/v2\/product_cat?post=26782"},{"taxonomy":"product_tag","embeddable":true,"href":"https:\/\/shop.heliocos.de\/it\/wp-json\/wp\/v2\/product_tag?post=26782"}],"curies":[{"name":"wp","href":"https:\/\/api.w.org\/{rel}","templated":true}]}}