{"id":26272,"date":"2020-10-26T13:31:59","date_gmt":"2020-10-26T12:31:59","guid":{"rendered":"http:\/\/shop.heliocos.de\/?post_type=product&#038;p=26272"},"modified":"2021-01-20T16:21:49","modified_gmt":"2021-01-20T15:21:49","slug":"gewinkeltes-abutment-nobel-biocare","status":"publish","type":"product","link":"https:\/\/shop.heliocos.de\/it\/prodotto\/nobelactive-nobelreplace-cc-it\/gewinkeltes-abutment-nobel-biocare\/","title":{"rendered":"Gewinkeltes Abutment f\u00fcr Nobel Biocare\u00ae"},"content":{"rendered":"<p>Gewinkeltes Abutment passend zu Nobel Biocare\u00ae mit konischer Innenverbindung. Das gewinkelte Abutment ist aus einer Titanlegierung hergestellt. Dadurch ist eine hervorragende Biokompatibilit\u00e4t und eine hohe Festigkeit gew\u00e4hrleistet. Die gewinkelten Abutments sind rotationsgesichert und f\u00fcr eine zementierte Versorgung vorgesehen. Sie k\u00f6nnen aus unterschiedlichen Abwinklungen (18\u00b0 und 25\u00b0) und Gingivah\u00f6hen (1,5 mm und 3 mm) ausw\u00e4hlen. Eine hochpr\u00e4zise Verbindung zeichnet das gewinkelte Abutment aus. Deshalb geben wir 30 Jahre Garantie auf die gewinkelten Abutments.<\/p>\n<p>Die gewinkelten Abutments werden mit einer definitiven Abutmentschraube ausgeliefert. Die Abutmentschraube ist ebenfalls aus einer Titanlegierung hergestellt. Sie k\u00f6nnen Ihre originalen Instrumente weiterhin benutzen, oder Instrumente von Heliocos verwenden. Gewinkeltes Abutment und Abutmentschraube werden als Set ausgeliefert. Die Teile sind unsteril und Sie m\u00fcssen Produkte vor dem Einsatz aufbereiten. Bitte beachten Sie hierzu die Anleitung von Heliocos in der Gebrauchsanweisung (<a href=\"https:\/\/www.heliocos.de\/medien\">Heliocos Downloads<\/a>).<\/p>\n<p>Zu den gewinkelten Abutments passend zu Nobel Biocare\u00ae k\u00f6nnen Sie ebenfalls die passenden Instrumente bestellen (<a href=\"http:\/\/shop.heliocos.de\/produkt\/instrumente\/eindrehinstrument-unigrip\/\">Eindrehinstrument UniGrip<\/a>).<\/p>\n<p>&nbsp;<\/p>\n","protected":false},"excerpt":{"rendered":"<p>Gewinkeltes Abutment passend zu Nobel Biocare\u00ae mit konischer Innenverbindung. Das gewinkelte Abutment ist aus einer Titanlegierung hergestellt. Dadurch ist eine hervorragende Biokompatibilit\u00e4t und eine hohe Festigkeit gew\u00e4hrleistet. Die gewinkelten Abutments sind rotationsgesichert und f\u00fcr eine zementierte Versorgung vorgesehen. Sie k\u00f6nnen aus unterschiedlichen Abwinklungen (18\u00b0 und 25\u00b0) und Gingivah\u00f6hen (1,5 mm und 3 mm) ausw\u00e4hlen. Eine [&hellip;]<\/p>\n","protected":false},"featured_media":26273,"template":"","meta":[],"product_brand":[],"product_cat":[43],"product_tag":[92],"class_list":{"0":"post-26272","1":"product","2":"type-product","3":"status-publish","4":"has-post-thumbnail","6":"product_cat-nobelactive-nobelreplace-cc","7":"product_tag-gewinkeltes-abutment","9":"first","10":"instock","11":"taxable","12":"shipping-taxable","13":"purchasable","14":"product-type-variable","15":"rtwpvg-product"},"_links":{"self":[{"href":"https:\/\/shop.heliocos.de\/it\/wp-json\/wp\/v2\/product\/26272","targetHints":{"allow":["GET"]}}],"collection":[{"href":"https:\/\/shop.heliocos.de\/it\/wp-json\/wp\/v2\/product"}],"about":[{"href":"https:\/\/shop.heliocos.de\/it\/wp-json\/wp\/v2\/types\/product"}],"wp:featuredmedia":[{"embeddable":true,"href":"https:\/\/shop.heliocos.de\/it\/wp-json\/wp\/v2\/media\/26273"}],"wp:attachment":[{"href":"https:\/\/shop.heliocos.de\/it\/wp-json\/wp\/v2\/media?parent=26272"}],"wp:term":[{"taxonomy":"product_brand","embeddable":true,"href":"https:\/\/shop.heliocos.de\/it\/wp-json\/wp\/v2\/product_brand?post=26272"},{"taxonomy":"product_cat","embeddable":true,"href":"https:\/\/shop.heliocos.de\/it\/wp-json\/wp\/v2\/product_cat?post=26272"},{"taxonomy":"product_tag","embeddable":true,"href":"https:\/\/shop.heliocos.de\/it\/wp-json\/wp\/v2\/product_tag?post=26272"}],"curies":[{"name":"wp","href":"https:\/\/api.w.org\/{rel}","templated":true}]}}