{"id":25000,"date":"2020-08-14T11:16:43","date_gmt":"2020-08-14T09:16:43","guid":{"rendered":"http:\/\/shop.heliocos.de\/?post_type=product&#038;p=25000"},"modified":"2021-04-20T08:46:06","modified_gmt":"2021-04-20T06:46:06","slug":"titankappe-multi-unit","status":"publish","type":"product","link":"https:\/\/shop.heliocos.de\/it\/prodotto\/multi-unit-it\/titankappe-multi-unit\/","title":{"rendered":"Titankappe Multi-Unit"},"content":{"rendered":"<p>Multi-Unit Titankappe inklusive Schraube f\u00fcr Multi-Unit Abutments. Die Multi-Unit Schrauben sind mit unterschiedlichen Instrumentenanschl\u00fcssen verf\u00fcgbar<\/p>\n<p>Hex 1,01 = Ankylos\u00ae Schrauber<\/p>\n<p>Hex 1,22 = Xive\u00ae S Schrauber<\/p>\n<p>Hex 1,26 = Zimmer\u00ae, Camlog\u00ae, Astra Tech\u00ae Schrauber<\/p>\n<p>Torx\u00ae T6 = Straumann\u00ae Schrauber<\/p>\n<p>Unigrip = Nobel Biocare\u00ae Schrauber.<\/p>\n<p>Die Titankappe ist f\u00fcr denn konventionellen Prozess vorgesehen und kann reduziert werden. Produkt ist nicht in der CAD\/CAM Bibliothek enthalten.<\/p>\n<p>Die Multi-Unit Titankappe ist f\u00fcr alle Multi-Unit Abutments von Heliocos geeignet und kann somit Implantathersteller-\u00fcbergreifend eingesetzt werden. Die Titankappe ist aus einer Titanlegierung hergestellt. Dadurch bestehet eine hervorragende Biokompatibilit\u00e4t.<\/p>\n<p>Nutzen Sie weiterhin Ihre originalen Instrumente oder Instrumente von Heliocos (\u00a0<a href=\"https:\/\/shop.heliocos.de\/de\/implantatmarken\/instrumente\/\">Eindrehinstrument<\/a> ). Titankappe und Abutmentschraube werden als Set ausgeliefert. Bereiten Sie die Teile vor dem Einsatz auf. Bitte beachten Sie hierzu die Anleitung von Heliocos in der Gebrauchsanweisung (<a href=\"https:\/\/www.heliocos.de\/medien\">Heliocos Downloads<\/a>).<\/p>\n","protected":false},"excerpt":{"rendered":"<p>Multi-Unit Titankappe inklusive Schraube f\u00fcr Multi-Unit Abutments. Die Multi-Unit Schrauben sind mit unterschiedlichen Instrumentenanschl\u00fcssen verf\u00fcgbar Hex 1,01 = Ankylos\u00ae Schrauber Hex 1,22 = Xive\u00ae S Schrauber Hex 1,26 = Zimmer\u00ae, Camlog\u00ae, Astra Tech\u00ae Schrauber Torx\u00ae T6 = Straumann\u00ae Schrauber Unigrip = Nobel Biocare\u00ae Schrauber. Die Titankappe ist f\u00fcr denn konventionellen Prozess vorgesehen und kann reduziert [&hellip;]<\/p>\n","protected":false},"featured_media":24917,"template":"","meta":[],"product_brand":[],"product_cat":[428],"product_tag":[556,267,528],"class_list":{"0":"post-25000","1":"product","2":"type-product","3":"status-publish","4":"has-post-thumbnail","6":"product_cat-multi-unit","7":"product_tag-multi-unit","8":"product_tag-multi-unit-abutment","9":"product_tag-titankappe","11":"first","12":"instock","13":"taxable","14":"shipping-taxable","15":"purchasable","16":"product-type-variable","17":"rtwpvg-product"},"_links":{"self":[{"href":"https:\/\/shop.heliocos.de\/it\/wp-json\/wp\/v2\/product\/25000","targetHints":{"allow":["GET"]}}],"collection":[{"href":"https:\/\/shop.heliocos.de\/it\/wp-json\/wp\/v2\/product"}],"about":[{"href":"https:\/\/shop.heliocos.de\/it\/wp-json\/wp\/v2\/types\/product"}],"wp:featuredmedia":[{"embeddable":true,"href":"https:\/\/shop.heliocos.de\/it\/wp-json\/wp\/v2\/media\/24917"}],"wp:attachment":[{"href":"https:\/\/shop.heliocos.de\/it\/wp-json\/wp\/v2\/media?parent=25000"}],"wp:term":[{"taxonomy":"product_brand","embeddable":true,"href":"https:\/\/shop.heliocos.de\/it\/wp-json\/wp\/v2\/product_brand?post=25000"},{"taxonomy":"product_cat","embeddable":true,"href":"https:\/\/shop.heliocos.de\/it\/wp-json\/wp\/v2\/product_cat?post=25000"},{"taxonomy":"product_tag","embeddable":true,"href":"https:\/\/shop.heliocos.de\/it\/wp-json\/wp\/v2\/product_tag?post=25000"}],"curies":[{"name":"wp","href":"https:\/\/api.w.org\/{rel}","templated":true}]}}