{"id":23485,"date":"2020-07-10T11:32:18","date_gmt":"2020-07-10T09:32:18","guid":{"rendered":"http:\/\/shop.heliocos.de\/?post_type=product&#038;p=23485"},"modified":"2022-11-15T15:44:55","modified_gmt":"2022-11-15T14:44:55","slug":"multi-unit-abutment-straumann-bone-level","status":"publish","type":"product","link":"https:\/\/shop.heliocos.de\/it\/prodotto\/bone-level-it\/multi-unit-abutment-straumann-bone-level\/","title":{"rendered":"Multi-Unit Abutment f\u00fcr Straumann\u00ae \u2013 Bone Level"},"content":{"rendered":"<p>Multi-Unit Abutment f\u00fcr verschraubte Stege passend zu Straumann\u00ae &#8211; Bone Level. Das Kamindesign der Multi-Unit Abutments ist plattform\u00fcbergreifend identisch. So k\u00f6nnen sie unterschiedliche Implantatsysteme mit den Multi-Unit Abutments von Heliocos versorgen. Sie k\u00f6nnen aus unterschiedlichen Gingivah\u00f6hen ausw\u00e4hlen. Ein tolles Preis-Leistungs-Verh\u00e4ltnis inklusive 30 Jahre Herstellergarantie.<\/p>\n<p>Wir fertigen die Multi-Unit sind aus einer Titanlegierung. Dadurch besitzen sie eine nachweisliche Biokompatibilit\u00e4t und eine hervorragende mechanische Festigkeit. Die Multi-Unit Abutments sind mit einem kurzen Konus gestaltet, so dass sie auch bei einem reduzierten Platzangebot eingesetzt werden k\u00f6nnen. Das Design der Multi-Unit Abutments ist an das All-on-4\u00ae Prinzip angelehnt.<\/p>\n<p>Sie k\u00f6nnen aus einem umfangreichen Sortiment an Terti\u00e4rteilen f\u00fcr Multi-Unit Abutments ausw\u00e4hlen. Nutzen Sie die CAD\/CAM Prozesskette (<a href=\"http:\/\/shop.heliocos.de\/produkt\/multi-unit\/titanbasis-13\/\">Titanbasis Multi-Unit<\/a>) oder einen konventionellen Workflow (<a href=\"http:\/\/shop.heliocos.de\/produkt\/multi-unit\/titankappe-multi-unit\/\">Titankappe Multi-Unit).<\/a><\/p>\n<p>Die Heliocos Bibliotheken bieten Ihnen die maximale Freiheit bei der Gestaltung von verschraubten Stegen. Entweder Sie geestalten Ihre Arbeit auf Titanbasen oder auf einer direktverschraubten L\u00f6sung. Mit Heliocos haben Sie die Wahl. Laden Sie die Bibliotheken bequem auf der Internetseite von Heliocos herunter (<a href=\"https:\/\/www.heliocos.de\/medien\">Heliocos Downloads<\/a>).<\/p>\n<p>Wir empfehlen Ihnen den Scan und die Abformung auf Abutmentniveau durchzuf\u00fchren. Wir liefern die Multi-Unit Abutments mit einer praktischen Einbringhilfe aus. Dadurch k\u00f6nnen Sie diese einfach inserieren. Die Teile werden unsteril ausgeliefert. Bitte beachten Sie hierzu die Anleitung von Heliocos in der Gebrauchsanweisung (<a href=\"https:\/\/www.heliocos.de\/medien\">Heliocos Downloads<\/a>).\u00a0Nutzen Sie das Multi-Unit Einbringinstrument zur einfachen Insertion der Multi-Unit Abutments.<\/p>\n","protected":false},"excerpt":{"rendered":"<p>Multi-Unit Abutment f\u00fcr verschraubte Stege passend zu Straumann\u00ae &#8211; Bone Level. Das Kamindesign der Multi-Unit Abutments ist plattform\u00fcbergreifend identisch. So k\u00f6nnen sie unterschiedliche Implantatsysteme mit den Multi-Unit Abutments von Heliocos versorgen. Sie k\u00f6nnen aus unterschiedlichen Gingivah\u00f6hen ausw\u00e4hlen. Ein tolles Preis-Leistungs-Verh\u00e4ltnis inklusive 30 Jahre Herstellergarantie. Wir fertigen die Multi-Unit sind aus einer Titanlegierung. Dadurch besitzen sie [&hellip;]<\/p>\n","protected":false},"featured_media":23519,"template":"","meta":[],"product_brand":[],"product_cat":[20],"product_tag":[267],"class_list":{"0":"post-23485","1":"product","2":"type-product","3":"status-publish","4":"has-post-thumbnail","6":"product_cat-bone-level","7":"product_tag-multi-unit-abutment","9":"first","10":"instock","11":"taxable","12":"shipping-taxable","13":"purchasable","14":"product-type-variable","15":"rtwpvg-product"},"_links":{"self":[{"href":"https:\/\/shop.heliocos.de\/it\/wp-json\/wp\/v2\/product\/23485","targetHints":{"allow":["GET"]}}],"collection":[{"href":"https:\/\/shop.heliocos.de\/it\/wp-json\/wp\/v2\/product"}],"about":[{"href":"https:\/\/shop.heliocos.de\/it\/wp-json\/wp\/v2\/types\/product"}],"wp:featuredmedia":[{"embeddable":true,"href":"https:\/\/shop.heliocos.de\/it\/wp-json\/wp\/v2\/media\/23519"}],"wp:attachment":[{"href":"https:\/\/shop.heliocos.de\/it\/wp-json\/wp\/v2\/media?parent=23485"}],"wp:term":[{"taxonomy":"product_brand","embeddable":true,"href":"https:\/\/shop.heliocos.de\/it\/wp-json\/wp\/v2\/product_brand?post=23485"},{"taxonomy":"product_cat","embeddable":true,"href":"https:\/\/shop.heliocos.de\/it\/wp-json\/wp\/v2\/product_cat?post=23485"},{"taxonomy":"product_tag","embeddable":true,"href":"https:\/\/shop.heliocos.de\/it\/wp-json\/wp\/v2\/product_tag?post=23485"}],"curies":[{"name":"wp","href":"https:\/\/api.w.org\/{rel}","templated":true}]}}