{"id":21734,"date":"2020-07-06T11:52:53","date_gmt":"2020-07-06T09:52:53","guid":{"rendered":"http:\/\/shop.heliocos.de\/?post_type=product&#038;p=21734"},"modified":"2020-12-24T18:28:41","modified_gmt":"2020-12-24T17:28:41","slug":"gewinkeltes-abutment-mis","status":"publish","type":"product","link":"https:\/\/shop.heliocos.de\/it\/prodotto\/seven-it\/gewinkeltes-abutment-mis\/","title":{"rendered":"Gewinkeltes Abutment f\u00fcr MIS\u00ae"},"content":{"rendered":"<p>Gewinkeltes Abutment passend zu MIS\u00ae. Das gewinkelte Abutment ist aus einer Titanlegierung hergestellt. Dadurch sind eine hervorragende Biokompatibilit\u00e4t und eine hohe Festigkeit gew\u00e4hrleistet. Die gewinkelten Abutments sind f\u00fcr eine zementierte Versorgung vorgesehen und deshalb rotationsgesichert. Sie k\u00f6nnen aus unterschiedlichen Gingivah\u00f6hen (1 mm und 2,5 mm) und Abwinkelungen (16\u00b0 und 25\u00b0) ausw\u00e4hlen. Eine hochpr\u00e4zise Verbindung zeichnet das gewinkelte Abutment aus. Deshalb geben wir 30 Jahre Garantie auf die gewinkelten Abutments.<\/p>\n<p>Die gewinkelten Abutments werden mit einer definitiven Schraube ausgeliefert. Die Abutmentschraube ist ebenfalls aus einer Titanlegierung hergestellt. Sie k\u00f6nnen Ihre originalen Instrumente weiterhin benutzen, oder Instrumente von Heliocos verwenden. Gewinkeltes Abutment und Abutmentschraube werden als Set ausgeliefert. Die Teile sind unsteril und Sie m\u00fcssen die Produkte vor dem Einsatz aufbereiten. Bitte beachten Sie hierzu die Anleitung von Heliocos in der Gebrauchsanweisung (<a href=\"https:\/\/www.heliocos.de\/medien\">Heliocos Downloads<\/a>).<\/p>\n<p>Zu den gewinkelten Abutments passend zu Zimmer Dental\u00ae k\u00f6nnen Sie ebenfalls die passenden Instrumente bestellen (<a href=\"http:\/\/shop.heliocos.de\/produkt\/instrumente\/eindrehinstrument-hex\/\">Eindrehinstrument Hex<\/a>).<\/p>\n","protected":false},"excerpt":{"rendered":"<p>Gewinkeltes Abutment passend zu MIS\u00ae. Das gewinkelte Abutment ist aus einer Titanlegierung hergestellt. Dadurch sind eine hervorragende Biokompatibilit\u00e4t und eine hohe Festigkeit gew\u00e4hrleistet. Die gewinkelten Abutments sind f\u00fcr eine zementierte Versorgung vorgesehen und deshalb rotationsgesichert. Sie k\u00f6nnen aus unterschiedlichen Gingivah\u00f6hen (1 mm und 2,5 mm) und Abwinkelungen (16\u00b0 und 25\u00b0) ausw\u00e4hlen. Eine hochpr\u00e4zise Verbindung zeichnet [&hellip;]<\/p>\n","protected":false},"featured_media":21652,"template":"","meta":[],"product_brand":[],"product_cat":[46],"product_tag":[92],"class_list":{"0":"post-21734","1":"product","2":"type-product","3":"status-publish","4":"has-post-thumbnail","6":"product_cat-seven","7":"product_tag-gewinkeltes-abutment","9":"first","10":"instock","11":"taxable","12":"shipping-taxable","13":"purchasable","14":"product-type-variable","15":"rtwpvg-product"},"_links":{"self":[{"href":"https:\/\/shop.heliocos.de\/it\/wp-json\/wp\/v2\/product\/21734","targetHints":{"allow":["GET"]}}],"collection":[{"href":"https:\/\/shop.heliocos.de\/it\/wp-json\/wp\/v2\/product"}],"about":[{"href":"https:\/\/shop.heliocos.de\/it\/wp-json\/wp\/v2\/types\/product"}],"wp:featuredmedia":[{"embeddable":true,"href":"https:\/\/shop.heliocos.de\/it\/wp-json\/wp\/v2\/media\/21652"}],"wp:attachment":[{"href":"https:\/\/shop.heliocos.de\/it\/wp-json\/wp\/v2\/media?parent=21734"}],"wp:term":[{"taxonomy":"product_brand","embeddable":true,"href":"https:\/\/shop.heliocos.de\/it\/wp-json\/wp\/v2\/product_brand?post=21734"},{"taxonomy":"product_cat","embeddable":true,"href":"https:\/\/shop.heliocos.de\/it\/wp-json\/wp\/v2\/product_cat?post=21734"},{"taxonomy":"product_tag","embeddable":true,"href":"https:\/\/shop.heliocos.de\/it\/wp-json\/wp\/v2\/product_tag?post=21734"}],"curies":[{"name":"wp","href":"https:\/\/api.w.org\/{rel}","templated":true}]}}