{"id":20918,"date":"2020-06-30T22:11:03","date_gmt":"2020-06-30T20:11:03","guid":{"rendered":"http:\/\/shop.heliocos.de\/produkt\/unkategorisiert\/import-placeholder-for-550\/"},"modified":"2021-06-20T13:12:28","modified_gmt":"2021-06-20T11:12:28","slug":"analogo-di-impianto-per-bego","status":"publish","type":"product","link":"https:\/\/shop.heliocos.de\/it\/prodotto\/bego-it\/semandos-s-ri-rs-rsx-sc-scx-it\/analogo-di-impianto-per-bego\/","title":{"rendered":"Analogo di impianto per Bego\u00ae"},"content":{"rendered":"<p>Analogo di impianto adatto ai setup Bego\u00ae &#8211; Semandos\u00ae (S \/RI \/ RS \/ RSX \/ SC \/ SCX). Gli analoghi sono codificati a colori, rendendo pi\u00f9 facile distinguere e assegnare i prodotti. Ogni analogo da laboratorio \u00e8 lungo 12 mm, il che lo rende pi\u00f9 facile da usare.<\/p>\n<p>Tutti gli analoghi da laboratorio sono realizzati in lega di titanio. La codifica dei colori corrisponde a quella di Bego\u00ae.<\/p>\n<p>Approfittate dell&#8217;attraente rapporto qualit\u00e0-prezzo degli analoghi Heliocos, per questo offriamo prezzi graduati. In una confezione da 10 l&#8217;analogo di laboratorio costa 9 euro, in una confezione da 30 l&#8217;analogo di laboratorio costa 8 euro.<\/p>\n<p>Utilizzare gli analoghi di laboratorio adatti a Bego\u00ae anche per i modelli stampati. Scarica le nostre librerie per questo scopo. Scarica le librerie per il tuo flusso di lavoro digitale su Heliocos (<a href=\"https:\/\/www.heliocos.de\/medien\">Heliocos Downloads<\/a>).<\/p>\n","protected":false},"excerpt":{"rendered":"<p>Analogo di impianto adatto ai setup Bego\u00ae &#8211; Semandos\u00ae (S \/RI \/ RS \/ RSX \/ SC \/ SCX). Gli analoghi sono codificati a colori, rendendo pi\u00f9 facile distinguere e assegnare i prodotti. Ogni analogo da laboratorio \u00e8 lungo 12 mm, il che lo rende pi\u00f9 facile da usare. Tutti gli analoghi da laboratorio sono [&hellip;]<\/p>\n","protected":false},"featured_media":14285,"template":"","meta":[],"product_brand":[],"product_cat":[703],"product_tag":[935],"class_list":{"0":"post-20918","1":"product","2":"type-product","3":"status-publish","4":"has-post-thumbnail","6":"product_cat-semandos-s-ri-rs-rsx-sc-scx-it","7":"product_tag-analogo-di-impianto","9":"first","10":"instock","11":"taxable","12":"shipping-taxable","13":"purchasable","14":"product-type-variable","15":"rtwpvg-product"},"_links":{"self":[{"href":"https:\/\/shop.heliocos.de\/it\/wp-json\/wp\/v2\/product\/20918","targetHints":{"allow":["GET"]}}],"collection":[{"href":"https:\/\/shop.heliocos.de\/it\/wp-json\/wp\/v2\/product"}],"about":[{"href":"https:\/\/shop.heliocos.de\/it\/wp-json\/wp\/v2\/types\/product"}],"wp:featuredmedia":[{"embeddable":true,"href":"https:\/\/shop.heliocos.de\/it\/wp-json\/wp\/v2\/media\/14285"}],"wp:attachment":[{"href":"https:\/\/shop.heliocos.de\/it\/wp-json\/wp\/v2\/media?parent=20918"}],"wp:term":[{"taxonomy":"product_brand","embeddable":true,"href":"https:\/\/shop.heliocos.de\/it\/wp-json\/wp\/v2\/product_brand?post=20918"},{"taxonomy":"product_cat","embeddable":true,"href":"https:\/\/shop.heliocos.de\/it\/wp-json\/wp\/v2\/product_cat?post=20918"},{"taxonomy":"product_tag","embeddable":true,"href":"https:\/\/shop.heliocos.de\/it\/wp-json\/wp\/v2\/product_tag?post=20918"}],"curies":[{"name":"wp","href":"https:\/\/api.w.org\/{rel}","templated":true}]}}