{"id":20673,"date":"2020-06-30T22:10:16","date_gmt":"2020-06-30T20:10:16","guid":{"rendered":"http:\/\/shop.heliocos.de\/produkt\/unkategorisiert\/import-placeholder-for-329\/"},"modified":"2026-04-07T13:25:26","modified_gmt":"2026-04-07T11:25:26","slug":"abformpfosten-astra-tech-ev","status":"publish","type":"product","link":"https:\/\/shop.heliocos.de\/it\/prodotto\/dentsply-it\/astra-tech-ev-it\/abformpfosten-astra-tech-ev\/","title":{"rendered":"Abformpfosten f\u00fcr Astra Tech\u00ae EV\u2122"},"content":{"rendered":"<p>Abformpfosten f\u00fcr Dentsply\u00ae &#8211; Astra Tech\u00ae EV\u2122 Implantate f\u00fcr die offene Abformung.<\/p>\n<p>Die Abformpfosten sind aus einer Titanlegierung hergestellt und farbcodiert, dadurch k\u00f6nnen Sie diese leicht zuordnen.<\/p>\n<p>Sie erhalten die Abformpfosten als Set mit einer Schraube. Bei Bedarf k\u00f6nnen Sie den Abformpfosten beliebig oft aufbereiten. Sie erhalten den Abformpfosten unsteril, deshalb sollten Sie die Anleitung zum Aufbereiten von Heliocos in der Gebrauchsanweisung (<a href=\"https:\/\/www.heliocos.de\/medien\">Heliocos Downloads<\/a>) beachten.<\/p>\n<p>Sie d\u00fcrfen die Reponierkappen nach Gebrauch nicht erneut aufbereiten, deshalb k\u00f6nnen Sie diese nachbestellen.<\/p>\n","protected":false},"excerpt":{"rendered":"<p>Abformpfosten f\u00fcr Dentsply\u00ae &#8211; Astra Tech\u00ae EV\u2122 Implantate f\u00fcr die offene Abformung. Die Abformpfosten sind aus einer Titanlegierung hergestellt und farbcodiert, dadurch k\u00f6nnen Sie diese leicht zuordnen. Sie erhalten die Abformpfosten als Set mit einer Schraube. Bei Bedarf k\u00f6nnen Sie den Abformpfosten beliebig oft aufbereiten. Sie erhalten den Abformpfosten unsteril, deshalb sollten Sie die Anleitung [&hellip;]<\/p>\n","protected":false},"featured_media":22522,"template":"","meta":[],"product_brand":[],"product_cat":[41],"product_tag":[89],"class_list":{"0":"post-20673","1":"product","2":"type-product","3":"status-publish","4":"has-post-thumbnail","6":"product_cat-astra-tech-ev","7":"product_tag-abformpfosten","9":"first","10":"instock","11":"taxable","12":"shipping-taxable","13":"purchasable","14":"product-type-variable","15":"has-default-attributes","16":"rtwpvg-product"},"_links":{"self":[{"href":"https:\/\/shop.heliocos.de\/it\/wp-json\/wp\/v2\/product\/20673","targetHints":{"allow":["GET"]}}],"collection":[{"href":"https:\/\/shop.heliocos.de\/it\/wp-json\/wp\/v2\/product"}],"about":[{"href":"https:\/\/shop.heliocos.de\/it\/wp-json\/wp\/v2\/types\/product"}],"wp:featuredmedia":[{"embeddable":true,"href":"https:\/\/shop.heliocos.de\/it\/wp-json\/wp\/v2\/media\/22522"}],"wp:attachment":[{"href":"https:\/\/shop.heliocos.de\/it\/wp-json\/wp\/v2\/media?parent=20673"}],"wp:term":[{"taxonomy":"product_brand","embeddable":true,"href":"https:\/\/shop.heliocos.de\/it\/wp-json\/wp\/v2\/product_brand?post=20673"},{"taxonomy":"product_cat","embeddable":true,"href":"https:\/\/shop.heliocos.de\/it\/wp-json\/wp\/v2\/product_cat?post=20673"},{"taxonomy":"product_tag","embeddable":true,"href":"https:\/\/shop.heliocos.de\/it\/wp-json\/wp\/v2\/product_tag?post=20673"}],"curies":[{"name":"wp","href":"https:\/\/api.w.org\/{rel}","templated":true}]}}