{"id":20605,"date":"2020-06-30T22:09:58","date_gmt":"2020-06-30T20:09:58","guid":{"rendered":"http:\/\/shop.heliocos.de\/produkt\/unkategorisiert\/import-placeholder-for-260\/"},"modified":"2020-12-24T17:44:13","modified_gmt":"2020-12-24T16:44:13","slug":"titanbasis-astra-tech-tx","status":"publish","type":"product","link":"https:\/\/shop.heliocos.de\/it\/prodotto\/dentsply-it\/astra-tech-osseospeed-tx-it\/titanbasis-astra-tech-tx\/","title":{"rendered":"Titanbasis f\u00fcr Astra Tech\u00ae OsseoSpeed\u00ae TX"},"content":{"rendered":"<p>Titanbasis f\u00fcr Dentsply\u00ae &#8211; Astra Tech\u00ae OsseoSpeed\u00ae TX Implantate. Nutzen Sie die Titanbasis f\u00fcr okklusal verschraubte Kronen. Sie k\u00f6nnen zwischen unterschiedlichen Kaminh\u00f6hen w\u00e4hlen, je nach Patientensituation. Weiterhin haben Sie die Wahl, ob Sie die Titanbasis mit oder ohne Index w\u00e4hlen. Titanbasen ohne Rotationsschutz sind f\u00fcr Steg- und Br\u00fcckenkonstruktionen vorgesehen.<\/p>\n<p>Die Titanbasen sind aus einer Titanlegierung hergestellt, dadurch sind eine hervorragende Biokompatibilit\u00e4t und eine hohe Festigkeit gew\u00e4hrleistet. Heliocos Titanbasen besitzen eine hervorragende Dauerschwingfestigkeit, wodurch eine langlebige Versorgung erreicht wird. Deshalb geben wir 30 Jahre Herstellergarantie auf die Heliocos Titanbasen.<\/p>\n<p>Nutzen Sie den\u00a0<a href=\"http:\/\/shop.heliocos.de\/produkt\/dentsply\/astra-tech-osseospeed-tx\/scanbody-astra-tech-tx\/\">Scanbody f\u00fcr Astra Tech\u00ae OsseoSpeed\u00ae TX<\/a> von Heliocos, um die Vorteile der CAD\/CAM Prozesskette maximal auszunutzen.<\/p>\n<p>Sie erhalten die Titanbasen mit einer definitiven Abutmentschraube. Die Abutmentschraube ist ebenfalls aus einer Titanlegierung gefertigt. Nutzen Sie weiterhin Ihre originalen Instrumente oder Instrumente von Heliocos <a href=\"http:\/\/shop.heliocos.de\/produkt\/instrumente\/eindrehinstrument-hex\/\">(Eindrehinstrument Hex<\/a>). Titanbasis und Abutmentschraube werden als Set ausgeliefert. Bereiten Sie die Teile vor dem Einsatz auf. Bitte beachten Sie hierzu die Anleitung von Heliocos in der Gebrauchsanweisung (<a href=\"https:\/\/www.heliocos.de\/medien\">Heliocos Downloads).<\/a><\/p>\n","protected":false},"excerpt":{"rendered":"<p>Titanbasis f\u00fcr Dentsply\u00ae &#8211; Astra Tech\u00ae OsseoSpeed\u00ae TX Implantate. Nutzen Sie die Titanbasis f\u00fcr okklusal verschraubte Kronen. Sie k\u00f6nnen zwischen unterschiedlichen Kaminh\u00f6hen w\u00e4hlen, je nach Patientensituation. Weiterhin haben Sie die Wahl, ob Sie die Titanbasis mit oder ohne Index w\u00e4hlen. Titanbasen ohne Rotationsschutz sind f\u00fcr Steg- und Br\u00fcckenkonstruktionen vorgesehen. Die Titanbasen sind aus einer Titanlegierung [&hellip;]<\/p>\n","protected":false},"featured_media":13512,"template":"","meta":[],"product_brand":[],"product_cat":[40],"product_tag":[84],"class_list":{"0":"post-20605","1":"product","2":"type-product","3":"status-publish","4":"has-post-thumbnail","6":"product_cat-astra-tech-osseospeed-tx","7":"product_tag-titanbasis","9":"first","10":"instock","11":"taxable","12":"shipping-taxable","13":"purchasable","14":"product-type-variable","15":"rtwpvg-product"},"_links":{"self":[{"href":"https:\/\/shop.heliocos.de\/it\/wp-json\/wp\/v2\/product\/20605","targetHints":{"allow":["GET"]}}],"collection":[{"href":"https:\/\/shop.heliocos.de\/it\/wp-json\/wp\/v2\/product"}],"about":[{"href":"https:\/\/shop.heliocos.de\/it\/wp-json\/wp\/v2\/types\/product"}],"wp:featuredmedia":[{"embeddable":true,"href":"https:\/\/shop.heliocos.de\/it\/wp-json\/wp\/v2\/media\/13512"}],"wp:attachment":[{"href":"https:\/\/shop.heliocos.de\/it\/wp-json\/wp\/v2\/media?parent=20605"}],"wp:term":[{"taxonomy":"product_brand","embeddable":true,"href":"https:\/\/shop.heliocos.de\/it\/wp-json\/wp\/v2\/product_brand?post=20605"},{"taxonomy":"product_cat","embeddable":true,"href":"https:\/\/shop.heliocos.de\/it\/wp-json\/wp\/v2\/product_cat?post=20605"},{"taxonomy":"product_tag","embeddable":true,"href":"https:\/\/shop.heliocos.de\/it\/wp-json\/wp\/v2\/product_tag?post=20605"}],"curies":[{"name":"wp","href":"https:\/\/api.w.org\/{rel}","templated":true}]}}