{"id":20566,"date":"2020-06-30T22:09:51","date_gmt":"2020-06-30T20:09:51","guid":{"rendered":"http:\/\/shop.heliocos.de\/produkt\/unkategorisiert\/import-placeholder-for-231\/"},"modified":"2022-04-19T13:05:13","modified_gmt":"2022-04-19T11:05:13","slug":"gewinkeltes-abutment-dentsply-ankylos","status":"publish","type":"product","link":"https:\/\/shop.heliocos.de\/it\/prodotto\/dentsply-it\/ankylos-it\/gewinkeltes-abutment-dentsply-ankylos\/","title":{"rendered":"Gewinkeltes Abutment f\u00fcr Ankylos\u00ae"},"content":{"rendered":"<p>Abgewinkelter Aufbau passend zu Dentsply\u00ae &#8211; Ankylos\u00ae. Das abgewinkelte Abutment ist aus einer Titanlegierung hergestellt. Dadurch sind eine hervorragende Biokompatibilit\u00e4t und eine hohe Festigkeit gew\u00e4hrleistet. Sie k\u00f6nnen zwischen indexierten oder nicht-indexierten Abutments ausw\u00e4hlen. Die abgewinkelten Abutments sind f\u00fcr eine zementierte Versorgung vorgesehen. Sie k\u00f6nnen aus unterschiedlichen Gingivah\u00f6hen (1,5 mm und 3 mm) ausw\u00e4hlen. Indexierte Abutments bekommen Sie mit 15\u00b0 und 25\u00b0 Abwinkelung. Eine hochpr\u00e4zise Verbindung zeichnet das abgewinkelte Sekund\u00e4rteil aus. Deshalb geben wir 30 Jahre Herstellergarantie auf die gewinkelten Abutments.<\/p>\n<p>Bei Heliocos Abutments f\u00fcr Ankylos\u00ae k\u00f6nnen Sie die Abutmentschraube vom Abutment l\u00f6sen. Dadurch haben Sie die M\u00f6glichkeit, eine Laborschraube einzusetzen. Deshalb kann eine unversehrte, definitive Abutmentschraube eingesetzt werden.<\/p>\n<p>Die abgewinkelten Sekund\u00e4rteile werden mit einer definitiven Abutmentschraube als Set ausgeliefert. Die Abutmentschraube ist ebenfalls aus einer Titanlegierung hergestellt. Sie k\u00f6nnen Ihre originalen Instrumente weiterhin benutzen, oder Instrumente von Heliocos verwenden (<a href=\"http:\/\/shop.heliocos.de\/produkt\/instrumente\/eindrehinstrument-hex\/\">Eindrehinstrument Hex)<\/a>. Abgewinkeltes Abutment und Abutmentschraube werden als Set ausgeliefert. Weil die Teile unsteril sind, m\u00fcssen Sie m\u00fcssen die Produkte vor dem Einsatz aufbereiten. Bitte beachten Sie hierzu die Anleitung von Heliocos in der Gebrauchsanweisung (<a href=\"https:\/\/www.heliocos.de\/medien\">Heliocos Downloads<\/a>).<\/p>\n","protected":false},"excerpt":{"rendered":"<p>Abgewinkelter Aufbau passend zu Dentsply\u00ae &#8211; Ankylos\u00ae. Das abgewinkelte Abutment ist aus einer Titanlegierung hergestellt. Dadurch sind eine hervorragende Biokompatibilit\u00e4t und eine hohe Festigkeit gew\u00e4hrleistet. Sie k\u00f6nnen zwischen indexierten oder nicht-indexierten Abutments ausw\u00e4hlen. Die abgewinkelten Abutments sind f\u00fcr eine zementierte Versorgung vorgesehen. Sie k\u00f6nnen aus unterschiedlichen Gingivah\u00f6hen (1,5 mm und 3 mm) ausw\u00e4hlen. Indexierte Abutments [&hellip;]<\/p>\n","protected":false},"featured_media":13433,"template":"","meta":[],"product_brand":[],"product_cat":[39],"product_tag":[92],"class_list":{"0":"post-20566","1":"product","2":"type-product","3":"status-publish","4":"has-post-thumbnail","6":"product_cat-ankylos","7":"product_tag-gewinkeltes-abutment","9":"first","10":"instock","11":"taxable","12":"shipping-taxable","13":"purchasable","14":"product-type-variable","15":"rtwpvg-product"},"_links":{"self":[{"href":"https:\/\/shop.heliocos.de\/it\/wp-json\/wp\/v2\/product\/20566","targetHints":{"allow":["GET"]}}],"collection":[{"href":"https:\/\/shop.heliocos.de\/it\/wp-json\/wp\/v2\/product"}],"about":[{"href":"https:\/\/shop.heliocos.de\/it\/wp-json\/wp\/v2\/types\/product"}],"wp:featuredmedia":[{"embeddable":true,"href":"https:\/\/shop.heliocos.de\/it\/wp-json\/wp\/v2\/media\/13433"}],"wp:attachment":[{"href":"https:\/\/shop.heliocos.de\/it\/wp-json\/wp\/v2\/media?parent=20566"}],"wp:term":[{"taxonomy":"product_brand","embeddable":true,"href":"https:\/\/shop.heliocos.de\/it\/wp-json\/wp\/v2\/product_brand?post=20566"},{"taxonomy":"product_cat","embeddable":true,"href":"https:\/\/shop.heliocos.de\/it\/wp-json\/wp\/v2\/product_cat?post=20566"},{"taxonomy":"product_tag","embeddable":true,"href":"https:\/\/shop.heliocos.de\/it\/wp-json\/wp\/v2\/product_tag?post=20566"}],"curies":[{"name":"wp","href":"https:\/\/api.w.org\/{rel}","templated":true}]}}