{"id":20563,"date":"2020-06-30T22:09:51","date_gmt":"2020-06-30T20:09:51","guid":{"rendered":"http:\/\/shop.heliocos.de\/produkt\/unkategorisiert\/import-placeholder-for-226\/"},"modified":"2020-12-24T17:51:13","modified_gmt":"2020-12-24T16:51:13","slug":"gerades-abutment-dentsply-ankylos","status":"publish","type":"product","link":"https:\/\/shop.heliocos.de\/it\/prodotto\/dentsply-it\/ankylos-it\/gerades-abutment-dentsply-ankylos\/","title":{"rendered":"Gerades Abutment f\u00fcr Ankylos\u00ae"},"content":{"rendered":"<p>Gerades Abutment f\u00fcr Dentsply\u00ae &#8211; Ankylos\u00ae Implantate. Das Sekund\u00e4rteil ist aus einer Titanlegierung hergestellt. Dadurch sind eine hervorragende Biokompatibilit\u00e4t und eine hohe Festigkeit gew\u00e4hrleistet. Sie k\u00f6nnen zwischen indexierten oder nicht-indexierten Abutments ausw\u00e4hlen. Die Abutments sind f\u00fcr eine zementierte Versorgung vorgesehen. Sie k\u00f6nnen aus unterschiedlichen Gingivah\u00f6hen (1,5 mm und 3 mm) ausw\u00e4hlen. Eine hochpr\u00e4zise Verbindung zeichnet das gerade Sekund\u00e4rteil aus. Deshalb geben wir 30 Jahre Herstellergarantie auf die geraden Abutments.<\/p>\n<p>Heliocos Abutments f\u00fcr Ankylos\u00ae und Abutmentschraube sind voneinander trennbar. Dadurch haben Sie die M\u00f6glichkeit, eine Laborschraube einzusetzen. Deshalb kann eine unversehrte, definitive Abutmentschraube eingesetzt werden.<\/p>\n<p>Die geraden Sekund\u00e4rteile werden mit einer definitiven Abutmentschraube ausgeliefert. Die Abutmentschraube ist ebenfalls aus einer Titanlegierung hergestellt. Sie k\u00f6nnen Ihre originalen Instrumente weiterhin benutzen, oder Instrumente von Heliocos verwenden. Gerades Abutment und Abutmentschraube werden als Set ausgeliefert. Bereiten Sie die Teile vor dem Einsatz auf. Bitte beachten Sie hierzu die Anleitung von Heliocos in der Gebrauchsanweisung (<a href=\"https:\/\/www.heliocos.de\/medien\">Heliocos Downloads<\/a>).<\/p>\n<p>Zu den geraden Abutments passend zu Ankylos\u00ae k\u00f6nnen Sie ebenfalls die passenden Instrumente bestellen\u00a0<a href=\"http:\/\/shop.heliocos.de\/produkt\/instrumente\/eindrehinstrument-hex\/\">(Eindrehinstrument Hex<\/a>).<\/p>\n","protected":false},"excerpt":{"rendered":"<p>Gerades Abutment f\u00fcr Dentsply\u00ae &#8211; Ankylos\u00ae Implantate. Das Sekund\u00e4rteil ist aus einer Titanlegierung hergestellt. Dadurch sind eine hervorragende Biokompatibilit\u00e4t und eine hohe Festigkeit gew\u00e4hrleistet. Sie k\u00f6nnen zwischen indexierten oder nicht-indexierten Abutments ausw\u00e4hlen. Die Abutments sind f\u00fcr eine zementierte Versorgung vorgesehen. Sie k\u00f6nnen aus unterschiedlichen Gingivah\u00f6hen (1,5 mm und 3 mm) ausw\u00e4hlen. Eine hochpr\u00e4zise Verbindung zeichnet [&hellip;]<\/p>\n","protected":false},"featured_media":13419,"template":"","meta":[],"product_brand":[],"product_cat":[39],"product_tag":[87],"class_list":{"0":"post-20563","1":"product","2":"type-product","3":"status-publish","4":"has-post-thumbnail","6":"product_cat-ankylos","7":"product_tag-gerades-abutment","9":"first","10":"instock","11":"taxable","12":"shipping-taxable","13":"purchasable","14":"product-type-variable","15":"rtwpvg-product"},"_links":{"self":[{"href":"https:\/\/shop.heliocos.de\/it\/wp-json\/wp\/v2\/product\/20563","targetHints":{"allow":["GET"]}}],"collection":[{"href":"https:\/\/shop.heliocos.de\/it\/wp-json\/wp\/v2\/product"}],"about":[{"href":"https:\/\/shop.heliocos.de\/it\/wp-json\/wp\/v2\/types\/product"}],"wp:featuredmedia":[{"embeddable":true,"href":"https:\/\/shop.heliocos.de\/it\/wp-json\/wp\/v2\/media\/13419"}],"wp:attachment":[{"href":"https:\/\/shop.heliocos.de\/it\/wp-json\/wp\/v2\/media?parent=20563"}],"wp:term":[{"taxonomy":"product_brand","embeddable":true,"href":"https:\/\/shop.heliocos.de\/it\/wp-json\/wp\/v2\/product_brand?post=20563"},{"taxonomy":"product_cat","embeddable":true,"href":"https:\/\/shop.heliocos.de\/it\/wp-json\/wp\/v2\/product_cat?post=20563"},{"taxonomy":"product_tag","embeddable":true,"href":"https:\/\/shop.heliocos.de\/it\/wp-json\/wp\/v2\/product_tag?post=20563"}],"curies":[{"name":"wp","href":"https:\/\/api.w.org\/{rel}","templated":true}]}}