{"id":20547,"date":"2020-06-30T22:09:50","date_gmt":"2020-06-30T20:09:50","guid":{"rendered":"http:\/\/shop.heliocos.de\/produkt\/unkategorisiert\/import-placeholder-for-216\/"},"modified":"2025-03-17T14:03:23","modified_gmt":"2025-03-17T13:03:23","slug":"individuelles-abutment-conelog","status":"publish","type":"product","link":"https:\/\/shop.heliocos.de\/it\/prodotto\/camlog-it\/conelog-it\/individuelles-abutment-conelog\/","title":{"rendered":"Individuelles Abutment f\u00fcr Conelog\u00ae"},"content":{"rendered":"<p>Individuelles Abutment f\u00fcr Conelog\u00ae aus Titan Grade 5. Nutzen Sie die M\u00f6glichkeit, Abutments patientenindividuell einzusetzen.<\/p>\n<p>Die individuellen Abutments werden auf Basis Ihrer CAD Daten gefr\u00e4st. Wir verwenden die CE zertifizierten Fr\u00e4s-Rohlinge von Heliocos.<\/p>\n<p>Nutzen Sie den\u00a0<a href=\"http:\/\/shop.heliocos.de\/produkt\/camlog\/conelog\/scanbody-conelog\/\">Scanbody f\u00fcr Conelog\u00ae<\/a> und CAD Bibliotheken von Heliocos, um ein optimales Ergebnis zu erhalten. Wir liefern Ihnen die individuellen Abutments unsteril aus, deshalb sollten Sie die Anleitung zum Aufbereiten von Heliocos in der Gebrauchsanweisung (<a href=\"https:\/\/www.heliocos.de\/medien\">Heliocos Downloads<\/a>) beachten.<\/p>\n<p>Ein individuelles Abutment wird als Set mit einer definiten Abutmentschraube ausgeliefert. Die Abutmentschraube ist ebenfalls aus einer Titanlegierung gefertigt. Nutzen Sie weiterhin Ihre originalen Instrumente oder Instrumente von Heliocos (\u00a0<a href=\"http:\/\/shop.heliocos.de\/produkt\/instrumente\/eindrehinstrument-hex\/\">Eindrehinstrument Hex<\/a> ).<\/p>\n<p>Wir verpacken die individuellen Abutments einzeln und versehen diese mit Patientenetiketten. Deshalb k\u00f6nnen Sie die Abutments einfach zuordnen.<\/p>\n","protected":false},"excerpt":{"rendered":"<p>Individuelles Abutment f\u00fcr Conelog\u00ae aus Titan Grade 5. Nutzen Sie die M\u00f6glichkeit, Abutments patientenindividuell einzusetzen. Die individuellen Abutments werden auf Basis Ihrer CAD Daten gefr\u00e4st. Wir verwenden die CE zertifizierten Fr\u00e4s-Rohlinge von Heliocos. Nutzen Sie den\u00a0Scanbody f\u00fcr Conelog\u00ae und CAD Bibliotheken von Heliocos, um ein optimales Ergebnis zu erhalten. Wir liefern Ihnen die individuellen Abutments [&hellip;]<\/p>\n","protected":false},"featured_media":19605,"template":"","meta":[],"product_brand":[],"product_cat":[38],"product_tag":[90],"class_list":{"0":"post-20547","1":"product","2":"type-product","3":"status-publish","4":"has-post-thumbnail","6":"product_cat-conelog","7":"product_tag-individuelles-abutment","9":"first","10":"outofstock","11":"taxable","12":"shipping-taxable","13":"purchasable","14":"product-type-variable","15":"rtwpvg-product"},"_links":{"self":[{"href":"https:\/\/shop.heliocos.de\/it\/wp-json\/wp\/v2\/product\/20547","targetHints":{"allow":["GET"]}}],"collection":[{"href":"https:\/\/shop.heliocos.de\/it\/wp-json\/wp\/v2\/product"}],"about":[{"href":"https:\/\/shop.heliocos.de\/it\/wp-json\/wp\/v2\/types\/product"}],"wp:featuredmedia":[{"embeddable":true,"href":"https:\/\/shop.heliocos.de\/it\/wp-json\/wp\/v2\/media\/19605"}],"wp:attachment":[{"href":"https:\/\/shop.heliocos.de\/it\/wp-json\/wp\/v2\/media?parent=20547"}],"wp:term":[{"taxonomy":"product_brand","embeddable":true,"href":"https:\/\/shop.heliocos.de\/it\/wp-json\/wp\/v2\/product_brand?post=20547"},{"taxonomy":"product_cat","embeddable":true,"href":"https:\/\/shop.heliocos.de\/it\/wp-json\/wp\/v2\/product_cat?post=20547"},{"taxonomy":"product_tag","embeddable":true,"href":"https:\/\/shop.heliocos.de\/it\/wp-json\/wp\/v2\/product_tag?post=20547"}],"curies":[{"name":"wp","href":"https:\/\/api.w.org\/{rel}","templated":true}]}}