{"id":20399,"date":"2020-06-30T22:09:20","date_gmt":"2020-06-30T20:09:20","guid":{"rendered":"http:\/\/shop.heliocos.de\/produkt\/unkategorisiert\/import-placeholder-for-58\/"},"modified":"2025-11-14T16:56:43","modified_gmt":"2025-11-14T15:56:43","slug":"gerades-abutment-straumann-bone-level","status":"publish","type":"product","link":"https:\/\/shop.heliocos.de\/it\/prodotto\/bone-level-it\/gerades-abutment-straumann-bone-level\/","title":{"rendered":"Gerades Abutment f\u00fcr Straumann\u00ae \u2013 Bone Level"},"content":{"rendered":"<p style=\"margin: 0cm 0cm 17.0pt 0cm;\">Gerades Sekund\u00e4rteil passend zu Straumann\u00ae &#8211; Bone Level Implantate. Das Sekund\u00e4rteil ist aus einer Titanlegierung hergestellt. Dadurch sind eine hervorragende Biokompatibilit\u00e4t und eine hohe Festigkeit gew\u00e4hrleistet. Die geraden Abutments sind rotationsgesichert und f\u00fcr eine zementierte Versorgung vorgesehen. Sie k\u00f6nnen aus unterschiedlichen Gingivah\u00f6hen (1,5 mm und 3 mm) ausw\u00e4hlen. Eine hochpr\u00e4zise Verbindung zeichnet das gerade Sekund\u00e4rteil aus. Deshalb geben wir 30 Jahre Herstellergarantie auf die geraden Abutments.<\/p>\n<p style=\"margin: 0cm 0cm 17.0pt 0cm;\">Die geraden Sekund\u00e4rteile werden mit einer definitiven Abutmentschraube ausgeliefert. Die Abutmentschraube ist ebenfalls aus einer Titanlegierung hergestellt. Sie k\u00f6nnen Ihre originalen Instrumente weiterhin benutzen, oder Instrumente von Heliocos verwenden. Gerades Abutment und Abutmentschraube werden als Set ausgeliefert. Bereiten Sie die Teile vor dem Einsatz auf. Bitte beachten Sie hierzu die Anleitung von Heliocos in der Gebrauchsanweisung (<a href=\"https:\/\/www.heliocos.de\/medien\"><span style=\"text-decoration: none; text-underline: none;\">Heliocos Downloads<\/span><\/a>).<\/p>\n<p style=\"margin: 0cm 0cm 17.0pt 0cm;\">Zu den geraden Sekund\u00e4rteilen passend zu Straumann\u00ae k\u00f6nnen Sie ebenfalls die passenden Instrumente bestellen\u00a0<a href=\"http:\/\/shop.heliocos.de\/produkt\/instrumente\/straumann-instrumente\/eindrehinstrument-torx\/\">Eindrehinstrument Torx\u00ae<\/a>.<\/p>\n","protected":false},"excerpt":{"rendered":"<p>Gerades Sekund\u00e4rteil passend zu Straumann\u00ae &#8211; Bone Level Implantate. Das Sekund\u00e4rteil ist aus einer Titanlegierung hergestellt. Dadurch sind eine hervorragende Biokompatibilit\u00e4t und eine hohe Festigkeit gew\u00e4hrleistet. Die geraden Abutments sind rotationsgesichert und f\u00fcr eine zementierte Versorgung vorgesehen. Sie k\u00f6nnen aus unterschiedlichen Gingivah\u00f6hen (1,5 mm und 3 mm) ausw\u00e4hlen. Eine hochpr\u00e4zise Verbindung zeichnet das gerade Sekund\u00e4rteil [&hellip;]<\/p>\n","protected":false},"featured_media":12594,"template":"","meta":[],"product_brand":[],"product_cat":[20],"product_tag":[87],"class_list":{"0":"post-20399","1":"product","2":"type-product","3":"status-publish","4":"has-post-thumbnail","6":"product_cat-bone-level","7":"product_tag-gerades-abutment","9":"first","10":"instock","11":"taxable","12":"shipping-taxable","13":"purchasable","14":"product-type-variable","15":"rtwpvg-product"},"_links":{"self":[{"href":"https:\/\/shop.heliocos.de\/it\/wp-json\/wp\/v2\/product\/20399","targetHints":{"allow":["GET"]}}],"collection":[{"href":"https:\/\/shop.heliocos.de\/it\/wp-json\/wp\/v2\/product"}],"about":[{"href":"https:\/\/shop.heliocos.de\/it\/wp-json\/wp\/v2\/types\/product"}],"wp:featuredmedia":[{"embeddable":true,"href":"https:\/\/shop.heliocos.de\/it\/wp-json\/wp\/v2\/media\/12594"}],"wp:attachment":[{"href":"https:\/\/shop.heliocos.de\/it\/wp-json\/wp\/v2\/media?parent=20399"}],"wp:term":[{"taxonomy":"product_brand","embeddable":true,"href":"https:\/\/shop.heliocos.de\/it\/wp-json\/wp\/v2\/product_brand?post=20399"},{"taxonomy":"product_cat","embeddable":true,"href":"https:\/\/shop.heliocos.de\/it\/wp-json\/wp\/v2\/product_cat?post=20399"},{"taxonomy":"product_tag","embeddable":true,"href":"https:\/\/shop.heliocos.de\/it\/wp-json\/wp\/v2\/product_tag?post=20399"}],"curies":[{"name":"wp","href":"https:\/\/api.w.org\/{rel}","templated":true}]}}