{"id":33748,"date":"2025-05-22T16:01:25","date_gmt":"2025-05-22T14:01:25","guid":{"rendered":"https:\/\/shop.heliocos.de\/produkt\/non class\u00e9\/analogue-dimplant-pour-biomet-3i-certain-d34\/"},"modified":"2025-05-22T16:01:25","modified_gmt":"2025-05-22T14:01:25","slug":"analogue-dimplant-pour-biomet-3i-certain-d34","status":"publish","type":"product","link":"https:\/\/shop.heliocos.de\/fr\/produit\/biomet-3i-fr\/certain-fr\/analogue-dimplant-pour-biomet-3i-certain-d34\/","title":{"rendered":"Analogue d&rsquo;implant pour Biomet 3i\u00ae &#8211; Certain\u00ae D3,4"},"content":{"rendered":"<p>Analogue d&rsquo;implant pourAnalogue de laboratoire adapt\u00e9 \u00e0 Biomet 3i\u00ae &#8211; Certain\u00ae. Le code couleur de haute qualit\u00e9 permet de les distinguer et de les classer facilement. Chaque analogue d&rsquo;implant mesure 12 mm de long. Cela vous facilite l&rsquo;utilisation et vous ne devez pas raccourcir les analogues ult\u00e9rieurement.<\/p>\n<p>Avec un diam\u00e8tre de 3,4 mm, 4,1 mm et 5,0 mm, ils sont faciles \u00e0 utiliser. Ils sont fabriqu\u00e9s en alliage de titane.<\/p>\n<p>Profitez des prix \u00e9chelonn\u00e9s attractifs des analogues Heliocos et achetez les analogues de laboratoire par 10 ou par 30. En pack de 10, les analogues d&rsquo;implant co\u00fbtent 9 EUR chacun, en pack de 30, ils co\u00fbtent 8 EUR chacun.<\/p>\n<p>Nos analogues d&rsquo;implant compatibles pour Biomet 3i\u00ae &#8211; Certain\u00ae convainquent par leur grande pr\u00e9cision dimensionnelle et leur qualit\u00e9 \u00e0 un prix attractif. Ils s&rsquo;int\u00e8grent sans probl\u00e8me dans les processus de travail existants au laboratoire et offrent des r\u00e9sultats fiables et constants. Biomet 3i\u00ae &#8211; Certain\u00ae D3,4<\/p>\n","protected":false},"excerpt":{"rendered":"<p>Analogue d&rsquo;implant pourAnalogue de laboratoire adapt\u00e9 \u00e0 Biomet 3i\u00ae &#8211; Certain\u00ae. Le code couleur de haute qualit\u00e9 permet de les distinguer et de les classer facilement. Chaque analogue d&rsquo;implant mesure 12 mm de long. Cela vous facilite l&rsquo;utilisation et vous ne devez pas raccourcir les analogues ult\u00e9rieurement. Avec un diam\u00e8tre de 3,4 mm, 4,1 mm [&hellip;]<\/p>\n","protected":false},"featured_media":33740,"template":"","meta":[],"product_brand":[],"product_cat":[1058,1059],"product_tag":[],"class_list":{"0":"post-33748","1":"product","2":"type-product","3":"status-publish","4":"has-post-thumbnail","6":"product_cat-biomet-3i-fr","7":"product_cat-certain-fr","9":"first","10":"instock","11":"taxable","12":"shipping-taxable","13":"purchasable","14":"product-type-variable","15":"rtwpvg-product"},"_links":{"self":[{"href":"https:\/\/shop.heliocos.de\/fr\/wp-json\/wp\/v2\/product\/33748","targetHints":{"allow":["GET"]}}],"collection":[{"href":"https:\/\/shop.heliocos.de\/fr\/wp-json\/wp\/v2\/product"}],"about":[{"href":"https:\/\/shop.heliocos.de\/fr\/wp-json\/wp\/v2\/types\/product"}],"wp:featuredmedia":[{"embeddable":true,"href":"https:\/\/shop.heliocos.de\/fr\/wp-json\/wp\/v2\/media\/33740"}],"wp:attachment":[{"href":"https:\/\/shop.heliocos.de\/fr\/wp-json\/wp\/v2\/media?parent=33748"}],"wp:term":[{"taxonomy":"product_brand","embeddable":true,"href":"https:\/\/shop.heliocos.de\/fr\/wp-json\/wp\/v2\/product_brand?post=33748"},{"taxonomy":"product_cat","embeddable":true,"href":"https:\/\/shop.heliocos.de\/fr\/wp-json\/wp\/v2\/product_cat?post=33748"},{"taxonomy":"product_tag","embeddable":true,"href":"https:\/\/shop.heliocos.de\/fr\/wp-json\/wp\/v2\/product_tag?post=33748"}],"curies":[{"name":"wp","href":"https:\/\/api.w.org\/{rel}","templated":true}]}}