{"id":32637,"date":"2023-08-23T13:36:57","date_gmt":"2023-08-23T11:36:58","guid":{"rendered":"https:\/\/shop.heliocos.de\/?post_type=product&#038;p=32637"},"modified":"2025-05-23T08:47:07","modified_gmt":"2025-05-23T06:47:07","slug":"analogue-dimplant-pour-megagen-anyridge-kopie","status":"publish","type":"product","link":"https:\/\/shop.heliocos.de\/fr\/produit\/anthogyr-fr\/axiom-bl-x3-fr\/analogue-dimplant-pour-megagen-anyridge-kopie\/","title":{"rendered":"Analogue d&rsquo;implant pour Anthogyr\u00ae &#8211; Axiom\u00ae BL \/ X3"},"content":{"rendered":"<p>Analogue de laboratoire adapt\u00e9 aux piliers Anthogyr\u00ae &#8211; Axiom\u00ae BL \/ X3. L&rsquo;analogue est fabriqu\u00e9 en titane grade 5 (Ti6Al4V). Chaque analogue de laboratoire mesure 12 mm de long, ce qui vous facilite l&rsquo;utilisation.<\/p>\n<p>Tous les analogues de laboratoire sont fabriqu\u00e9s \u00e0 partir d&rsquo;un alliage de titane.<\/p>\n<p>Profitez du rapport qualit\u00e9-prix attractif des analogues Heliocos, c&rsquo;est pourquoi nous proposons des prix \u00e9chelonn\u00e9s. Dans un paquet de 10, l&rsquo;analogue de laboratoire co\u00fbte 9 EUR chacun, dans un paquet de 30 l&rsquo;analogue de laboratoire co\u00fbte 8 EUR chacun.<\/p>\n<p>Utilisez les analogues de laboratoire adapt\u00e9s \u00e0 Anthogyr\u00ae &#8211; Axiom\u00ae BL \/ X3 \u00e9galement pour les mod\u00e8les imprim\u00e9s. Pour ce faire, t\u00e9l\u00e9chargez nos biblioth\u00e8ques. T\u00e9l\u00e9chargez les biblioth\u00e8ques pour votre flux de travail num\u00e9rique depuis Heliocos (T\u00e9l\u00e9chargements Heliocos).<\/p>\n","protected":false},"excerpt":{"rendered":"<p>Analogue de laboratoire adapt\u00e9 aux piliers Anthogyr\u00ae &#8211; Axiom\u00ae BL \/ X3. L&rsquo;analogue est fabriqu\u00e9 en titane grade 5 (Ti6Al4V). Chaque analogue de laboratoire mesure 12 mm de long, ce qui vous facilite l&rsquo;utilisation. Tous les analogues de laboratoire sont fabriqu\u00e9s \u00e0 partir d&rsquo;un alliage de titane. Profitez du rapport qualit\u00e9-prix attractif des analogues Heliocos, [&hellip;]<\/p>\n","protected":false},"featured_media":32642,"template":"","meta":[],"product_brand":[],"product_cat":[1043,1044],"product_tag":[260],"class_list":{"0":"post-32637","1":"product","2":"type-product","3":"status-publish","4":"has-post-thumbnail","6":"product_cat-anthogyr-fr","7":"product_cat-axiom-bl-x3-fr","8":"product_tag-analogue-dimplant","10":"first","11":"instock","12":"taxable","13":"shipping-taxable","14":"purchasable","15":"product-type-simple"},"_links":{"self":[{"href":"https:\/\/shop.heliocos.de\/fr\/wp-json\/wp\/v2\/product\/32637","targetHints":{"allow":["GET"]}}],"collection":[{"href":"https:\/\/shop.heliocos.de\/fr\/wp-json\/wp\/v2\/product"}],"about":[{"href":"https:\/\/shop.heliocos.de\/fr\/wp-json\/wp\/v2\/types\/product"}],"wp:featuredmedia":[{"embeddable":true,"href":"https:\/\/shop.heliocos.de\/fr\/wp-json\/wp\/v2\/media\/32642"}],"wp:attachment":[{"href":"https:\/\/shop.heliocos.de\/fr\/wp-json\/wp\/v2\/media?parent=32637"}],"wp:term":[{"taxonomy":"product_brand","embeddable":true,"href":"https:\/\/shop.heliocos.de\/fr\/wp-json\/wp\/v2\/product_brand?post=32637"},{"taxonomy":"product_cat","embeddable":true,"href":"https:\/\/shop.heliocos.de\/fr\/wp-json\/wp\/v2\/product_cat?post=32637"},{"taxonomy":"product_tag","embeddable":true,"href":"https:\/\/shop.heliocos.de\/fr\/wp-json\/wp\/v2\/product_tag?post=32637"}],"curies":[{"name":"wp","href":"https:\/\/api.w.org\/{rel}","templated":true}]}}