{"id":32302,"date":"2023-05-11T13:33:58","date_gmt":"2023-05-11T11:33:59","guid":{"rendered":"https:\/\/shop.heliocos.de\/?post_type=product&#038;p=32302"},"modified":"2023-05-11T13:53:15","modified_gmt":"2023-05-11T11:53:15","slug":"analogue-dimplant-pour-straumann-bone-level-kopie","status":"publish","type":"product","link":"https:\/\/shop.heliocos.de\/fr\/produit\/straumann-fr-2\/blx-fr\/analogue-dimplant-pour-straumann-bone-level-kopie\/","title":{"rendered":"Analogue d&rsquo;implant pour Straumann\u00ae \u2013 BLX"},"content":{"rendered":"<p>Analogue de laboratoire adapt\u00e9 \u00e0 Straumann\u00ae &#8211; BLX. Le codage couleur de haute qualit\u00e9 permet une diff\u00e9renciation et une attribution faciles. Chaque analogue de laboratoire mesure 12 mm de long. Cela vous facilite l&rsquo;utilisation et vous n&rsquo;avez pas besoin de raccourcir les analogues par la suite.<\/p>\n<p>Avec un diam\u00e8tre de 3,5 mm (RB) ou 4,1 mm (WB), ils sont faciles \u00e0 utiliser. Ils sont fabriqu\u00e9s \u00e0 partir d&rsquo;un alliage de titane.<\/p>\n<p>Profitez des prix d\u00e9grad\u00e9s attractifs des analogues Heliocos et achetez les analogues de laboratoire en paquets de 10 ou 30. Dans un paquet de 10, l&rsquo;analogue de laboratoire co\u00fbte 9 EUR chacun, dans un paquet de 30 l&rsquo;analogue de laboratoire co\u00fbte 8 EUR chacun.<\/p>\n<p>Vous recevez les analogues de laboratoire non st\u00e9riles. Vous pouvez \u00e9galement utiliser les analogues de laboratoire pour les mod\u00e8les imprim\u00e9s pour correspondre \u00e0 Straumann\u00ae &#8211; Bone Level. Utilisez les biblioth\u00e8ques Heliocos pour votre flux de travail num\u00e9rique (T\u00e9l\u00e9chargements Heliocos).<\/p>\n","protected":false},"excerpt":{"rendered":"<p>Analogue de laboratoire adapt\u00e9 \u00e0 Straumann\u00ae &#8211; BLX. Le codage couleur de haute qualit\u00e9 permet une diff\u00e9renciation et une attribution faciles. Chaque analogue de laboratoire mesure 12 mm de long. Cela vous facilite l&rsquo;utilisation et vous n&rsquo;avez pas besoin de raccourcir les analogues par la suite. Avec un diam\u00e8tre de 3,5 mm (RB) ou 4,1 [&hellip;]<\/p>\n","protected":false},"featured_media":32323,"template":"","meta":[],"product_brand":[],"product_cat":[1011],"product_tag":[260,1013,1012],"class_list":{"0":"post-32302","1":"product","2":"type-product","3":"status-publish","4":"has-post-thumbnail","6":"product_cat-blx-fr","7":"product_tag-analogue-dimplant","8":"product_tag-blx-fr","9":"product_tag-straumann-fr","11":"first","12":"instock","13":"taxable","14":"shipping-taxable","15":"purchasable","16":"product-type-variable","17":"rtwpvg-product"},"_links":{"self":[{"href":"https:\/\/shop.heliocos.de\/fr\/wp-json\/wp\/v2\/product\/32302","targetHints":{"allow":["GET"]}}],"collection":[{"href":"https:\/\/shop.heliocos.de\/fr\/wp-json\/wp\/v2\/product"}],"about":[{"href":"https:\/\/shop.heliocos.de\/fr\/wp-json\/wp\/v2\/types\/product"}],"wp:featuredmedia":[{"embeddable":true,"href":"https:\/\/shop.heliocos.de\/fr\/wp-json\/wp\/v2\/media\/32323"}],"wp:attachment":[{"href":"https:\/\/shop.heliocos.de\/fr\/wp-json\/wp\/v2\/media?parent=32302"}],"wp:term":[{"taxonomy":"product_brand","embeddable":true,"href":"https:\/\/shop.heliocos.de\/fr\/wp-json\/wp\/v2\/product_brand?post=32302"},{"taxonomy":"product_cat","embeddable":true,"href":"https:\/\/shop.heliocos.de\/fr\/wp-json\/wp\/v2\/product_cat?post=32302"},{"taxonomy":"product_tag","embeddable":true,"href":"https:\/\/shop.heliocos.de\/fr\/wp-json\/wp\/v2\/product_tag?post=32302"}],"curies":[{"name":"wp","href":"https:\/\/api.w.org\/{rel}","templated":true}]}}