{"id":29104,"date":"2021-05-27T12:48:53","date_gmt":"2021-05-27T10:48:53","guid":{"rendered":"http:\/\/shop.heliocos.de\/produkt\/non%20class\u00e9\/matrice-pour-coiffes\/"},"modified":"2025-06-23T10:14:28","modified_gmt":"2025-06-23T08:14:28","slug":"matrice-pour-coiffes","status":"publish","type":"product","link":"https:\/\/shop.heliocos.de\/fr\/produit\/heli-loc-fr\/matrice-pour-coiffes\/","title":{"rendered":"Matrice pour coiffes"},"content":{"rendered":"<p>Matrice pour coiffes de r\u00e9tention en titane grade 5.<\/p>\n<p>La matrice est livr\u00e9e par lot de 2. L&rsquo;ensemble ne contient pas des coiffes de r\u00e9tention.<\/p>\n<p>Veuillez noter que la matrice ne peut \u00eatre combin\u00e9e qu&rsquo;avec les inserts de r\u00e9tention Heliocos (par exemple, <a href=\"https:\/\/shop.heliocos.de\/de\/produkt\/heli-loc\/retentionseinsatz-mit-pin-lila-18-kg\/\">l&rsquo;insert de r\u00e9tention<\/a>). Les inserts de r\u00e9tention d&rsquo;autres fabricants ne s&rsquo;adaptent pas \u00e0 la matrice.<\/p>\n","protected":false},"excerpt":{"rendered":"<p>Matrice pour coiffes de r\u00e9tention en titane grade 5. La matrice est livr\u00e9e par lot de 2. L&rsquo;ensemble ne contient pas des coiffes de r\u00e9tention. Veuillez noter que la matrice ne peut \u00eatre combin\u00e9e qu&rsquo;avec les inserts de r\u00e9tention Heliocos (par exemple, l&rsquo;insert de r\u00e9tention). Les inserts de r\u00e9tention d&rsquo;autres fabricants ne s&rsquo;adaptent pas \u00e0 [&hellip;]<\/p>\n","protected":false},"featured_media":28964,"template":"","meta":[],"product_brand":[],"product_cat":[432],"product_tag":[937],"class_list":{"0":"post-29104","1":"product","2":"type-product","3":"status-publish","4":"has-post-thumbnail","6":"product_cat-heli-loc-fr","7":"product_tag-heli-loc-fr","9":"first","10":"instock","11":"taxable","12":"shipping-taxable","13":"purchasable","14":"product-type-simple"},"_links":{"self":[{"href":"https:\/\/shop.heliocos.de\/fr\/wp-json\/wp\/v2\/product\/29104","targetHints":{"allow":["GET"]}}],"collection":[{"href":"https:\/\/shop.heliocos.de\/fr\/wp-json\/wp\/v2\/product"}],"about":[{"href":"https:\/\/shop.heliocos.de\/fr\/wp-json\/wp\/v2\/types\/product"}],"wp:featuredmedia":[{"embeddable":true,"href":"https:\/\/shop.heliocos.de\/fr\/wp-json\/wp\/v2\/media\/28964"}],"wp:attachment":[{"href":"https:\/\/shop.heliocos.de\/fr\/wp-json\/wp\/v2\/media?parent=29104"}],"wp:term":[{"taxonomy":"product_brand","embeddable":true,"href":"https:\/\/shop.heliocos.de\/fr\/wp-json\/wp\/v2\/product_brand?post=29104"},{"taxonomy":"product_cat","embeddable":true,"href":"https:\/\/shop.heliocos.de\/fr\/wp-json\/wp\/v2\/product_cat?post=29104"},{"taxonomy":"product_tag","embeddable":true,"href":"https:\/\/shop.heliocos.de\/fr\/wp-json\/wp\/v2\/product_tag?post=29104"}],"curies":[{"name":"wp","href":"https:\/\/api.w.org\/{rel}","templated":true}]}}