{"id":28959,"date":"2021-05-27T14:28:17","date_gmt":"2021-05-27T12:28:17","guid":{"rendered":"http:\/\/shop.heliocos.de\/produkt\/non class\u00e9\/kit-standard-de-laboratoire-sans-broche\/"},"modified":"2021-05-27T14:28:17","modified_gmt":"2021-05-27T12:28:17","slug":"kit-standard-de-laboratoire-sans-broche","status":"publish","type":"product","link":"https:\/\/shop.heliocos.de\/fr\/produit\/heli-loc-fr\/kit-standard-de-laboratoire-sans-broche\/","title":{"rendered":"Kit standard de laboratoire (sans broche)"},"content":{"rendered":"<p>Kit standard de laboratoire (sans broche). Les coiffes de r\u00e9tention pour piliers Heli-Loc peuvent compenser des angulations d&rsquo;implant de 40\u00b0 au total.<\/p>\n<p>Les coiffes de r\u00e9tention s&rsquo;adaptent \u00e9galement au Classic Locator\u00ae et au Kerator\u00ae. Veuillez noter que les coiffes de r\u00e9tention ne s&rsquo;ins\u00e8rent que dans la matrice Heliocos.<\/p>\n<p>Contenu du kit :<\/p>\n<p>Coiffe de r\u00e9tention (jaune) sans broche (0,6 kg)<br \/>\nCoiffe de r\u00e9tention (rose) sans broche (0,8 kg)<br \/>\nCoiffe de r\u00e9tention (transparent) sans broche (1,0 kg)<br \/>\nCoiffe de r\u00e9tention (violette) sans broche (1,5 kg)<br \/>\nCoiffe de r\u00e9tention (noire) sans broche (0 kg)<br \/>\nDisque de protection<br \/>\nMatrice pour les coiffes<\/p>\n","protected":false},"excerpt":{"rendered":"<p>Kit standard de laboratoire (sans broche). Les coiffes de r\u00e9tention pour piliers Heli-Loc peuvent compenser des angulations d&rsquo;implant de 40\u00b0 au total. Les coiffes de r\u00e9tention s&rsquo;adaptent \u00e9galement au Classic Locator\u00ae et au Kerator\u00ae. Veuillez noter que les coiffes de r\u00e9tention ne s&rsquo;ins\u00e8rent que dans la matrice Heliocos. Contenu du kit : Coiffe de r\u00e9tention [&hellip;]<\/p>\n","protected":false},"featured_media":27758,"template":"","meta":[],"product_brand":[],"product_cat":[432],"product_tag":[968,937],"class_list":{"0":"post-28959","1":"product","2":"type-product","3":"status-publish","4":"has-post-thumbnail","6":"product_cat-heli-loc-fr","7":"product_tag-coiffes-de-retention","8":"product_tag-heli-loc-fr","10":"first","11":"instock","12":"taxable","13":"shipping-taxable","14":"purchasable","15":"product-type-simple"},"_links":{"self":[{"href":"https:\/\/shop.heliocos.de\/fr\/wp-json\/wp\/v2\/product\/28959","targetHints":{"allow":["GET"]}}],"collection":[{"href":"https:\/\/shop.heliocos.de\/fr\/wp-json\/wp\/v2\/product"}],"about":[{"href":"https:\/\/shop.heliocos.de\/fr\/wp-json\/wp\/v2\/types\/product"}],"wp:featuredmedia":[{"embeddable":true,"href":"https:\/\/shop.heliocos.de\/fr\/wp-json\/wp\/v2\/media\/27758"}],"wp:attachment":[{"href":"https:\/\/shop.heliocos.de\/fr\/wp-json\/wp\/v2\/media?parent=28959"}],"wp:term":[{"taxonomy":"product_brand","embeddable":true,"href":"https:\/\/shop.heliocos.de\/fr\/wp-json\/wp\/v2\/product_brand?post=28959"},{"taxonomy":"product_cat","embeddable":true,"href":"https:\/\/shop.heliocos.de\/fr\/wp-json\/wp\/v2\/product_cat?post=28959"},{"taxonomy":"product_tag","embeddable":true,"href":"https:\/\/shop.heliocos.de\/fr\/wp-json\/wp\/v2\/product_tag?post=28959"}],"curies":[{"name":"wp","href":"https:\/\/api.w.org\/{rel}","templated":true}]}}