{"id":28907,"date":"2021-09-25T11:43:41","date_gmt":"2021-05-25T09:43:41","guid":{"rendered":"http:\/\/shop.heliocos.de\/produkt\/non class\u00e9\/pilier-heli-loc-pour-dentsply-xive-s\/"},"modified":"2021-05-25T11:43:41","modified_gmt":"2021-05-25T09:43:41","slug":"pilier-heli-loc-pour-dentsply-xive-s","status":"publish","type":"product","link":"https:\/\/shop.heliocos.de\/fr\/produit\/dentsply-fr\/xive-s-fr\/pilier-heli-loc-pour-dentsply-xive-s\/","title":{"rendered":"Pilier Heli-Loc pour Dentsply\u00ae &#8211; Xive\u00ae S"},"content":{"rendered":"<p>Pilier Heli-Loc pour proth\u00e8ses amovibles pour Dentsply\u00ae &#8211; Xive\u00ae S. Vous pouvez restaurer des proth\u00e8ses partielles et compl\u00e8tes avec les piliers Heli-Loc. Le design du pilier Heli-Loc correspond au design du Classic Locator\u00ae et du Kerator\u00ae. Les piliers Heliocos se caract\u00e9risent par des connexions implantaires de haute pr\u00e9cision. C&rsquo;est pourquoi nous accordons une garantie constructeur de 30 ans sur les piliers Heli-Loc.<\/p>\n<p>Les piliers Heli-Loc ont un rev\u00eatement TiN tr\u00e8s dur et biocompatible, qui a d\u00e9j\u00e0 fait ses preuves depuis de nombreuses ann\u00e9es. La partie secondaire de la proth\u00e8se est constitu\u00e9e d&rsquo;un alliage de titane, qui pr\u00e9sente \u00e9galement une excellente biocompatibilit\u00e9. La conception \u00e9prouv\u00e9e vous permet d&rsquo;utiliser les implants m\u00eame avec une forte angulation d&rsquo;implant &#8211; jusqu&rsquo;\u00e0 40 \u00b0 &#8211; et avec un espace occlusal limit\u00e9<\/p>\n<p>Vous pouvez continuer \u00e0 utiliser les \u00e9l\u00e9ments de r\u00e9tention Classic Locator\u00ae ou Kerator\u00ae. Vous pouvez continuer \u00e0 utiliser vos instruments d&rsquo;insertion existants avec une connexion triangulaire ou utiliser <a href=\"https:\/\/shop.heliocos.de\/fr\/produkt\/instrumente-fr\/pilote-pour-heli-loc\/\">l&rsquo;instrument d&rsquo;insertion Heliocos Heli-Loc<\/a>, qui est tr\u00e8s pratique \u00e0 utiliser avec sa longueur de 18 mm. Les piliers Heli-Loc sont propos\u00e9s en diff\u00e9rentes hauteurs.<\/p>\n<p>Heliocos vous propose diff\u00e9rents \u00e9l\u00e9ments de r\u00e9tention avec des forces de retrait de 0,6 kg \u00e0 1,8 kg. Vous pouvez choisir entre des \u00e9l\u00e9ments de r\u00e9tention avec et sans broche, de sorte que vous puissiez compenser des angulations d&rsquo;implant jusqu&rsquo;\u00e0 40\u00b0.<\/p>\n<p>Veuillez noter les instructions d&rsquo;Heliocos dans les instructions d&rsquo;utilisation (<a href=\"https:\/\/static1.squarespace.com\/static\/5d71209ea0a65100011675fb\/t\/60bdfb20c3133d785abd4b03\/1623063343687\/Heliocos+Prothetik_34.008.EN.000_04_2021_03_24_web.pdf\">Heliocos Downloads<\/a>).<\/p>\n","protected":false},"excerpt":{"rendered":"<p>Pilier Heli-Loc pour proth\u00e8ses amovibles pour Dentsply\u00ae &#8211; Xive\u00ae S. Vous pouvez restaurer des proth\u00e8ses partielles et compl\u00e8tes avec les piliers Heli-Loc. Le design du pilier Heli-Loc correspond au design du Classic Locator\u00ae et du Kerator\u00ae. Les piliers Heliocos se caract\u00e9risent par des connexions implantaires de haute pr\u00e9cision. C&rsquo;est pourquoi nous accordons une garantie constructeur [&hellip;]<\/p>\n","protected":false},"featured_media":30576,"template":"","meta":[],"product_brand":[],"product_cat":[229,432],"product_tag":[937],"class_list":{"0":"post-28907","1":"product","2":"type-product","3":"status-publish","4":"has-post-thumbnail","6":"product_cat-xive-s-fr","7":"product_cat-heli-loc-fr","8":"product_tag-heli-loc-fr","10":"first","11":"instock","12":"taxable","13":"shipping-taxable","14":"purchasable","15":"product-type-variable","16":"rtwpvg-product"},"_links":{"self":[{"href":"https:\/\/shop.heliocos.de\/fr\/wp-json\/wp\/v2\/product\/28907","targetHints":{"allow":["GET"]}}],"collection":[{"href":"https:\/\/shop.heliocos.de\/fr\/wp-json\/wp\/v2\/product"}],"about":[{"href":"https:\/\/shop.heliocos.de\/fr\/wp-json\/wp\/v2\/types\/product"}],"wp:featuredmedia":[{"embeddable":true,"href":"https:\/\/shop.heliocos.de\/fr\/wp-json\/wp\/v2\/media\/30576"}],"wp:attachment":[{"href":"https:\/\/shop.heliocos.de\/fr\/wp-json\/wp\/v2\/media?parent=28907"}],"wp:term":[{"taxonomy":"product_brand","embeddable":true,"href":"https:\/\/shop.heliocos.de\/fr\/wp-json\/wp\/v2\/product_brand?post=28907"},{"taxonomy":"product_cat","embeddable":true,"href":"https:\/\/shop.heliocos.de\/fr\/wp-json\/wp\/v2\/product_cat?post=28907"},{"taxonomy":"product_tag","embeddable":true,"href":"https:\/\/shop.heliocos.de\/fr\/wp-json\/wp\/v2\/product_tag?post=28907"}],"curies":[{"name":"wp","href":"https:\/\/api.w.org\/{rel}","templated":true}]}}