{"id":27437,"date":"2021-03-12T15:38:52","date_gmt":"2021-03-12T14:38:52","guid":{"rendered":"http:\/\/shop.heliocos.de\/produkt\/non class\u00e9\/corps-dessai-pour-le-fraisage\/"},"modified":"2021-03-12T15:38:52","modified_gmt":"2021-03-12T14:38:52","slug":"corps-dessai-pour-le-fraisage","status":"publish","type":"product","link":"https:\/\/shop.heliocos.de\/fr\/produit\/accessoires-de-fraisage\/corps-dessai-pour-le-fraisage\/","title":{"rendered":"Corps d&rsquo;essai pour le fraisage (bloc de pilier pr\u00e9usin\u00e9e)"},"content":{"rendered":"<p>Corps de test pour d\u00e9terminer les donn\u00e9es de d\u00e9calage dans la fraiseuse.<\/p>\n<p>Mat\u00e9riau: titane grade 5<\/p>\n<p>Diam\u00e8tre: 11,5 mm<\/p>\n","protected":false},"excerpt":{"rendered":"<p>Corps de test pour d\u00e9terminer les donn\u00e9es de d\u00e9calage dans la fraiseuse. Mat\u00e9riau: titane grade 5 Diam\u00e8tre: 11,5 mm<\/p>\n","protected":false},"featured_media":27436,"template":"","meta":[],"product_brand":[],"product_cat":[689],"product_tag":[666],"class_list":{"0":"post-27437","1":"product","2":"type-product","3":"status-publish","4":"has-post-thumbnail","6":"product_cat-accessoires-de-fraisage","7":"product_tag-bloc-de-parties-secondaires-pre-fraisees","9":"first","10":"instock","11":"taxable","12":"shipping-taxable","13":"purchasable","14":"product-type-simple"},"_links":{"self":[{"href":"https:\/\/shop.heliocos.de\/fr\/wp-json\/wp\/v2\/product\/27437","targetHints":{"allow":["GET"]}}],"collection":[{"href":"https:\/\/shop.heliocos.de\/fr\/wp-json\/wp\/v2\/product"}],"about":[{"href":"https:\/\/shop.heliocos.de\/fr\/wp-json\/wp\/v2\/types\/product"}],"wp:featuredmedia":[{"embeddable":true,"href":"https:\/\/shop.heliocos.de\/fr\/wp-json\/wp\/v2\/media\/27436"}],"wp:attachment":[{"href":"https:\/\/shop.heliocos.de\/fr\/wp-json\/wp\/v2\/media?parent=27437"}],"wp:term":[{"taxonomy":"product_brand","embeddable":true,"href":"https:\/\/shop.heliocos.de\/fr\/wp-json\/wp\/v2\/product_brand?post=27437"},{"taxonomy":"product_cat","embeddable":true,"href":"https:\/\/shop.heliocos.de\/fr\/wp-json\/wp\/v2\/product_cat?post=27437"},{"taxonomy":"product_tag","embeddable":true,"href":"https:\/\/shop.heliocos.de\/fr\/wp-json\/wp\/v2\/product_tag?post=27437"}],"curies":[{"name":"wp","href":"https:\/\/api.w.org\/{rel}","templated":true}]}}