{"id":27278,"date":"2021-03-03T16:48:24","date_gmt":"2021-03-03T15:48:24","guid":{"rendered":"http:\/\/shop.heliocos.de\/produkt\/non class\u00e9\/bloc-de-pilier-preusine-pour-straumann-bone-level-3\/"},"modified":"2021-03-03T16:48:24","modified_gmt":"2021-03-03T15:48:24","slug":"bloc-de-pilier-preusine-pour-straumann-bone-level-3","status":"publish","type":"product","link":"https:\/\/shop.heliocos.de\/fr\/produit\/camlog-fr\/conelog-fr\/bloc-de-pilier-preusine-pour-straumann-bone-level-3\/","title":{"rendered":"Bloc de pilier pr\u00e9usin\u00e9 pour Conelog\u00ae"},"content":{"rendered":"<p>Pilier pr\u00e9-frais\u00e9 pour implants Camlog\u00ae -Conelog\u00ae pour la fabrication de piliers individuels. Vous pouvez choisir entre diff\u00e9rents diam\u00e8tres.<\/p>\n<p>Utilisez le Scanbody d&rsquo;Heliocos pour profiter pleinement de la cha\u00eene de processus CAD \/ CAM.<\/p>\n<p>La pi\u00e8ce secondaire est en alliage de titane. Cela garantit une excellente biocompatibilit\u00e9 et une r\u00e9sistance \u00e9lev\u00e9e.<\/p>\n<p>Vous recevez les piliers pr\u00e9-frais\u00e9s avec une vis de pilier d\u00e9finitive. La vis de pilier est \u00e9galement en alliage de titane. Vous pouvez continuer \u00e0 utiliser vos instruments d&rsquo;origine ou des instruments Heliocos (instruments de vissage). Le pilier pr\u00e9-frais\u00e9 et la vis de pilier sont livr\u00e9s en kit. Pr\u00e9parez les pi\u00e8ces avant utilisation. Veuillez noter les instructions d&rsquo;Heliocos dans le mode d&#8217;emploi (T\u00e9l\u00e9chargements Heliocos).<\/p>\n<p>Les \u00e9bauches de fraisage pr\u00e9-fraisage n\u00e9cessitent des biblioth\u00e8ques FAO sp\u00e9cifiques au produit. Veuillez v\u00e9rifier si votre fournisseur CAM fournit nos biblioth\u00e8ques.<\/p>\n","protected":false},"excerpt":{"rendered":"<p>Pilier pr\u00e9-frais\u00e9 pour implants Camlog\u00ae -Conelog\u00ae pour la fabrication de piliers individuels. Vous pouvez choisir entre diff\u00e9rents diam\u00e8tres. Utilisez le Scanbody d&rsquo;Heliocos pour profiter pleinement de la cha\u00eene de processus CAD \/ CAM. La pi\u00e8ce secondaire est en alliage de titane. Cela garantit une excellente biocompatibilit\u00e9 et une r\u00e9sistance \u00e9lev\u00e9e. Vous recevez les piliers pr\u00e9-frais\u00e9s [&hellip;]<\/p>\n","protected":false},"featured_media":27273,"template":"","meta":[],"product_brand":[],"product_cat":[197],"product_tag":[666],"class_list":{"0":"post-27278","1":"product","2":"type-product","3":"status-publish","4":"has-post-thumbnail","6":"product_cat-conelog-fr","7":"product_tag-bloc-de-parties-secondaires-pre-fraisees","9":"first","10":"instock","11":"taxable","12":"shipping-taxable","13":"purchasable","14":"product-type-variable","15":"rtwpvg-product"},"_links":{"self":[{"href":"https:\/\/shop.heliocos.de\/fr\/wp-json\/wp\/v2\/product\/27278","targetHints":{"allow":["GET"]}}],"collection":[{"href":"https:\/\/shop.heliocos.de\/fr\/wp-json\/wp\/v2\/product"}],"about":[{"href":"https:\/\/shop.heliocos.de\/fr\/wp-json\/wp\/v2\/types\/product"}],"wp:featuredmedia":[{"embeddable":true,"href":"https:\/\/shop.heliocos.de\/fr\/wp-json\/wp\/v2\/media\/27273"}],"wp:attachment":[{"href":"https:\/\/shop.heliocos.de\/fr\/wp-json\/wp\/v2\/media?parent=27278"}],"wp:term":[{"taxonomy":"product_brand","embeddable":true,"href":"https:\/\/shop.heliocos.de\/fr\/wp-json\/wp\/v2\/product_brand?post=27278"},{"taxonomy":"product_cat","embeddable":true,"href":"https:\/\/shop.heliocos.de\/fr\/wp-json\/wp\/v2\/product_cat?post=27278"},{"taxonomy":"product_tag","embeddable":true,"href":"https:\/\/shop.heliocos.de\/fr\/wp-json\/wp\/v2\/product_tag?post=27278"}],"curies":[{"name":"wp","href":"https:\/\/api.w.org\/{rel}","templated":true}]}}