{"id":26187,"date":"2020-10-06T12:04:24","date_gmt":"2021-01-20T12:26:44","guid":{"rendered":"http:\/\/shop.heliocos.de\/?post_type=product&#038;p=26187"},"modified":"2021-07-19T11:34:50","modified_gmt":"2021-07-19T09:34:50","slug":"corps-de-scannage-multi-unit","status":"publish","type":"product","link":"https:\/\/shop.heliocos.de\/fr\/produit\/multi-unit-fr\/corps-de-scannage-multi-unit\/","title":{"rendered":"Corps de scannage Multi-Unit"},"content":{"rendered":"<p>Corps de scannage Multi-Unit avec vis pour piliers multi-unit. Les vis multi-unit sont disponibles avec diff\u00e9rentes connexions d&rsquo;instrument<\/p>\n<p>Hex 1,01 = Ankylos\u00ae<\/p>\n<p>Hex 1,22 = Xive\u00ae S<\/p>\n<p>Hex 1,26 = Zimmer\u00ae, Camlog\u00ae, Astra Tech\u00ae<\/p>\n<p>Torx\u00ae T6 = Straumann\u00ae<\/p>\n<p>Unigrip = Nobel Biocare\u00ae.<\/p>\n<p>Le corps de scannage est en titane grade 4 et poss\u00e8de une anodisation sp\u00e9ciale.<\/p>\n<p>Vous pouvez retraiter le corps de scannage aussi souvent que vous le souhaitez. Vous recevez le corps de scannage non st\u00e9rile. Veuillez noter les instructions d&rsquo;Heliocos dans le mode d&#8217;emploi (<a href=\"https:\/\/www.heliocos.com\/downloads\">T\u00e9l\u00e9chargements Heliocos<\/a>).<\/p>\n<p>Vous recevez le corps de scannage avec une vis de pilier d\u00e9finitive, \u00e9galement en alliage de titane. Vous pouvez continuer \u00e0 utiliser vos instruments d&rsquo;origine ou des instruments d&rsquo;Heliocos (<a href=\"https:\/\/shop.heliocos.de\/fr\/marques%20d%60implants\/instrumente-fr\/\">instrument de vissage<\/a>).<\/p>\n<p>Veuillez noter la disponibilit\u00e9 des biblioth\u00e8ques Heliocos dans la cha\u00eene de processus CAD \/ CAM. Vous pouvez t\u00e9l\u00e9charger les biblioth\u00e8ques depuis le site Web Heliocos (<a href=\"https:\/\/www.heliocos.com\/downloads\">T\u00e9l\u00e9chargements Heliocos<\/a>). D\u00e9couvrez les biblioth\u00e8ques disponibles et les exigences pour la cha\u00eene de processus CAO \/ FAO dans notre article de blog (<a href=\"https:\/\/www.heliocos.com\/blog\">blog Heliocos<\/a>).<\/p>\n","protected":false},"excerpt":{"rendered":"<p>Corps de scannage Multi-Unit avec vis pour piliers multi-unit. Les vis multi-unit sont disponibles avec diff\u00e9rentes connexions d&rsquo;instrument Hex 1,01 = Ankylos\u00ae Hex 1,22 = Xive\u00ae S Hex 1,26 = Zimmer\u00ae, Camlog\u00ae, Astra Tech\u00ae Torx\u00ae T6 = Straumann\u00ae Unigrip = Nobel Biocare\u00ae. Le corps de scannage est en titane grade 4 et poss\u00e8de une anodisation [&hellip;]<\/p>\n","protected":false},"featured_media":24908,"template":"","meta":[],"product_brand":[],"product_cat":[433],"product_tag":[558],"class_list":{"0":"post-26187","1":"product","2":"type-product","3":"status-publish","4":"has-post-thumbnail","6":"product_cat-multi-unit-fr","7":"product_tag-multi-unit-fr-2","9":"first","10":"instock","11":"taxable","12":"shipping-taxable","13":"purchasable","14":"product-type-variable","15":"rtwpvg-product"},"_links":{"self":[{"href":"https:\/\/shop.heliocos.de\/fr\/wp-json\/wp\/v2\/product\/26187","targetHints":{"allow":["GET"]}}],"collection":[{"href":"https:\/\/shop.heliocos.de\/fr\/wp-json\/wp\/v2\/product"}],"about":[{"href":"https:\/\/shop.heliocos.de\/fr\/wp-json\/wp\/v2\/types\/product"}],"wp:featuredmedia":[{"embeddable":true,"href":"https:\/\/shop.heliocos.de\/fr\/wp-json\/wp\/v2\/media\/24908"}],"wp:attachment":[{"href":"https:\/\/shop.heliocos.de\/fr\/wp-json\/wp\/v2\/media?parent=26187"}],"wp:term":[{"taxonomy":"product_brand","embeddable":true,"href":"https:\/\/shop.heliocos.de\/fr\/wp-json\/wp\/v2\/product_brand?post=26187"},{"taxonomy":"product_cat","embeddable":true,"href":"https:\/\/shop.heliocos.de\/fr\/wp-json\/wp\/v2\/product_cat?post=26187"},{"taxonomy":"product_tag","embeddable":true,"href":"https:\/\/shop.heliocos.de\/fr\/wp-json\/wp\/v2\/product_tag?post=26187"}],"curies":[{"name":"wp","href":"https:\/\/api.w.org\/{rel}","templated":true}]}}