{"id":26162,"date":"2020-09-30T11:45:03","date_gmt":"2020-12-15T10:15:32","guid":{"rendered":"http:\/\/shop.heliocos.de\/?post_type=product&#038;p=26162"},"modified":"2021-07-21T11:32:19","modified_gmt":"2021-07-21T09:32:19","slug":"base-en-titane-pour-nobel-biocare-replace","status":"publish","type":"product","link":"https:\/\/shop.heliocos.de\/fr\/produit\/nobel-biocare-fr-2\/nobel-replace-tapered-fr\/base-en-titane-pour-nobel-biocare-replace\/","title":{"rendered":"Base en titane pour Nobel Biocare\u00ae &#8211; Replace"},"content":{"rendered":"<p>Base en titane adapt\u00e9e aux implants Nobel Biocare\u00ae avec connexion interne \u00e0 trois canaux. Utilisez la base adh\u00e9sive en titane pour les couronnes \u00e0 cimenter.<\/p>\n<p>La pi\u00e8ce secondaire est en alliage de titane. Cela garantit une excellente biocompatibilit\u00e9 et une r\u00e9sistance \u00e9lev\u00e9e. Les bases en titane Heliocos ont une excellente r\u00e9sistance \u00e0 la fatigue, ce qui signifie qu&rsquo;une restauration durable est obtenue. C&rsquo;est pourquoi nous offrons une garantie fabricant de 30 ans sur les bases en titane Heliocos.<\/p>\n<p>Vous recevez les bases en titane avec une vis de pilier d\u00e9finitive. La vis de pilier est \u00e9galement en alliage de titane. Vous pouvez continuer \u00e0 utiliser vos instruments d&rsquo;origine ou des instruments d&rsquo;Heliocos (<a href=\"https:\/\/shop.heliocos.de\/fr\/produkt\/instrumente-fr\/tournevis-unigrip\/\">tournevis UniGrip<\/a>). La base en titane et la vis de pilier sont livr\u00e9es en kit. Pr\u00e9parez les pi\u00e8ces avant utilisation. Veuillez vous r\u00e9f\u00e9rer aux instructions Heliocos dans le mode d&#8217;emploi (<a href=\"https:\/\/www.heliocos.com\/downloads\">T\u00e9l\u00e9chargements Heliocos<\/a>).<\/p>\n","protected":false},"excerpt":{"rendered":"<p>Base en titane adapt\u00e9e aux implants Nobel Biocare\u00ae avec connexion interne \u00e0 trois canaux. Utilisez la base adh\u00e9sive en titane pour les couronnes \u00e0 cimenter. La pi\u00e8ce secondaire est en alliage de titane. Cela garantit une excellente biocompatibilit\u00e9 et une r\u00e9sistance \u00e9lev\u00e9e. Les bases en titane Heliocos ont une excellente r\u00e9sistance \u00e0 la fatigue, ce [&hellip;]<\/p>\n","protected":false},"featured_media":26171,"template":"","meta":[],"product_brand":[],"product_cat":[243],"product_tag":[266],"class_list":{"0":"post-26162","1":"product","2":"type-product","3":"status-publish","4":"has-post-thumbnail","6":"product_cat-nobel-replace-tapered-fr","7":"product_tag-base-en-titane","9":"first","10":"instock","11":"taxable","12":"shipping-taxable","13":"purchasable","14":"product-type-variable","15":"rtwpvg-product"},"_links":{"self":[{"href":"https:\/\/shop.heliocos.de\/fr\/wp-json\/wp\/v2\/product\/26162","targetHints":{"allow":["GET"]}}],"collection":[{"href":"https:\/\/shop.heliocos.de\/fr\/wp-json\/wp\/v2\/product"}],"about":[{"href":"https:\/\/shop.heliocos.de\/fr\/wp-json\/wp\/v2\/types\/product"}],"wp:featuredmedia":[{"embeddable":true,"href":"https:\/\/shop.heliocos.de\/fr\/wp-json\/wp\/v2\/media\/26171"}],"wp:attachment":[{"href":"https:\/\/shop.heliocos.de\/fr\/wp-json\/wp\/v2\/media?parent=26162"}],"wp:term":[{"taxonomy":"product_brand","embeddable":true,"href":"https:\/\/shop.heliocos.de\/fr\/wp-json\/wp\/v2\/product_brand?post=26162"},{"taxonomy":"product_cat","embeddable":true,"href":"https:\/\/shop.heliocos.de\/fr\/wp-json\/wp\/v2\/product_cat?post=26162"},{"taxonomy":"product_tag","embeddable":true,"href":"https:\/\/shop.heliocos.de\/fr\/wp-json\/wp\/v2\/product_tag?post=26162"}],"curies":[{"name":"wp","href":"https:\/\/api.w.org\/{rel}","templated":true}]}}