{"id":26124,"date":"2020-09-24T09:56:58","date_gmt":"2020-09-29T11:14:37","guid":{"rendered":"http:\/\/shop.heliocos.de\/?post_type=product&#038;p=26124"},"modified":"2020-11-17T09:49:37","modified_gmt":"2020-11-17T08:49:37","slug":"pilier-angule-8","status":"publish","type":"product","link":"https:\/\/shop.heliocos.de\/fr\/produit\/dentsply-fr\/xive-s-fr\/pilier-angule-8\/","title":{"rendered":"Pilier angul\u00e9 Dentsply\u00ae &#8211; Xive\u00ae S"},"content":{"rendered":"<p>Pilier angul\u00e9 pour correspondre \u00e0 Dentsply\u00ae &#8211; Xive\u00ae S. Le pilier angul\u00e9 est en alliage de titane. Cela garantit une excellente biocompatibilit\u00e9 et une r\u00e9sistance \u00e9lev\u00e9e. Les piliers angul\u00e9s sont destin\u00e9s \u00e0 une restauration ciment\u00e9e et sont donc prot\u00e9g\u00e9s contre la rotation. Le pilier angul\u00e9 se caract\u00e9rise par une connexion de haute pr\u00e9cision. C&rsquo;est pourquoi nous offrons une garantie de 30 ans sur les piliers angul\u00e9s.<\/p>\n<p>Vous pouvez choisir parmi diff\u00e9rentes hauteurs gingivales (1 mm et 2,5 mm) et angles (15 \u00b0 et 25 \u00b0). Les piliers angul\u00e9s sont livr\u00e9s avec une vis d\u00e9finitive. La vis de pilier est \u00e9galement en alliage de titane. Vous pouvez continuer \u00e0 utiliser vos instruments d&rsquo;origine ou utiliser des instruments d&rsquo;Heliocos. Le pilier angul\u00e9 et la vis de pilier sont fournis en kit. Les pi\u00e8ces ne sont pas st\u00e9riles et vous devez retraiter les produits avant utilisation. Veuillez vous r\u00e9f\u00e9rer aux instructions Heliocos dans le mode d&#8217;emploi (T\u00e9l\u00e9chargements Heliocos).<\/p>\n<p>Vous pouvez \u00e9galement commander les instruments appropri\u00e9s pour les piliers angul\u00e9s adapt\u00e9s \u00e0 Dentsply\u00ae &#8211; Xive\u00ae S (tournevis hexagonal).<\/p>\n","protected":false},"excerpt":{"rendered":"<p>Pilier angul\u00e9 pour correspondre \u00e0 Dentsply\u00ae &#8211; Xive\u00ae S. Le pilier angul\u00e9 est en alliage de titane. Cela garantit une excellente biocompatibilit\u00e9 et une r\u00e9sistance \u00e9lev\u00e9e. Les piliers angul\u00e9s sont destin\u00e9s \u00e0 une restauration ciment\u00e9e et sont donc prot\u00e9g\u00e9s contre la rotation. Le pilier angul\u00e9 se caract\u00e9rise par une connexion de haute pr\u00e9cision. C&rsquo;est pourquoi [&hellip;]<\/p>\n","protected":false},"featured_media":26359,"template":"","meta":[],"product_brand":[],"product_cat":[229],"product_tag":[198],"class_list":{"0":"post-26124","1":"product","2":"type-product","3":"status-publish","4":"has-post-thumbnail","6":"product_cat-xive-s-fr","7":"product_tag-pilier-angule","9":"first","10":"instock","11":"taxable","12":"shipping-taxable","13":"purchasable","14":"product-type-variable","15":"rtwpvg-product"},"_links":{"self":[{"href":"https:\/\/shop.heliocos.de\/fr\/wp-json\/wp\/v2\/product\/26124","targetHints":{"allow":["GET"]}}],"collection":[{"href":"https:\/\/shop.heliocos.de\/fr\/wp-json\/wp\/v2\/product"}],"about":[{"href":"https:\/\/shop.heliocos.de\/fr\/wp-json\/wp\/v2\/types\/product"}],"wp:featuredmedia":[{"embeddable":true,"href":"https:\/\/shop.heliocos.de\/fr\/wp-json\/wp\/v2\/media\/26359"}],"wp:attachment":[{"href":"https:\/\/shop.heliocos.de\/fr\/wp-json\/wp\/v2\/media?parent=26124"}],"wp:term":[{"taxonomy":"product_brand","embeddable":true,"href":"https:\/\/shop.heliocos.de\/fr\/wp-json\/wp\/v2\/product_brand?post=26124"},{"taxonomy":"product_cat","embeddable":true,"href":"https:\/\/shop.heliocos.de\/fr\/wp-json\/wp\/v2\/product_cat?post=26124"},{"taxonomy":"product_tag","embeddable":true,"href":"https:\/\/shop.heliocos.de\/fr\/wp-json\/wp\/v2\/product_tag?post=26124"}],"curies":[{"name":"wp","href":"https:\/\/api.w.org\/{rel}","templated":true}]}}