{"id":25857,"date":"2020-09-23T12:51:17","date_gmt":"2020-09-24T06:51:57","guid":{"rendered":"http:\/\/shop.heliocos.de\/?post_type=product&#038;p=25857"},"modified":"2021-03-04T10:36:22","modified_gmt":"2021-03-04T09:36:22","slug":"multi-unit-abutment-9","status":"publish","type":"product","link":"https:\/\/shop.heliocos.de\/fr\/produit\/dentsply-fr\/astra-tech-osseospeed-tx-fr\/multi-unit-abutment-9\/","title":{"rendered":"Pilier Multi-Unit pour Astra Tech\u00ae OsseoSpeed\u00ae TX"},"content":{"rendered":"<p>Pilier multi-unit pour barres viss\u00e9es, adapt\u00e9 pour Dentsply\u00ae &#8211; Astra Tech\u00ae OsseoSpeed\u00ae TX avec conception de chemin\u00e9e multi-plateforme. Vous pouvez fournir diff\u00e9rents syst\u00e8mes d&rsquo;implants avec les piliers multi-unit d&rsquo;Heliocos. Vous pouvez \u00e9galement choisir parmi diff\u00e9rentes hauteurs gingivales. Un excellent rapport qualit\u00e9-prix avec une garantie constructeur de 30 ans.<\/p>\n<p>Les piliers multi-unit sont constitu\u00e9s d&rsquo;un alliage de titane. Par cons\u00e9quent, ils ont une biocompatibilit\u00e9 prouv\u00e9e et une excellente r\u00e9sistance m\u00e9canique. Les piliers multi-unit sont con\u00e7us avec un c\u00f4ne court. C&rsquo;est pourquoi ils conviennent \u00e9galement lorsque l&rsquo;espace est limit\u00e9. Le principe All-on-4\u00ae nous a inspir\u00e9 lors de la construction.<\/p>\n<p>Vous pouvez choisir parmi une vaste gamme de pi\u00e8ces tertiaires pour les piliers multi-unit. Utilisez la cha\u00eene de processus CAD \/ CAM (multi-unit \u00e0 base de titane) ou un flux de travail conventionnel (multi-unit \u00e0 capuchon en titane).<\/p>\n<p>Les biblioth\u00e8ques Heliocos vous offrent une libert\u00e9 maximale dans la conception de barres viss\u00e9es. Soit vous concevez votre travail sur des bases en titane, soit sur une solution directement viss\u00e9e. Avec Heliocos, le choix vous appartient. Vous pouvez facilement t\u00e9l\u00e9charger les biblioth\u00e8ques \u00e0 partir du site Web Heliocos (T\u00e9l\u00e9chargements Heliocos).<\/p>\n<p>Nous vous recommandons d&rsquo;effectuer le scan et l&#8217;empreinte au niveau du pilier. Cela simplifie le processus CAD \/ CAM. Nous livrons les piliers multi-unit avec une aide \u00e0 l&rsquo;insertion pratique. Cela vous permet de les annoncer facilement. Les pi\u00e8ces sont livr\u00e9es non st\u00e9riles. Veuillez vous r\u00e9f\u00e9rer aux instructions Heliocos dans le mode d&#8217;emploi (T\u00e9l\u00e9chargements Heliocos). Utilisez l&rsquo;outil d&rsquo;insertion multi-unit pour une insertion facile des piliers multi-unit.<\/p>\n","protected":false},"excerpt":{"rendered":"<p>Pilier multi-unit pour barres viss\u00e9es, adapt\u00e9 pour Dentsply\u00ae &#8211; Astra Tech\u00ae OsseoSpeed\u00ae TX avec conception de chemin\u00e9e multi-plateforme. Vous pouvez fournir diff\u00e9rents syst\u00e8mes d&rsquo;implants avec les piliers multi-unit d&rsquo;Heliocos. Vous pouvez \u00e9galement choisir parmi diff\u00e9rentes hauteurs gingivales. Un excellent rapport qualit\u00e9-prix avec une garantie constructeur de 30 ans. Les piliers multi-unit sont constitu\u00e9s d&rsquo;un alliage [&hellip;]<\/p>\n","protected":false},"featured_media":25828,"template":"","meta":[],"product_brand":[],"product_cat":[192],"product_tag":[269],"class_list":{"0":"post-25857","1":"product","2":"type-product","3":"status-publish","4":"has-post-thumbnail","6":"product_cat-astra-tech-osseospeed-tx-fr","7":"product_tag-pilier-multi-unit","9":"first","10":"instock","11":"taxable","12":"shipping-taxable","13":"purchasable","14":"product-type-variable","15":"rtwpvg-product"},"_links":{"self":[{"href":"https:\/\/shop.heliocos.de\/fr\/wp-json\/wp\/v2\/product\/25857","targetHints":{"allow":["GET"]}}],"collection":[{"href":"https:\/\/shop.heliocos.de\/fr\/wp-json\/wp\/v2\/product"}],"about":[{"href":"https:\/\/shop.heliocos.de\/fr\/wp-json\/wp\/v2\/types\/product"}],"wp:featuredmedia":[{"embeddable":true,"href":"https:\/\/shop.heliocos.de\/fr\/wp-json\/wp\/v2\/media\/25828"}],"wp:attachment":[{"href":"https:\/\/shop.heliocos.de\/fr\/wp-json\/wp\/v2\/media?parent=25857"}],"wp:term":[{"taxonomy":"product_brand","embeddable":true,"href":"https:\/\/shop.heliocos.de\/fr\/wp-json\/wp\/v2\/product_brand?post=25857"},{"taxonomy":"product_cat","embeddable":true,"href":"https:\/\/shop.heliocos.de\/fr\/wp-json\/wp\/v2\/product_cat?post=25857"},{"taxonomy":"product_tag","embeddable":true,"href":"https:\/\/shop.heliocos.de\/fr\/wp-json\/wp\/v2\/product_tag?post=25857"}],"curies":[{"name":"wp","href":"https:\/\/api.w.org\/{rel}","templated":true}]}}