{"id":25642,"date":"2020-09-23T11:00:07","date_gmt":"2020-09-29T11:27:28","guid":{"rendered":"http:\/\/shop.heliocos.de\/?post_type=product&#038;p=25642"},"modified":"2021-06-29T11:32:18","modified_gmt":"2021-06-29T09:32:18","slug":"tournevis-multi-unit","status":"publish","type":"product","link":"https:\/\/shop.heliocos.de\/fr\/produit\/instrumente-fr\/tournevis-multi-unit\/","title":{"rendered":"Tournevis Multi-Unit"},"content":{"rendered":"<p>Tournevis\u00a0pour piliers multi-unit. Connexion pour cl\u00e9 hexagonale 6.4.<\/p>\n<p>Le produit est livr\u00e9 non st\u00e9rile.<\/p>\n","protected":false},"excerpt":{"rendered":"<p>Tournevis\u00a0pour piliers multi-unit. Connexion pour cl\u00e9 hexagonale 6.4. Le produit est livr\u00e9 non st\u00e9rile.<\/p>\n","protected":false},"featured_media":25641,"template":"","meta":[],"product_brand":[],"product_cat":[231,433],"product_tag":[557,558],"class_list":{"0":"post-25642","1":"product","2":"type-product","3":"status-publish","4":"has-post-thumbnail","6":"product_cat-instrumente-fr","7":"product_cat-multi-unit-fr","8":"product_tag-instrument-fr","9":"product_tag-multi-unit-fr-2","11":"first","12":"instock","13":"taxable","14":"shipping-taxable","15":"purchasable","16":"product-type-simple"},"_links":{"self":[{"href":"https:\/\/shop.heliocos.de\/fr\/wp-json\/wp\/v2\/product\/25642","targetHints":{"allow":["GET"]}}],"collection":[{"href":"https:\/\/shop.heliocos.de\/fr\/wp-json\/wp\/v2\/product"}],"about":[{"href":"https:\/\/shop.heliocos.de\/fr\/wp-json\/wp\/v2\/types\/product"}],"wp:featuredmedia":[{"embeddable":true,"href":"https:\/\/shop.heliocos.de\/fr\/wp-json\/wp\/v2\/media\/25641"}],"wp:attachment":[{"href":"https:\/\/shop.heliocos.de\/fr\/wp-json\/wp\/v2\/media?parent=25642"}],"wp:term":[{"taxonomy":"product_brand","embeddable":true,"href":"https:\/\/shop.heliocos.de\/fr\/wp-json\/wp\/v2\/product_brand?post=25642"},{"taxonomy":"product_cat","embeddable":true,"href":"https:\/\/shop.heliocos.de\/fr\/wp-json\/wp\/v2\/product_cat?post=25642"},{"taxonomy":"product_tag","embeddable":true,"href":"https:\/\/shop.heliocos.de\/fr\/wp-json\/wp\/v2\/product_tag?post=25642"}],"curies":[{"name":"wp","href":"https:\/\/api.w.org\/{rel}","templated":true}]}}