{"id":25618,"date":"2020-09-22T12:16:25","date_gmt":"2020-09-23T09:03:42","guid":{"rendered":"http:\/\/shop.heliocos.de\/?post_type=product&#038;p=25618"},"modified":"2021-04-19T10:28:51","modified_gmt":"2021-04-19T08:28:51","slug":"pilier-dempreinte-multi-unit","status":"publish","type":"product","link":"https:\/\/shop.heliocos.de\/fr\/produit\/multi-unit-fr\/pilier-dempreinte-multi-unit\/","title":{"rendered":"Pilier d&#8217;empreinte Multi-Unit"},"content":{"rendered":"<p>Piliers d&#8217;empreinte pour empreintes ouvertes sur piliers multi-unit. Le pilier d&#8217;empreinte et la vis sont en alliage de titane. La vis pour le pilier d&#8217;empreinte est disponible avec diff\u00e9rents raccords d&rsquo;instrument<\/p>\n<p>Hex 1,01 = Ankylos\u00ae<\/p>\n<p>Hex 1,22 = Xive\u00ae S<\/p>\n<p>Hex 1,26 = Zimmer\u00ae, Camlog\u00ae, Astra Tech\u00ae<\/p>\n<p>Torx\u00ae T6 = Straumann\u00ae<\/p>\n<p>Unigrip = Nobel Biocare\u00ae.<\/p>\n<p>Vous obtenez les piliers d&#8217;empreinte comme un ensemble avec une vis. Si n\u00e9cessaire, vous pouvez retraiter le poste d&#8217;empreinte aussi souvent que vous le souhaitez. Vous recevez le poste d&#8217;empreinte non st\u00e9rile, vous devez donc suivre les instructions de retraitement d&rsquo;Heliocos dans le mode d&#8217;emploi (T\u00e9l\u00e9chargements Heliocos).<\/p>\n","protected":false},"excerpt":{"rendered":"<p>Piliers d&#8217;empreinte pour empreintes ouvertes sur piliers multi-unit. Le pilier d&#8217;empreinte et la vis sont en alliage de titane. La vis pour le pilier d&#8217;empreinte est disponible avec diff\u00e9rents raccords d&rsquo;instrument Hex 1,01 = Ankylos\u00ae Hex 1,22 = Xive\u00ae S Hex 1,26 = Zimmer\u00ae, Camlog\u00ae, Astra Tech\u00ae Torx\u00ae T6 = Straumann\u00ae Unigrip = Nobel Biocare\u00ae. [&hellip;]<\/p>\n","protected":false},"featured_media":24952,"template":"","meta":[],"product_brand":[],"product_cat":[433],"product_tag":[558,269],"class_list":{"0":"post-25618","1":"product","2":"type-product","3":"status-publish","4":"has-post-thumbnail","6":"product_cat-multi-unit-fr","7":"product_tag-multi-unit-fr-2","8":"product_tag-pilier-multi-unit","10":"first","11":"instock","12":"taxable","13":"shipping-taxable","14":"purchasable","15":"product-type-variable","16":"rtwpvg-product"},"_links":{"self":[{"href":"https:\/\/shop.heliocos.de\/fr\/wp-json\/wp\/v2\/product\/25618","targetHints":{"allow":["GET"]}}],"collection":[{"href":"https:\/\/shop.heliocos.de\/fr\/wp-json\/wp\/v2\/product"}],"about":[{"href":"https:\/\/shop.heliocos.de\/fr\/wp-json\/wp\/v2\/types\/product"}],"wp:featuredmedia":[{"embeddable":true,"href":"https:\/\/shop.heliocos.de\/fr\/wp-json\/wp\/v2\/media\/24952"}],"wp:attachment":[{"href":"https:\/\/shop.heliocos.de\/fr\/wp-json\/wp\/v2\/media?parent=25618"}],"wp:term":[{"taxonomy":"product_brand","embeddable":true,"href":"https:\/\/shop.heliocos.de\/fr\/wp-json\/wp\/v2\/product_brand?post=25618"},{"taxonomy":"product_cat","embeddable":true,"href":"https:\/\/shop.heliocos.de\/fr\/wp-json\/wp\/v2\/product_cat?post=25618"},{"taxonomy":"product_tag","embeddable":true,"href":"https:\/\/shop.heliocos.de\/fr\/wp-json\/wp\/v2\/product_tag?post=25618"}],"curies":[{"name":"wp","href":"https:\/\/api.w.org\/{rel}","templated":true}]}}