{"id":25559,"date":"2020-09-17T10:44:32","date_gmt":"2020-09-17T08:44:32","guid":{"rendered":"http:\/\/shop.heliocos.de\/produkt\/non%20class\u00e9\/pilier-de-cicatrisation-12\/"},"modified":"2023-03-21T15:59:24","modified_gmt":"2023-03-21T14:59:24","slug":"vis-de-cicatrisation-12","status":"publish","type":"product","link":"https:\/\/shop.heliocos.de\/fr\/produit\/nobel-biocare-fr-2\/nobelactive-nobelreplace-cc-fr\/vis-de-cicatrisation-12\/","title":{"rendered":"Vis de cicatrisation pour Nobel Biocare\u00ae"},"content":{"rendered":"<p>Vis de cicatrisation adapt\u00e9s aux implants Nobel Biocare\u00ae avec connexion conique interne. Les vis de cicatrisation ont une forme conique. Pour que vous puissiez facilement distinguer les produits, ils sont marqu\u00e9s au laser en haut. Le marquage laser vous donne des informations sur le syst\u00e8me implantaire, la plateforme et la hauteur gingivale. Vous pouvez choisir parmi diff\u00e9rentes hauteurs gingivales, en fonction de la situation du patient.<\/p>\n<p>Les vis de cicatrisation sont fabriqu\u00e9s \u00e0 partir d&rsquo;un alliage de titane. C&rsquo;est pourquoi ils ont une excellente biocompatibilit\u00e9.<\/p>\n<p>Serrez les pi\u00e8ces uniquement \u00e0 la main. Si vous souhaitez toujours utiliser un instrument, vous pouvez utiliser les instruments d&rsquo;origine. Sinon, utilisez simplement les instruments Heliocos (tournevis UniGrip).<\/p>\n<p>Les vis de cicatrisation sont fournis non st\u00e9riles, ils doivent donc \u00eatre retrait\u00e9s. Veuillez vous r\u00e9f\u00e9rer aux instructions Heliocos dans le mode d&#8217;emploi (T\u00e9l\u00e9chargements Heliocos).<\/p>\n","protected":false},"excerpt":{"rendered":"<p>Vis de cicatrisation adapt\u00e9s aux implants Nobel Biocare\u00ae avec connexion conique interne. Les vis de cicatrisation ont une forme conique. Pour que vous puissiez facilement distinguer les produits, ils sont marqu\u00e9s au laser en haut. Le marquage laser vous donne des informations sur le syst\u00e8me implantaire, la plateforme et la hauteur gingivale. Vous pouvez choisir [&hellip;]<\/p>\n","protected":false},"featured_media":25526,"template":"","meta":[],"product_brand":[],"product_cat":[242],"product_tag":[175],"class_list":{"0":"post-25559","1":"product","2":"type-product","3":"status-publish","4":"has-post-thumbnail","6":"product_cat-nobelactive-nobelreplace-cc-fr","7":"product_tag-pilier-de-cicatrisation","9":"first","10":"instock","11":"taxable","12":"shipping-taxable","13":"purchasable","14":"product-type-variable","15":"rtwpvg-product"},"_links":{"self":[{"href":"https:\/\/shop.heliocos.de\/fr\/wp-json\/wp\/v2\/product\/25559","targetHints":{"allow":["GET"]}}],"collection":[{"href":"https:\/\/shop.heliocos.de\/fr\/wp-json\/wp\/v2\/product"}],"about":[{"href":"https:\/\/shop.heliocos.de\/fr\/wp-json\/wp\/v2\/types\/product"}],"wp:featuredmedia":[{"embeddable":true,"href":"https:\/\/shop.heliocos.de\/fr\/wp-json\/wp\/v2\/media\/25526"}],"wp:attachment":[{"href":"https:\/\/shop.heliocos.de\/fr\/wp-json\/wp\/v2\/media?parent=25559"}],"wp:term":[{"taxonomy":"product_brand","embeddable":true,"href":"https:\/\/shop.heliocos.de\/fr\/wp-json\/wp\/v2\/product_brand?post=25559"},{"taxonomy":"product_cat","embeddable":true,"href":"https:\/\/shop.heliocos.de\/fr\/wp-json\/wp\/v2\/product_cat?post=25559"},{"taxonomy":"product_tag","embeddable":true,"href":"https:\/\/shop.heliocos.de\/fr\/wp-json\/wp\/v2\/product_tag?post=25559"}],"curies":[{"name":"wp","href":"https:\/\/api.w.org\/{rel}","templated":true}]}}