{"id":25418,"date":"2020-09-17T09:44:06","date_gmt":"2020-09-17T07:44:06","guid":{"rendered":"http:\/\/shop.heliocos.de\/produkt\/non%20class\u00e9\/pilier-angule-6\/"},"modified":"2021-01-20T15:42:34","modified_gmt":"2021-01-20T14:42:34","slug":"pilier-angule-6","status":"publish","type":"product","link":"https:\/\/shop.heliocos.de\/fr\/produit\/straumann-fr-2\/tissue-level-fr\/pilier-angule-6\/","title":{"rendered":"Pilier angul\u00e9 pour Straumann\u00ae &#8211; Tissue Level"},"content":{"rendered":"<p>Pilier angul\u00e9 pour correspondre \u00e0 Straumann\u00ae &#8211; Tissue Level. La partie secondaire coud\u00e9e est en alliage de titane. Cela garantit une excellente biocompatibilit\u00e9 et une r\u00e9sistance \u00e9lev\u00e9e. Les piliers angul\u00e9s sont s\u00e9curis\u00e9s contre la rotation et destin\u00e9s \u00e0 une restauration ciment\u00e9e. La partie secondaire coud\u00e9e se caract\u00e9rise par une connexion de haute pr\u00e9cision. C&rsquo;est pourquoi nous offrons une garantie fabricant de 30 ans sur les piliers angul\u00e9s.<\/p>\n<p>Les piliers angul\u00e9s sont livr\u00e9s avec une vis de pilier d\u00e9finitive. La vis de pilier est \u00e9galement en alliage de titane. Vous pouvez continuer \u00e0 utiliser vos instruments d&rsquo;origine ou utiliser des instruments d&rsquo;Heliocos. Le pilier coud\u00e9 et la vis de pilier sont livr\u00e9s en kit. Les pi\u00e8ces ne sont pas st\u00e9riles et vous devez retraiter les produits avant utilisation. Veuillez vous r\u00e9f\u00e9rer aux instructions Heliocos dans le mode d&#8217;emploi (T\u00e9l\u00e9chargements Heliocos).<\/p>\n","protected":false},"excerpt":{"rendered":"<p>Pilier angul\u00e9 pour correspondre \u00e0 Straumann\u00ae &#8211; Tissue Level. La partie secondaire coud\u00e9e est en alliage de titane. Cela garantit une excellente biocompatibilit\u00e9 et une r\u00e9sistance \u00e9lev\u00e9e. Les piliers angul\u00e9s sont s\u00e9curis\u00e9s contre la rotation et destin\u00e9s \u00e0 une restauration ciment\u00e9e. La partie secondaire coud\u00e9e se caract\u00e9rise par une connexion de haute pr\u00e9cision. C&rsquo;est pourquoi [&hellip;]<\/p>\n","protected":false},"featured_media":25405,"template":"","meta":[],"product_brand":[],"product_cat":[247],"product_tag":[198],"class_list":{"0":"post-25418","1":"product","2":"type-product","3":"status-publish","4":"has-post-thumbnail","6":"product_cat-tissue-level-fr","7":"product_tag-pilier-angule","9":"first","10":"instock","11":"taxable","12":"shipping-taxable","13":"purchasable","14":"product-type-variable","15":"rtwpvg-product"},"_links":{"self":[{"href":"https:\/\/shop.heliocos.de\/fr\/wp-json\/wp\/v2\/product\/25418","targetHints":{"allow":["GET"]}}],"collection":[{"href":"https:\/\/shop.heliocos.de\/fr\/wp-json\/wp\/v2\/product"}],"about":[{"href":"https:\/\/shop.heliocos.de\/fr\/wp-json\/wp\/v2\/types\/product"}],"wp:featuredmedia":[{"embeddable":true,"href":"https:\/\/shop.heliocos.de\/fr\/wp-json\/wp\/v2\/media\/25405"}],"wp:attachment":[{"href":"https:\/\/shop.heliocos.de\/fr\/wp-json\/wp\/v2\/media?parent=25418"}],"wp:term":[{"taxonomy":"product_brand","embeddable":true,"href":"https:\/\/shop.heliocos.de\/fr\/wp-json\/wp\/v2\/product_brand?post=25418"},{"taxonomy":"product_cat","embeddable":true,"href":"https:\/\/shop.heliocos.de\/fr\/wp-json\/wp\/v2\/product_cat?post=25418"},{"taxonomy":"product_tag","embeddable":true,"href":"https:\/\/shop.heliocos.de\/fr\/wp-json\/wp\/v2\/product_tag?post=25418"}],"curies":[{"name":"wp","href":"https:\/\/api.w.org\/{rel}","templated":true}]}}