{"id":25132,"date":"2020-08-14T11:16:43","date_gmt":"2020-09-16T09:52:28","guid":{"rendered":"http:\/\/shop.heliocos.de\/?post_type=product&#038;p=25132"},"modified":"2021-08-24T12:47:13","modified_gmt":"2021-08-24T10:47:13","slug":"bouchon-en-titane-multi-unit","status":"publish","type":"product","link":"https:\/\/shop.heliocos.de\/fr\/produit\/multi-unit-fr\/bouchon-en-titane-multi-unit\/","title":{"rendered":"Bouchon en titane Multi-Unit"},"content":{"rendered":"<p>Bouchon en titane multi-unit avec vis pour piliers multi-unit. Les vis multi-unit sont disponibles avec diff\u00e9rentes connexions d&rsquo;instrument:<\/p>\n<p>Hex 1,01 = Ankylos\u00ae<\/p>\n<p>Hex 1,22 = Xive\u00ae S<\/p>\n<p>Hex 1,26 = Zimmer\u00ae, Camlog\u00ae, Astra Tech\u00ae<\/p>\n<p>Torx\u00ae T6 = Straumann\u00ae<\/p>\n<p>Unigrip = Nobel Biocare\u00ae.<\/p>\n<p>Le capuchon en titane est destin\u00e9 au proc\u00e9d\u00e9 conventionnel et peut \u00eatre r\u00e9duit. Le produit n&rsquo;est pas inclus dans la biblioth\u00e8que CAD \/ CAM.<\/p>\n<p>La coiffe en titane multi-unit convient \u00e0 tous les piliers multi-unit d&rsquo;Heliocos et peut donc \u00eatre utilis\u00e9e par tous les fabricants d&rsquo;implants. Le capuchon en titane est fabriqu\u00e9 \u00e0 partir d&rsquo;un alliage de titane. Il en r\u00e9sulte une excellente biocompatibilit\u00e9.<\/p>\n<p>Vous pouvez continuer \u00e0 utiliser vos instruments d&rsquo;origine ou instruments d&rsquo;Heliocos (instrument de vissage). La coiffe et la vis de pilier en titane sont livr\u00e9es en kit. Pr\u00e9parez les pi\u00e8ces avant utilisation. Veuillez vous r\u00e9f\u00e9rer aux instructions Heliocos dans le mode d&#8217;emploi (T\u00e9l\u00e9chargements Heliocos).<\/p>\n","protected":false},"excerpt":{"rendered":"<p>Bouchon en titane multi-unit avec vis pour piliers multi-unit. Les vis multi-unit sont disponibles avec diff\u00e9rentes connexions d&rsquo;instrument: Hex 1,01 = Ankylos\u00ae Hex 1,22 = Xive\u00ae S Hex 1,26 = Zimmer\u00ae, Camlog\u00ae, Astra Tech\u00ae Torx\u00ae T6 = Straumann\u00ae Unigrip = Nobel Biocare\u00ae. Le capuchon en titane est destin\u00e9 au proc\u00e9d\u00e9 conventionnel et peut \u00eatre r\u00e9duit. [&hellip;]<\/p>\n","protected":false},"featured_media":24920,"template":"","meta":[],"product_brand":[],"product_cat":[433],"product_tag":[530,558,269],"class_list":{"0":"post-25132","1":"product","2":"type-product","3":"status-publish","4":"has-post-thumbnail","6":"product_cat-multi-unit-fr","7":"product_tag-bouchon-en-titane","8":"product_tag-multi-unit-fr-2","9":"product_tag-pilier-multi-unit","11":"first","12":"instock","13":"taxable","14":"shipping-taxable","15":"purchasable","16":"product-type-variable","17":"rtwpvg-product"},"_links":{"self":[{"href":"https:\/\/shop.heliocos.de\/fr\/wp-json\/wp\/v2\/product\/25132","targetHints":{"allow":["GET"]}}],"collection":[{"href":"https:\/\/shop.heliocos.de\/fr\/wp-json\/wp\/v2\/product"}],"about":[{"href":"https:\/\/shop.heliocos.de\/fr\/wp-json\/wp\/v2\/types\/product"}],"wp:featuredmedia":[{"embeddable":true,"href":"https:\/\/shop.heliocos.de\/fr\/wp-json\/wp\/v2\/media\/24920"}],"wp:attachment":[{"href":"https:\/\/shop.heliocos.de\/fr\/wp-json\/wp\/v2\/media?parent=25132"}],"wp:term":[{"taxonomy":"product_brand","embeddable":true,"href":"https:\/\/shop.heliocos.de\/fr\/wp-json\/wp\/v2\/product_brand?post=25132"},{"taxonomy":"product_cat","embeddable":true,"href":"https:\/\/shop.heliocos.de\/fr\/wp-json\/wp\/v2\/product_cat?post=25132"},{"taxonomy":"product_tag","embeddable":true,"href":"https:\/\/shop.heliocos.de\/fr\/wp-json\/wp\/v2\/product_tag?post=25132"}],"curies":[{"name":"wp","href":"https:\/\/api.w.org\/{rel}","templated":true}]}}