{"id":25077,"date":"2020-08-14T09:11:36","date_gmt":"2020-09-16T09:33:32","guid":{"rendered":"http:\/\/shop.heliocos.de\/?post_type=product&#038;p=25077"},"modified":"2023-03-21T16:01:55","modified_gmt":"2023-03-21T15:01:55","slug":"vis-de-cicatrisation-11","status":"publish","type":"product","link":"https:\/\/shop.heliocos.de\/fr\/produit\/dentsply-fr\/xive-s-fr\/vis-de-cicatrisation-11\/","title":{"rendered":"Vis de cicatrisation pour Dentsply\u00ae \u2013 Xive\u00ae S"},"content":{"rendered":"<p>Forme gingivale adapt\u00e9e aux implants Dentsply\u00ae &#8211; Xive\u00ae S. Les vis de cicatrisation ont une forme conique, qui se fond ensuite dans une forme cylindrique. Pour que vous puissiez facilement distinguer les produits, ils sont marqu\u00e9s au laser. Le marquage laser vous donne des informations sur le syst\u00e8me implantaire, la plateforme et la hauteur gingivale. Vous pouvez choisir parmi diff\u00e9rentes hauteurs gingivales, en fonction de la situation du patient.<\/p>\n<p>Les vis de cicatrisation sont fabriqu\u00e9s \u00e0 partir d&rsquo;un alliage de titane. Cela leur conf\u00e8re une excellente biocompatibilit\u00e9.<\/p>\n<p>Serrez les pi\u00e8ces uniquement \u00e0 la main. Si vous souhaitez toujours utiliser un instrument, vous pouvez utiliser les instruments d&rsquo;origine. Sinon, utilisez simplement les instruments Heliocos (pilote Torx\u00ae).<\/p>\n<p>Les vis de cicatrisation sont livr\u00e9s non st\u00e9riles. Veuillez vous r\u00e9f\u00e9rer aux instructions Heliocos dans le mode d&#8217;emploi (T\u00e9l\u00e9chargements Heliocos).<\/p>\n","protected":false},"excerpt":{"rendered":"<p>Forme gingivale adapt\u00e9e aux implants Dentsply\u00ae &#8211; Xive\u00ae S. Les vis de cicatrisation ont une forme conique, qui se fond ensuite dans une forme cylindrique. Pour que vous puissiez facilement distinguer les produits, ils sont marqu\u00e9s au laser. Le marquage laser vous donne des informations sur le syst\u00e8me implantaire, la plateforme et la hauteur gingivale. [&hellip;]<\/p>\n","protected":false},"featured_media":25044,"template":"","meta":[],"product_brand":[],"product_cat":[229],"product_tag":[175],"class_list":{"0":"post-25077","1":"product","2":"type-product","3":"status-publish","4":"has-post-thumbnail","6":"product_cat-xive-s-fr","7":"product_tag-pilier-de-cicatrisation","9":"first","10":"instock","11":"taxable","12":"shipping-taxable","13":"purchasable","14":"product-type-variable","15":"rtwpvg-product"},"_links":{"self":[{"href":"https:\/\/shop.heliocos.de\/fr\/wp-json\/wp\/v2\/product\/25077","targetHints":{"allow":["GET"]}}],"collection":[{"href":"https:\/\/shop.heliocos.de\/fr\/wp-json\/wp\/v2\/product"}],"about":[{"href":"https:\/\/shop.heliocos.de\/fr\/wp-json\/wp\/v2\/types\/product"}],"wp:featuredmedia":[{"embeddable":true,"href":"https:\/\/shop.heliocos.de\/fr\/wp-json\/wp\/v2\/media\/25044"}],"wp:attachment":[{"href":"https:\/\/shop.heliocos.de\/fr\/wp-json\/wp\/v2\/media?parent=25077"}],"wp:term":[{"taxonomy":"product_brand","embeddable":true,"href":"https:\/\/shop.heliocos.de\/fr\/wp-json\/wp\/v2\/product_brand?post=25077"},{"taxonomy":"product_cat","embeddable":true,"href":"https:\/\/shop.heliocos.de\/fr\/wp-json\/wp\/v2\/product_cat?post=25077"},{"taxonomy":"product_tag","embeddable":true,"href":"https:\/\/shop.heliocos.de\/fr\/wp-json\/wp\/v2\/product_tag?post=25077"}],"curies":[{"name":"wp","href":"https:\/\/api.w.org\/{rel}","templated":true}]}}