{"id":25011,"date":"2020-08-14T08:58:31","date_gmt":"2020-09-16T09:59:30","guid":{"rendered":"http:\/\/shop.heliocos.de\/?post_type=product&#038;p=25011"},"modified":"2022-10-25T14:01:25","modified_gmt":"2022-10-25T12:01:25","slug":"coiffe-de-cicatrisation-multi-unit","status":"publish","type":"product","link":"https:\/\/shop.heliocos.de\/fr\/produit\/multi-unit-fr\/coiffe-de-cicatrisation-multi-unit\/","title":{"rendered":"Coiffe de cicatrisation Multi-Unit"},"content":{"rendered":"<p>Coiffes de cicatrisation pour piliers multi-unit. Les coiffes de cicatrisation sont de forme cylindrique. Les coiffes de cicatrisation sont disponibles avec diff\u00e9rentes connexions d&rsquo;instrument<\/p>\n<p>Hex 1,01 = Ankylos\u00ae<\/p>\n<p>Hex 1,22 = Xive\u00ae S<\/p>\n<p>Hex 1,26 = Zimmer\u00ae, Camlog\u00ae, Astra Tech\u00ae<\/p>\n<p>Torx\u00ae T6 = Straumann\u00ae<\/p>\n<p>Unigrip = Nobel Biocare\u00ae.<\/p>\n<p>Les coiffes de cicatrisation sont fabriqu\u00e9es \u00e0 partir d&rsquo;un alliage de titane. Cela leur conf\u00e8re une excellente biocompatibilit\u00e9.<\/p>\n<p>Serrez les pi\u00e8ces uniquement \u00e0 la main. Si vous souhaitez toujours utiliser un instrument, vous pouvez utiliser les instruments d&rsquo;origine. Sinon, utilisez simplement les instruments Heliocos (instrument de vissage).<\/p>\n<p>Les coiffes de cicatrisation sont livr\u00e9es non st\u00e9riles. Veuillez vous r\u00e9f\u00e9rer aux instructions Heliocos dans le mode d&#8217;emploi (T\u00e9l\u00e9chargements Heliocos).<\/p>\n","protected":false},"excerpt":{"rendered":"<p>Coiffes de cicatrisation pour piliers multi-unit. Les coiffes de cicatrisation sont de forme cylindrique. Les coiffes de cicatrisation sont disponibles avec diff\u00e9rentes connexions d&rsquo;instrument Hex 1,01 = Ankylos\u00ae Hex 1,22 = Xive\u00ae S Hex 1,26 = Zimmer\u00ae, Camlog\u00ae, Astra Tech\u00ae Torx\u00ae T6 = Straumann\u00ae Unigrip = Nobel Biocare\u00ae. Les coiffes de cicatrisation sont fabriqu\u00e9es \u00e0 [&hellip;]<\/p>\n","protected":false},"featured_media":24932,"template":"","meta":[],"product_brand":[],"product_cat":[433],"product_tag":[995,558],"class_list":{"0":"post-25011","1":"product","2":"type-product","3":"status-publish","4":"has-post-thumbnail","6":"product_cat-multi-unit-fr","7":"product_tag-coiffe-de-cicatrisation","8":"product_tag-multi-unit-fr-2","10":"first","11":"instock","12":"taxable","13":"shipping-taxable","14":"purchasable","15":"product-type-variable","16":"rtwpvg-product"},"_links":{"self":[{"href":"https:\/\/shop.heliocos.de\/fr\/wp-json\/wp\/v2\/product\/25011","targetHints":{"allow":["GET"]}}],"collection":[{"href":"https:\/\/shop.heliocos.de\/fr\/wp-json\/wp\/v2\/product"}],"about":[{"href":"https:\/\/shop.heliocos.de\/fr\/wp-json\/wp\/v2\/types\/product"}],"wp:featuredmedia":[{"embeddable":true,"href":"https:\/\/shop.heliocos.de\/fr\/wp-json\/wp\/v2\/media\/24932"}],"wp:attachment":[{"href":"https:\/\/shop.heliocos.de\/fr\/wp-json\/wp\/v2\/media?parent=25011"}],"wp:term":[{"taxonomy":"product_brand","embeddable":true,"href":"https:\/\/shop.heliocos.de\/fr\/wp-json\/wp\/v2\/product_brand?post=25011"},{"taxonomy":"product_cat","embeddable":true,"href":"https:\/\/shop.heliocos.de\/fr\/wp-json\/wp\/v2\/product_cat?post=25011"},{"taxonomy":"product_tag","embeddable":true,"href":"https:\/\/shop.heliocos.de\/fr\/wp-json\/wp\/v2\/product_tag?post=25011"}],"curies":[{"name":"wp","href":"https:\/\/api.w.org\/{rel}","templated":true}]}}