{"id":24982,"date":"2020-08-13T15:15:57","date_gmt":"2020-08-13T13:19:16","guid":{"rendered":"http:\/\/shop.heliocos.de\/?post_type=product&#038;p=24982"},"modified":"2021-07-21T11:37:20","modified_gmt":"2021-07-21T09:37:20","slug":"base-en-titane-multi-unit","status":"publish","type":"product","link":"https:\/\/shop.heliocos.de\/fr\/produit\/multi-unit-fr\/base-en-titane-multi-unit\/","title":{"rendered":"Base en titane Multi-Unit"},"content":{"rendered":"<p>Base en titane Multi-Unit avec vis pour piliers Multi-Unit. Les vis Multi-Unit sont disponibles avec diff\u00e9rentes connexions d&rsquo;instrument<\/p>\n<p>Hex 1,01 = Ankylos\u00ae<\/p>\n<p>Hex 1,22 = Xive\u00ae S<\/p>\n<p>Hex 1,26 = Zimmer\u00ae, Camlog\u00ae, Astra Tech\u00ae<\/p>\n<p>Torx\u00ae T6 = Straumann\u00ae<\/p>\n<p>Unigrip = Nobel Biocare\u00ae.<\/p>\n<p>La base en titane multi-unit convient \u00e0 tous les piliers multi-units d&rsquo;Heliocos et peut donc \u00eatre utilis\u00e9e par tous les fabricants d&rsquo;implants. La base en titane est en alliage de titane. Il en r\u00e9sulte une excellente biocompatibilit\u00e9. Le produit est contenu dans la biblioth\u00e8que multi-unit\u00e9s. Utilisez la <a href=\"http:\/\/shop.heliocos.de\/de\/produkt\/multi-unit\/scanbody-multi-unit\/\">Multi-Unit Scanbody<\/a> pour cela.<\/p>\n<p>Vous pouvez continuer \u00e0 utiliser vos instruments d&rsquo;origine ou des instruments Heliocos (<a href=\"https:\/\/shop.heliocos.de\/fr\/produkt\/instrumente-fr\/tournevis-unigrip\/\">tournevis UniGrip<\/a>). La base en titane et la vis de pilier sont livr\u00e9es en kit. Pr\u00e9parez les pi\u00e8ces avant utilisation. Veuillez vous r\u00e9f\u00e9rer aux instructions Heliocos dans le mode d&#8217;emploi (<a href=\"https:\/\/www.heliocos.com\/downloads\">T\u00e9l\u00e9chargements Heliocos<\/a>).<\/p>\n","protected":false},"excerpt":{"rendered":"<p>Base en titane Multi-Unit avec vis pour piliers Multi-Unit. Les vis Multi-Unit sont disponibles avec diff\u00e9rentes connexions d&rsquo;instrument Hex 1,01 = Ankylos\u00ae Hex 1,22 = Xive\u00ae S Hex 1,26 = Zimmer\u00ae, Camlog\u00ae, Astra Tech\u00ae Torx\u00ae T6 = Straumann\u00ae Unigrip = Nobel Biocare\u00ae. La base en titane multi-unit convient \u00e0 tous les piliers multi-units d&rsquo;Heliocos et [&hellip;]<\/p>\n","protected":false},"featured_media":24904,"template":"","meta":[],"product_brand":[],"product_cat":[433],"product_tag":[266,558],"class_list":{"0":"post-24982","1":"product","2":"type-product","3":"status-publish","4":"has-post-thumbnail","6":"product_cat-multi-unit-fr","7":"product_tag-base-en-titane","8":"product_tag-multi-unit-fr-2","10":"first","11":"instock","12":"taxable","13":"shipping-taxable","14":"purchasable","15":"product-type-variable","16":"rtwpvg-product"},"_links":{"self":[{"href":"https:\/\/shop.heliocos.de\/fr\/wp-json\/wp\/v2\/product\/24982","targetHints":{"allow":["GET"]}}],"collection":[{"href":"https:\/\/shop.heliocos.de\/fr\/wp-json\/wp\/v2\/product"}],"about":[{"href":"https:\/\/shop.heliocos.de\/fr\/wp-json\/wp\/v2\/types\/product"}],"wp:featuredmedia":[{"embeddable":true,"href":"https:\/\/shop.heliocos.de\/fr\/wp-json\/wp\/v2\/media\/24904"}],"wp:attachment":[{"href":"https:\/\/shop.heliocos.de\/fr\/wp-json\/wp\/v2\/media?parent=24982"}],"wp:term":[{"taxonomy":"product_brand","embeddable":true,"href":"https:\/\/shop.heliocos.de\/fr\/wp-json\/wp\/v2\/product_brand?post=24982"},{"taxonomy":"product_cat","embeddable":true,"href":"https:\/\/shop.heliocos.de\/fr\/wp-json\/wp\/v2\/product_cat?post=24982"},{"taxonomy":"product_tag","embeddable":true,"href":"https:\/\/shop.heliocos.de\/fr\/wp-json\/wp\/v2\/product_tag?post=24982"}],"curies":[{"name":"wp","href":"https:\/\/api.w.org\/{rel}","templated":true}]}}