{"id":24822,"date":"2020-08-11T14:45:17","date_gmt":"2020-08-14T06:51:15","guid":{"rendered":"http:\/\/shop.heliocos.de\/?post_type=product&#038;p=24822"},"modified":"2023-03-21T16:03:48","modified_gmt":"2023-03-21T15:03:48","slug":"vis-de-cicatrisation-10","status":"publish","type":"product","link":"https:\/\/shop.heliocos.de\/fr\/produit\/dentsply-fr\/ankylos-fr\/vis-de-cicatrisation-10\/","title":{"rendered":"Vis de cicatrisation pour Ankylos\u00ae"},"content":{"rendered":"<p>Forme gingivale adapt\u00e9e aux implants Dentsply\u00ae &#8211; Ankylos\u00ae. Les vis de cicatrisation ont une forme conique. Pour que vous puissiez facilement distinguer les produits, ils sont marqu\u00e9s au laser en haut. Le marquage laser vous donne des informations sur le syst\u00e8me implantaire, la plateforme et la hauteur gingivale. Vous pouvez choisir parmi diff\u00e9rentes hauteurs gingivales, en fonction de la situation du patient.<\/p>\n<p>Les vis de cicatrisation sont en alliage de titane. C&rsquo;est pourquoi ils ont une excellente biocompatibilit\u00e9.<\/p>\n<p>Serrez les pi\u00e8ces uniquement \u00e0 la main. Si vous souhaitez toujours utiliser un instrument, vous pouvez utiliser les instruments d&rsquo;origine. Sinon, utilisez simplement le tournevis Heliocos Hex.<\/p>\n<p>Les vis de cicatrisation sont fournis non st\u00e9riles, ils doivent donc encore \u00eatre retrait\u00e9s. Veuillez vous r\u00e9f\u00e9rer aux instructions Heliocos dans le mode d&#8217;emploi (T\u00e9l\u00e9chargements Heliocos).<\/p>\n","protected":false},"excerpt":{"rendered":"<p>Forme gingivale adapt\u00e9e aux implants Dentsply\u00ae &#8211; Ankylos\u00ae. Les vis de cicatrisation ont une forme conique. Pour que vous puissiez facilement distinguer les produits, ils sont marqu\u00e9s au laser en haut. Le marquage laser vous donne des informations sur le syst\u00e8me implantaire, la plateforme et la hauteur gingivale. Vous pouvez choisir parmi diff\u00e9rentes hauteurs gingivales, [&hellip;]<\/p>\n","protected":false},"featured_media":24814,"template":"","meta":[],"product_brand":[],"product_cat":[227],"product_tag":[175],"class_list":{"0":"post-24822","1":"product","2":"type-product","3":"status-publish","4":"has-post-thumbnail","6":"product_cat-ankylos-fr","7":"product_tag-pilier-de-cicatrisation","9":"first","10":"instock","11":"taxable","12":"shipping-taxable","13":"purchasable","14":"product-type-variable","15":"rtwpvg-product"},"_links":{"self":[{"href":"https:\/\/shop.heliocos.de\/fr\/wp-json\/wp\/v2\/product\/24822","targetHints":{"allow":["GET"]}}],"collection":[{"href":"https:\/\/shop.heliocos.de\/fr\/wp-json\/wp\/v2\/product"}],"about":[{"href":"https:\/\/shop.heliocos.de\/fr\/wp-json\/wp\/v2\/types\/product"}],"wp:featuredmedia":[{"embeddable":true,"href":"https:\/\/shop.heliocos.de\/fr\/wp-json\/wp\/v2\/media\/24814"}],"wp:attachment":[{"href":"https:\/\/shop.heliocos.de\/fr\/wp-json\/wp\/v2\/media?parent=24822"}],"wp:term":[{"taxonomy":"product_brand","embeddable":true,"href":"https:\/\/shop.heliocos.de\/fr\/wp-json\/wp\/v2\/product_brand?post=24822"},{"taxonomy":"product_cat","embeddable":true,"href":"https:\/\/shop.heliocos.de\/fr\/wp-json\/wp\/v2\/product_cat?post=24822"},{"taxonomy":"product_tag","embeddable":true,"href":"https:\/\/shop.heliocos.de\/fr\/wp-json\/wp\/v2\/product_tag?post=24822"}],"curies":[{"name":"wp","href":"https:\/\/api.w.org\/{rel}","templated":true}]}}