{"id":24672,"date":"2020-08-11T09:34:29","date_gmt":"2020-09-07T09:07:52","guid":{"rendered":"http:\/\/shop.heliocos.de\/?post_type=product&#038;p=24672"},"modified":"2023-03-21T16:05:29","modified_gmt":"2023-03-21T15:05:29","slug":"vis-de-cicatrisation-9","status":"publish","type":"product","link":"https:\/\/shop.heliocos.de\/fr\/produit\/straumann-fr-2\/tissue-level-fr\/vis-de-cicatrisation-9\/","title":{"rendered":"Vis de cicatrisation pour Straumann\u00ae \u2013 Tissue Level"},"content":{"rendered":"<p>Vis de cicatrisation adapt\u00e9s aux implants Straumann\u00ae &#8211; Tissue Level. Les vis de cicatrisation ont une forme cylindrique, qui se fond ensuite dans une forme cylindrique. Pour que vous puissiez facilement distinguer les produits, ils sont marqu\u00e9s au laser. Le marquage laser vous donne des informations sur le syst\u00e8me implantaire, la plateforme et la hauteur gingivale. Vous pouvez choisir parmi diff\u00e9rentes hauteurs gingivales, en fonction de la situation du patient.<\/p>\n<p>Les vis de cicatrisation sont fabriqu\u00e9s \u00e0 partir d&rsquo;un alliage de titane. Cela leur conf\u00e8re une excellente biocompatibilit\u00e9.<\/p>\n<p>Serrez les pi\u00e8ces uniquement \u00e0 la main. Si vous souhaitez toujours utiliser un instrument, vous pouvez utiliser les instruments d&rsquo;origine. Sinon, utilisez simplement les instruments Heliocos (pilote Torx\u00ae).<\/p>\n<p>Les vis de cicatrisation sont livr\u00e9s non st\u00e9riles. Veuillez noter les instructions d&rsquo;Heliocos dans le mode d&#8217;emploi (T\u00e9l\u00e9chargements Heliocos).<\/p>\n","protected":false},"excerpt":{"rendered":"<p>Vis de cicatrisation adapt\u00e9s aux implants Straumann\u00ae &#8211; Tissue Level. Les vis de cicatrisation ont une forme cylindrique, qui se fond ensuite dans une forme cylindrique. Pour que vous puissiez facilement distinguer les produits, ils sont marqu\u00e9s au laser. Le marquage laser vous donne des informations sur le syst\u00e8me implantaire, la plateforme et la hauteur [&hellip;]<\/p>\n","protected":false},"featured_media":24649,"template":"","meta":[],"product_brand":[],"product_cat":[247],"product_tag":[175],"class_list":{"0":"post-24672","1":"product","2":"type-product","3":"status-publish","4":"has-post-thumbnail","6":"product_cat-tissue-level-fr","7":"product_tag-pilier-de-cicatrisation","9":"first","10":"instock","11":"taxable","12":"shipping-taxable","13":"purchasable","14":"product-type-variable","15":"rtwpvg-product"},"_links":{"self":[{"href":"https:\/\/shop.heliocos.de\/fr\/wp-json\/wp\/v2\/product\/24672","targetHints":{"allow":["GET"]}}],"collection":[{"href":"https:\/\/shop.heliocos.de\/fr\/wp-json\/wp\/v2\/product"}],"about":[{"href":"https:\/\/shop.heliocos.de\/fr\/wp-json\/wp\/v2\/types\/product"}],"wp:featuredmedia":[{"embeddable":true,"href":"https:\/\/shop.heliocos.de\/fr\/wp-json\/wp\/v2\/media\/24649"}],"wp:attachment":[{"href":"https:\/\/shop.heliocos.de\/fr\/wp-json\/wp\/v2\/media?parent=24672"}],"wp:term":[{"taxonomy":"product_brand","embeddable":true,"href":"https:\/\/shop.heliocos.de\/fr\/wp-json\/wp\/v2\/product_brand?post=24672"},{"taxonomy":"product_cat","embeddable":true,"href":"https:\/\/shop.heliocos.de\/fr\/wp-json\/wp\/v2\/product_cat?post=24672"},{"taxonomy":"product_tag","embeddable":true,"href":"https:\/\/shop.heliocos.de\/fr\/wp-json\/wp\/v2\/product_tag?post=24672"}],"curies":[{"name":"wp","href":"https:\/\/api.w.org\/{rel}","templated":true}]}}