{"id":23584,"date":"2020-07-15T10:38:02","date_gmt":"2020-07-23T13:47:03","guid":{"rendered":"http:\/\/shop.heliocos.de\/?post_type=product&#038;p=23584"},"modified":"2021-06-24T09:22:25","modified_gmt":"2021-06-24T07:22:25","slug":"analogue-dimplant-16","status":"publish","type":"product","link":"https:\/\/shop.heliocos.de\/fr\/produit\/heli-loc-fr\/analogue-dimplant-16\/","title":{"rendered":"Analogue d&rsquo;implant Heli-Loc"},"content":{"rendered":"<p>Analogue de laboratoire adapt\u00e9 aux produits compatibles classic\u00a0 Locator\u00ae et classic Locator\u00ae. Chaque analogue de laboratoire mesure 12 mm de long, ce qui facilite son utilisation.<\/p>\n<p>Tous les analogues de laboratoire sont fabriqu\u00e9s \u00e0 partir d&rsquo;un alliage de titane.<\/p>\n<p>Profitez du rapport qualit\u00e9-prix attractif des Heliocos Analogs, c&rsquo;est pourquoi nous proposons des prix \u00e9chelonn\u00e9s. Dans un paquet de 10, l&rsquo;analogue de laboratoire co\u00fbte 9 EUR chacun, dans un paquet de 30 l&rsquo;analogue de laboratoire co\u00fbte 8 EUR chacun.<\/p>\n","protected":false},"excerpt":{"rendered":"<p>Analogue de laboratoire adapt\u00e9 aux produits compatibles classic\u00a0 Locator\u00ae et classic Locator\u00ae. Chaque analogue de laboratoire mesure 12 mm de long, ce qui facilite son utilisation. Tous les analogues de laboratoire sont fabriqu\u00e9s \u00e0 partir d&rsquo;un alliage de titane. Profitez du rapport qualit\u00e9-prix attractif des Heliocos Analogs, c&rsquo;est pourquoi nous proposons des prix \u00e9chelonn\u00e9s. Dans [&hellip;]<\/p>\n","protected":false},"featured_media":23583,"template":"","meta":[],"product_brand":[],"product_cat":[432],"product_tag":[260],"class_list":{"0":"post-23584","1":"product","2":"type-product","3":"status-publish","4":"has-post-thumbnail","6":"product_cat-heli-loc-fr","7":"product_tag-analogue-dimplant","9":"first","10":"instock","11":"taxable","12":"shipping-taxable","13":"purchasable","14":"product-type-simple"},"_links":{"self":[{"href":"https:\/\/shop.heliocos.de\/fr\/wp-json\/wp\/v2\/product\/23584","targetHints":{"allow":["GET"]}}],"collection":[{"href":"https:\/\/shop.heliocos.de\/fr\/wp-json\/wp\/v2\/product"}],"about":[{"href":"https:\/\/shop.heliocos.de\/fr\/wp-json\/wp\/v2\/types\/product"}],"wp:featuredmedia":[{"embeddable":true,"href":"https:\/\/shop.heliocos.de\/fr\/wp-json\/wp\/v2\/media\/23583"}],"wp:attachment":[{"href":"https:\/\/shop.heliocos.de\/fr\/wp-json\/wp\/v2\/media?parent=23584"}],"wp:term":[{"taxonomy":"product_brand","embeddable":true,"href":"https:\/\/shop.heliocos.de\/fr\/wp-json\/wp\/v2\/product_brand?post=23584"},{"taxonomy":"product_cat","embeddable":true,"href":"https:\/\/shop.heliocos.de\/fr\/wp-json\/wp\/v2\/product_cat?post=23584"},{"taxonomy":"product_tag","embeddable":true,"href":"https:\/\/shop.heliocos.de\/fr\/wp-json\/wp\/v2\/product_tag?post=23584"}],"curies":[{"name":"wp","href":"https:\/\/api.w.org\/{rel}","templated":true}]}}