{"id":23531,"date":"2020-07-10T11:32:18","date_gmt":"2020-09-24T07:07:02","guid":{"rendered":"http:\/\/shop.heliocos.de\/?post_type=product&#038;p=23531"},"modified":"2021-03-04T10:39:37","modified_gmt":"2021-03-04T09:39:37","slug":"multi-unit-abutment-6","status":"publish","type":"product","link":"https:\/\/shop.heliocos.de\/fr\/produit\/straumann-fr-2\/bone-level-fr\/multi-unit-abutment-6\/","title":{"rendered":"Pilier Multi-Unit pour Straumann\u00ae &#8211; Bone Level"},"content":{"rendered":"<p>Pilier multi-unit pour barres viss\u00e9es adapt\u00e9 \u00e0 Straumann\u00ae &#8211; Bone Level. La conception de la chemin\u00e9e des piliers multi-\u00e9l\u00e9ments est identique sur toutes les plates-formes. Vous pouvez fournir diff\u00e9rents syst\u00e8mes d&rsquo;implants avec les piliers multi-unit d&rsquo;Heliocos. Vous pouvez choisir parmi diff\u00e9rentes hauteurs gingivales. Un excellent rapport qualit\u00e9-prix avec une garantie constructeur de 30 ans.<\/p>\n<p>Nous fabriquons le multi-unit \u00e0 partir d&rsquo;un alliage de titane. En cons\u00e9quence, ils ont une biocompatibilit\u00e9 prouv\u00e9e et une excellente r\u00e9sistance m\u00e9canique. Les piliers multi-unit sont con\u00e7us avec un c\u00f4ne court afin de pouvoir \u00e9galement \u00eatre utilis\u00e9s lorsque l&rsquo;espace est limit\u00e9. La conception des piliers multi-unit est bas\u00e9e sur le principe All-on-4\u00ae.<\/p>\n<p>Vous pouvez choisir parmi une vaste gamme de pi\u00e8ces tertiaires pour les piliers multi-unit. Utilisez la cha\u00eene de processus CAD \/ CAM (multi-unit \u00e0 base de titane) ou un flux de travail conventionnel (multi-unit \u00e0 capuchon en titane)<\/p>\n<p>Les biblioth\u00e8ques Heliocos vous offrent une libert\u00e9 maximale dans la conception de barres viss\u00e9es. Soit vous concevez votre travail sur des bases en titane, soit sur une solution directement viss\u00e9e. Avec Heliocos, le choix vous appartient. Vous pouvez facilement t\u00e9l\u00e9charger les biblioth\u00e8ques \u00e0 partir du site Web Heliocos (T\u00e9l\u00e9chargements Heliocos).<\/p>\n<p>Nous vous recommandons d&rsquo;effectuer le scan et l&#8217;empreinte au niveau du pilier. Nous livrons les piliers multi-unit avec une aide \u00e0 l&rsquo;insertion pratique. Cela vous permet de les annoncer facilement. Les pi\u00e8ces sont livr\u00e9es non st\u00e9riles. Veuillez vous r\u00e9f\u00e9rer aux instructions Heliocos dans le mode d&#8217;emploi (T\u00e9l\u00e9chargements Heliocos). Utilisez l&rsquo;outil d&rsquo;insertion multi-unit pour une insertion facile des piliers multi-unit.<\/p>\n","protected":false},"excerpt":{"rendered":"<p>Pilier multi-unit pour barres viss\u00e9es adapt\u00e9 \u00e0 Straumann\u00ae &#8211; Bone Level. La conception de la chemin\u00e9e des piliers multi-\u00e9l\u00e9ments est identique sur toutes les plates-formes. Vous pouvez fournir diff\u00e9rents syst\u00e8mes d&rsquo;implants avec les piliers multi-unit d&rsquo;Heliocos. Vous pouvez choisir parmi diff\u00e9rentes hauteurs gingivales. Un excellent rapport qualit\u00e9-prix avec une garantie constructeur de 30 ans. Nous [&hellip;]<\/p>\n","protected":false},"featured_media":23521,"template":"","meta":[],"product_brand":[],"product_cat":[246],"product_tag":[269],"class_list":{"0":"post-23531","1":"product","2":"type-product","3":"status-publish","4":"has-post-thumbnail","6":"product_cat-bone-level-fr","7":"product_tag-pilier-multi-unit","9":"first","10":"instock","11":"taxable","12":"shipping-taxable","13":"purchasable","14":"product-type-variable","15":"rtwpvg-product"},"_links":{"self":[{"href":"https:\/\/shop.heliocos.de\/fr\/wp-json\/wp\/v2\/product\/23531","targetHints":{"allow":["GET"]}}],"collection":[{"href":"https:\/\/shop.heliocos.de\/fr\/wp-json\/wp\/v2\/product"}],"about":[{"href":"https:\/\/shop.heliocos.de\/fr\/wp-json\/wp\/v2\/types\/product"}],"wp:featuredmedia":[{"embeddable":true,"href":"https:\/\/shop.heliocos.de\/fr\/wp-json\/wp\/v2\/media\/23521"}],"wp:attachment":[{"href":"https:\/\/shop.heliocos.de\/fr\/wp-json\/wp\/v2\/media?parent=23531"}],"wp:term":[{"taxonomy":"product_brand","embeddable":true,"href":"https:\/\/shop.heliocos.de\/fr\/wp-json\/wp\/v2\/product_brand?post=23531"},{"taxonomy":"product_cat","embeddable":true,"href":"https:\/\/shop.heliocos.de\/fr\/wp-json\/wp\/v2\/product_cat?post=23531"},{"taxonomy":"product_tag","embeddable":true,"href":"https:\/\/shop.heliocos.de\/fr\/wp-json\/wp\/v2\/product_tag?post=23531"}],"curies":[{"name":"wp","href":"https:\/\/api.w.org\/{rel}","templated":true}]}}