{"id":23456,"date":"2020-06-30T22:09:38","date_gmt":"2020-06-30T20:09:38","guid":{"rendered":"http:\/\/shop.heliocos.de\/produkt\/non%20class\u00e9\/pilier-individuel-9\/"},"modified":"2020-11-13T12:43:22","modified_gmt":"2020-11-13T11:43:22","slug":"pilier-individuel-9","status":"publish","type":"product","link":"https:\/\/shop.heliocos.de\/fr\/produit\/camlog-fr\/screw-line-root-line2-fr\/pilier-individuel-9\/","title":{"rendered":"Pilier individuel pour Camlog\u00ae"},"content":{"rendered":"<p>Pilier individuel pour Camlog\u00ae en titane grade 5. Profitez de l&rsquo;opportunit\u00e9 d&rsquo;ins\u00e9rer des piliers individuellement pour chaque patient.<\/p>\n<p>Les piliers individuels sont frais\u00e9s sur la base de vos donn\u00e9es CAO. Nous utilisons les \u00e9bauches de fraisage certifi\u00e9es CE d&rsquo;Heliocos.<\/p>\n<p>Utilisez le scanbody pour Camlog\u00ae et les biblioth\u00e8ques CAO d&rsquo;Heliocos pour obtenir les meilleurs r\u00e9sultats. Nous vous livrons les piliers individuels non st\u00e9riles, vous devez donc suivre les instructions de retraitement d&rsquo;Heliocos dans le mode d&#8217;emploi (t\u00e9l\u00e9chargements Heliocos).<\/p>\n<p>Un pilier individuel est livr\u00e9 en kit avec une vis de pilier d\u00e9finie. La vis de pilier est \u00e9galement en alliage de titane. Vous pouvez continuer \u00e0 utiliser vos instruments d&rsquo;origine ou des instruments Heliocos (tournevis hexagonal).<\/p>\n<p>Nous emballons individuellement les piliers individuels et y attachons des \u00e9tiquettes patient. Vous pouvez donc facilement attribuer les piliers.<\/p>\n","protected":false},"excerpt":{"rendered":"<p>Pilier individuel pour Camlog\u00ae en titane grade 5. Profitez de l&rsquo;opportunit\u00e9 d&rsquo;ins\u00e9rer des piliers individuellement pour chaque patient. Les piliers individuels sont frais\u00e9s sur la base de vos donn\u00e9es CAO. Nous utilisons les \u00e9bauches de fraisage certifi\u00e9es CE d&rsquo;Heliocos. Utilisez le scanbody pour Camlog\u00ae et les biblioth\u00e8ques CAO d&rsquo;Heliocos pour obtenir les meilleurs r\u00e9sultats. Nous [&hellip;]<\/p>\n","protected":false},"featured_media":23457,"template":"","meta":[],"product_brand":[],"product_cat":[225],"product_tag":[258],"class_list":{"0":"post-23456","1":"product","2":"type-product","3":"status-publish","4":"has-post-thumbnail","6":"product_cat-screw-line-root-line2-fr","7":"product_tag-pilier-individuel","9":"first","10":"outofstock","11":"taxable","12":"shipping-taxable","13":"purchasable","14":"product-type-variable","15":"rtwpvg-product"},"_links":{"self":[{"href":"https:\/\/shop.heliocos.de\/fr\/wp-json\/wp\/v2\/product\/23456","targetHints":{"allow":["GET"]}}],"collection":[{"href":"https:\/\/shop.heliocos.de\/fr\/wp-json\/wp\/v2\/product"}],"about":[{"href":"https:\/\/shop.heliocos.de\/fr\/wp-json\/wp\/v2\/types\/product"}],"wp:featuredmedia":[{"embeddable":true,"href":"https:\/\/shop.heliocos.de\/fr\/wp-json\/wp\/v2\/media\/23457"}],"wp:attachment":[{"href":"https:\/\/shop.heliocos.de\/fr\/wp-json\/wp\/v2\/media?parent=23456"}],"wp:term":[{"taxonomy":"product_brand","embeddable":true,"href":"https:\/\/shop.heliocos.de\/fr\/wp-json\/wp\/v2\/product_brand?post=23456"},{"taxonomy":"product_cat","embeddable":true,"href":"https:\/\/shop.heliocos.de\/fr\/wp-json\/wp\/v2\/product_cat?post=23456"},{"taxonomy":"product_tag","embeddable":true,"href":"https:\/\/shop.heliocos.de\/fr\/wp-json\/wp\/v2\/product_tag?post=23456"}],"curies":[{"name":"wp","href":"https:\/\/api.w.org\/{rel}","templated":true}]}}