{"id":23447,"date":"2020-06-30T22:09:50","date_gmt":"2020-06-30T20:09:50","guid":{"rendered":"http:\/\/shop.heliocos.de\/produkt\/non%20class\u00e9\/pilier-individuel-8\/"},"modified":"2020-11-17T12:14:06","modified_gmt":"2020-11-17T11:14:06","slug":"pilier-individuel-8","status":"publish","type":"product","link":"https:\/\/shop.heliocos.de\/fr\/produit\/camlog-fr\/conelog-fr\/pilier-individuel-8\/","title":{"rendered":"Pilier individuel pour Conelog\u00ae"},"content":{"rendered":"<p>Tiges d&#8217;empreinte pour implants Conelog\u00ae pour empreintes ouvertes et ferm\u00e9es. Avec les piliers d&#8217;empreinte ferm\u00e9s, vous pouvez \u00e9galement choisir entre une version courte et une version longue.<\/p>\n<p>Les piliers d&#8217;empreinte sont en alliage de titane et cod\u00e9s par couleur, vous pouvez donc les attribuer facilement.<\/p>\n<p>Vous obtenez les piliers d&#8217;empreinte comme un ensemble avec une vis. Si n\u00e9cessaire, vous pouvez retraiter le poste d&#8217;empreinte aussi souvent que vous le souhaitez. Vous recevez la tige d&#8217;empreinte non st\u00e9rile, vous devez donc suivre les instructions de retraitement d&rsquo;Heliocos dans le mode d&#8217;emploi (T\u00e9l\u00e9chargements Heliocos).<\/p>\n<p>Vous n&rsquo;\u00eates pas autoris\u00e9 \u00e0 retraiter les bouchons de r\u00e9duction apr\u00e8s utilisation, vous pouvez donc les r\u00e9organiser.<\/p>\n","protected":false},"excerpt":{"rendered":"<p>Tiges d&#8217;empreinte pour implants Conelog\u00ae pour empreintes ouvertes et ferm\u00e9es. Avec les piliers d&#8217;empreinte ferm\u00e9s, vous pouvez \u00e9galement choisir entre une version courte et une version longue. Les piliers d&#8217;empreinte sont en alliage de titane et cod\u00e9s par couleur, vous pouvez donc les attribuer facilement. Vous obtenez les piliers d&#8217;empreinte comme un ensemble avec une [&hellip;]<\/p>\n","protected":false},"featured_media":23448,"template":"","meta":[],"product_brand":[],"product_cat":[197],"product_tag":[258],"class_list":{"0":"post-23447","1":"product","2":"type-product","3":"status-publish","4":"has-post-thumbnail","6":"product_cat-conelog-fr","7":"product_tag-pilier-individuel","9":"first","10":"outofstock","11":"taxable","12":"shipping-taxable","13":"purchasable","14":"product-type-variable","15":"rtwpvg-product"},"_links":{"self":[{"href":"https:\/\/shop.heliocos.de\/fr\/wp-json\/wp\/v2\/product\/23447","targetHints":{"allow":["GET"]}}],"collection":[{"href":"https:\/\/shop.heliocos.de\/fr\/wp-json\/wp\/v2\/product"}],"about":[{"href":"https:\/\/shop.heliocos.de\/fr\/wp-json\/wp\/v2\/types\/product"}],"wp:featuredmedia":[{"embeddable":true,"href":"https:\/\/shop.heliocos.de\/fr\/wp-json\/wp\/v2\/media\/23448"}],"wp:attachment":[{"href":"https:\/\/shop.heliocos.de\/fr\/wp-json\/wp\/v2\/media?parent=23447"}],"wp:term":[{"taxonomy":"product_brand","embeddable":true,"href":"https:\/\/shop.heliocos.de\/fr\/wp-json\/wp\/v2\/product_brand?post=23447"},{"taxonomy":"product_cat","embeddable":true,"href":"https:\/\/shop.heliocos.de\/fr\/wp-json\/wp\/v2\/product_cat?post=23447"},{"taxonomy":"product_tag","embeddable":true,"href":"https:\/\/shop.heliocos.de\/fr\/wp-json\/wp\/v2\/product_tag?post=23447"}],"curies":[{"name":"wp","href":"https:\/\/api.w.org\/{rel}","templated":true}]}}