{"id":23445,"date":"2020-06-30T22:09:56","date_gmt":"2020-06-30T20:09:56","guid":{"rendered":"http:\/\/shop.heliocos.de\/produkt\/non%20class\u00e9\/pilier-individuel-7\/"},"modified":"2020-11-13T10:07:25","modified_gmt":"2020-11-13T09:07:25","slug":"pilier-individuel-7","status":"publish","type":"product","link":"https:\/\/shop.heliocos.de\/fr\/produit\/dentsply-fr\/ankylos-fr\/pilier-individuel-7\/","title":{"rendered":"Pilier individuel pour Ankylos\u00ae"},"content":{"rendered":"<p>Pilier sp\u00e9cifique au patient pour Dentsply\u00ae &#8211; Ankylos\u00ae en titane grade 5. Profitez de l&rsquo;opportunit\u00e9 d&rsquo;utiliser des piliers individuellement pour chaque patient.<\/p>\n<p>Les piliers individuels sont frais\u00e9s en fonction de vos donn\u00e9es CAO. Nous utilisons les \u00e9bauches de fraisage certifi\u00e9es CE d&rsquo;Heliocos.<\/p>\n<p>Utilisez les corps de num\u00e9risation (scanbody pour Ankylos\u00ae) et les biblioth\u00e8ques de CAO d&rsquo;Heliocos pour obtenir le meilleur r\u00e9sultat possible. Nous vous livrons les piliers individuels non st\u00e9riles, vous devez donc suivre les instructions de retraitement d&rsquo;Heliocos dans le mode d&#8217;emploi (T\u00e9l\u00e9chargements Heliocos).<\/p>\n<p>Un pilier individuel est livr\u00e9 en kit avec une vis de pilier d\u00e9finie. La vis de pilier est \u00e9galement en alliage de titane. Vous pouvez continuer \u00e0 utiliser vos instruments d&rsquo;origine ou des instruments Heliocos (tournevis hexagonal).<\/p>\n<p>Nous emballons individuellement les piliers individuels et y attachons des \u00e9tiquettes patient. Vous pouvez donc facilement attribuer les piliers.<\/p>\n","protected":false},"excerpt":{"rendered":"<p>Pilier sp\u00e9cifique au patient pour Dentsply\u00ae &#8211; Ankylos\u00ae en titane grade 5. Profitez de l&rsquo;opportunit\u00e9 d&rsquo;utiliser des piliers individuellement pour chaque patient. Les piliers individuels sont frais\u00e9s en fonction de vos donn\u00e9es CAO. Nous utilisons les \u00e9bauches de fraisage certifi\u00e9es CE d&rsquo;Heliocos. Utilisez les corps de num\u00e9risation (scanbody pour Ankylos\u00ae) et les biblioth\u00e8ques de CAO [&hellip;]<\/p>\n","protected":false},"featured_media":23446,"template":"","meta":[],"product_brand":[],"product_cat":[227],"product_tag":[258],"class_list":{"0":"post-23445","1":"product","2":"type-product","3":"status-publish","4":"has-post-thumbnail","6":"product_cat-ankylos-fr","7":"product_tag-pilier-individuel","9":"first","10":"outofstock","11":"taxable","12":"shipping-taxable","13":"purchasable","14":"product-type-simple"},"_links":{"self":[{"href":"https:\/\/shop.heliocos.de\/fr\/wp-json\/wp\/v2\/product\/23445","targetHints":{"allow":["GET"]}}],"collection":[{"href":"https:\/\/shop.heliocos.de\/fr\/wp-json\/wp\/v2\/product"}],"about":[{"href":"https:\/\/shop.heliocos.de\/fr\/wp-json\/wp\/v2\/types\/product"}],"wp:featuredmedia":[{"embeddable":true,"href":"https:\/\/shop.heliocos.de\/fr\/wp-json\/wp\/v2\/media\/23446"}],"wp:attachment":[{"href":"https:\/\/shop.heliocos.de\/fr\/wp-json\/wp\/v2\/media?parent=23445"}],"wp:term":[{"taxonomy":"product_brand","embeddable":true,"href":"https:\/\/shop.heliocos.de\/fr\/wp-json\/wp\/v2\/product_brand?post=23445"},{"taxonomy":"product_cat","embeddable":true,"href":"https:\/\/shop.heliocos.de\/fr\/wp-json\/wp\/v2\/product_cat?post=23445"},{"taxonomy":"product_tag","embeddable":true,"href":"https:\/\/shop.heliocos.de\/fr\/wp-json\/wp\/v2\/product_tag?post=23445"}],"curies":[{"name":"wp","href":"https:\/\/api.w.org\/{rel}","templated":true}]}}