{"id":23397,"date":"2020-06-30T22:09:33","date_gmt":"2020-06-30T20:09:33","guid":{"rendered":"http:\/\/shop.heliocos.de\/produkt\/non%20class\u00e9\/pilier-massif-droit\/"},"modified":"2020-11-13T12:57:41","modified_gmt":"2020-11-13T11:57:41","slug":"pilier-massif-droit","status":"publish","type":"product","link":"https:\/\/shop.heliocos.de\/fr\/produit\/camlog-fr\/screw-line-root-line2-fr\/pilier-massif-droit\/","title":{"rendered":"Pilier massif droit pour Camlog\u00ae"},"content":{"rendered":"<p>Pilier plein droit pour implants Camlog\u00ae. Le pilier droit est en alliage de titane. Cela garantit une excellente biocompatibilit\u00e9 et une r\u00e9sistance \u00e9lev\u00e9e. Les piliers universels sont destin\u00e9s \u00e0 une restauration ciment\u00e9e. Le pilier droit se caract\u00e9rise par une connexion de haute pr\u00e9cision. C&rsquo;est pourquoi nous accordons une garantie constructeur de 30 ans sur les piliers droits.<\/p>\n<p>Les piliers pleins droits sont livr\u00e9s avec deux vis de pilier d\u00e9finitives. Les vis de pilier sont \u00e9galement en alliage de titane. Vous pouvez continuer \u00e0 utiliser vos instruments d&rsquo;origine ou utiliser les instruments d&rsquo;Heliocos. Les vis de pilier universelles droites et les vis de pilier sont fournies en kit. Pr\u00e9parez les pi\u00e8ces avant utilisation. Veuillez vous r\u00e9f\u00e9rer aux instructions Heliocos dans le mode d&#8217;emploi (T\u00e9l\u00e9chargements Heliocos).<\/p>\n<p>Vous pouvez \u00e9galement commander les instruments appropri\u00e9s pour les piliers droits adapt\u00e9s \u00e0 Camlog\u00ae (tournevis hexagonal).<\/p>\n","protected":false},"excerpt":{"rendered":"<p>Pilier plein droit pour implants Camlog\u00ae. Le pilier droit est en alliage de titane. Cela garantit une excellente biocompatibilit\u00e9 et une r\u00e9sistance \u00e9lev\u00e9e. Les piliers universels sont destin\u00e9s \u00e0 une restauration ciment\u00e9e. Le pilier droit se caract\u00e9rise par une connexion de haute pr\u00e9cision. C&rsquo;est pourquoi nous accordons une garantie constructeur de 30 ans sur les [&hellip;]<\/p>\n","protected":false},"featured_media":23398,"template":"","meta":[],"product_brand":[],"product_cat":[225],"product_tag":[263],"class_list":{"0":"post-23397","1":"product","2":"type-product","3":"status-publish","4":"has-post-thumbnail","6":"product_cat-screw-line-root-line2-fr","7":"product_tag-pilier-massif","9":"first","10":"instock","11":"taxable","12":"shipping-taxable","13":"purchasable","14":"product-type-variable","15":"rtwpvg-product"},"_links":{"self":[{"href":"https:\/\/shop.heliocos.de\/fr\/wp-json\/wp\/v2\/product\/23397","targetHints":{"allow":["GET"]}}],"collection":[{"href":"https:\/\/shop.heliocos.de\/fr\/wp-json\/wp\/v2\/product"}],"about":[{"href":"https:\/\/shop.heliocos.de\/fr\/wp-json\/wp\/v2\/types\/product"}],"wp:featuredmedia":[{"embeddable":true,"href":"https:\/\/shop.heliocos.de\/fr\/wp-json\/wp\/v2\/media\/23398"}],"wp:attachment":[{"href":"https:\/\/shop.heliocos.de\/fr\/wp-json\/wp\/v2\/media?parent=23397"}],"wp:term":[{"taxonomy":"product_brand","embeddable":true,"href":"https:\/\/shop.heliocos.de\/fr\/wp-json\/wp\/v2\/product_brand?post=23397"},{"taxonomy":"product_cat","embeddable":true,"href":"https:\/\/shop.heliocos.de\/fr\/wp-json\/wp\/v2\/product_cat?post=23397"},{"taxonomy":"product_tag","embeddable":true,"href":"https:\/\/shop.heliocos.de\/fr\/wp-json\/wp\/v2\/product_tag?post=23397"}],"curies":[{"name":"wp","href":"https:\/\/api.w.org\/{rel}","templated":true}]}}